{"id":238972,"date":"2021-12-07T11:53:17","date_gmt":"2021-12-07T11:53:17","guid":{"rendered":"https:\/\/dehispa.com\/our-partners\/"},"modified":"2021-12-09T09:34:44","modified_gmt":"2021-12-09T09:34:44","slug":"our-partners","status":"publish","type":"page","link":"https:\/\/dehispa.com\/en\/our-partners\/","title":{"rendered":"Our partners"},"content":{"rendered":"<p>[et_pb_section fb_built=&#8221;1&#8243; _builder_version=&#8221;4.9.4&#8243; _module_preset=&#8221;default&#8221; custom_padding=&#8221;0px|0px|0px|0px|false|false&#8221;][et_pb_row _builder_version=&#8221;4.9.4&#8243; _module_preset=&#8221;default&#8221; width=&#8221;100%&#8221; max_width=&#8221;100%&#8221; custom_padding=&#8221;0px||0px||false|false&#8221;][et_pb_column type=&#8221;4_4&#8243; _builder_version=&#8221;4.9.4&#8243; _module_preset=&#8221;default&#8221;][et_pb_cta title=&#8221;OUR PARTNERS&#8221; _builder_version=&#8221;4.9.4&#8243; _module_preset=&#8221;default&#8221; header_level=&#8221;h1&#8243; header_font_size=&#8221;40px&#8221; body_font_size=&#8221;18px&#8221; background_enable_color=&#8221;off&#8221; background_image=&#8221;https:\/\/dehispa.com\/wp-content\/uploads\/2021\/05\/cabecera-partners.jpg&#8221; text_orientation=&#8221;left&#8221; custom_padding=&#8221;250px|100px|150px|100px|false|true&#8221; header_text_shadow_style=&#8221;preset1&#8243; locked=&#8221;off&#8221;][\/et_pb_cta][\/et_pb_column][\/et_pb_row][\/et_pb_section][et_pb_section fb_built=&#8221;1&#8243; _builder_version=&#8221;4.9.4&#8243; _module_preset=&#8221;default&#8221; custom_margin=&#8221;100px||100px||true|false&#8221; custom_padding=&#8221;0px||||false|false&#8221;][et_pb_row _builder_version=&#8221;4.9.4&#8243; _module_preset=&#8221;default&#8221; width=&#8221;85%&#8221; max_width=&#8221;100%&#8221; custom_padding=&#8221;0px||0px||false|false&#8221;][et_pb_column type=&#8221;4_4&#8243; _builder_version=&#8221;4.9.4&#8243; _module_preset=&#8221;default&#8221;][et_pb_text _builder_version=&#8221;4.9.4&#8243; _module_preset=&#8221;default&#8221; text_orientation=&#8221;center&#8221; width=&#8221;80%&#8221; module_alignment=&#8221;center&#8221; custom_margin=&#8221;||100px||false|false&#8221;]<\/p>\n<p>At Dehispa we have a wide portfolio of proven partners, all of whom are leaders in their sector and provide us with the<br \/>\nmaximum guarantee of quality for our customers.<\/p>\n<p>[\/et_pb_text][et_pb_text module_class=&#8221;titulo&#8221; _builder_version=&#8221;4.9.4&#8243; _module_preset=&#8221;default&#8221; text_font=&#8221;|700|||||||&#8221; text_text_color=&#8221;#2c2c2c&#8221; text_font_size=&#8221;36px&#8221; text_line_height=&#8221;1.1em&#8221; custom_margin=&#8221;||||false|false&#8221; animation_style=&#8221;slide&#8221; animation_direction=&#8221;left&#8221; locked=&#8221;off&#8221;]<\/p>\n<p>OUR PARTNERS\u00a0<i class=\"demo-icon flecha-dehispaicon-\" aria-hidden=\"true\"><\/i><\/p>\n<p>[\/et_pb_text][et_pb_text _builder_version=&#8221;4.9.7&#8243; _module_preset=&#8221;default&#8221; hover_enabled=&#8221;0&#8243; sticky_enabled=&#8221;0&#8243;]<\/p>\n<table id=\"ejemplo\" class=\"table table-bordered table-hover text-center\">\n<tbody>\n<tr>\n<th><\/th>\n<th>Mining<\/th>\n<th>Infrastructure<\/th>\n<th>Industrial<\/th>\n<th>Energy<\/th>\n<th>Environment<\/th>\n<th>Agriculture<\/th>\n<\/tr>\n<tr>\n<td class=\"align-middle\"><img decoding=\"async\" src=\"\/wp-content\/uploads\/2021\/05\/logo-arco.jpg\" \/><\/td>\n<td class=\"align-middle\"><\/td>\n<td class=\"align-middle\"><i class=\"fa fa-circle\" aria-hidden=\"true\"><\/i><\/td>\n<td class=\"align-middle\"><\/td>\n<td class=\"align-middle\"><\/td>\n<td class=\"align-middle\"><\/td>\n<td class=\"align-middle\"><\/td>\n<\/tr>\n<tr>\n<td class=\"align-middle\"><img decoding=\"async\" src=\"\/wp-content\/uploads\/2021\/05\/logo-atlascopco.jpg\" \/><\/td>\n<td class=\"align-middle\"><i class=\"fa fa-circle\" aria-hidden=\"true\"><\/i><\/td>\n<td class=\"align-middle\"><i class=\"fa fa-circle\" aria-hidden=\"true\"><\/i><\/td>\n<td class=\"align-middle\"><i class=\"fa fa-circle\" aria-hidden=\"true\"><\/i><\/td>\n<td class=\"align-middle\"><i class=\"fa fa-circle\" aria-hidden=\"true\"><\/i><\/td>\n<td class=\"align-middle\"><\/td>\n<td class=\"align-middle\"><\/td>\n<\/tr>\n<tr>\n<td class=\"align-middle\"><img decoding=\"async\" src=\"\/wp-content\/uploads\/2021\/05\/logo-avioparts.jpg\" \/><\/td>\n<td class=\"align-middle\"><\/td>\n<td class=\"align-middle\"><\/td>\n<td class=\"align-middle\"><i class=\"fa fa-circle\" aria-hidden=\"true\"><\/i><\/td>\n<td class=\"align-middle\"><\/td>\n<td class=\"align-middle\"><\/td>\n<td class=\"align-middle\"><\/td>\n<\/tr>\n<tr>\n<td class=\"align-middle\"><img decoding=\"async\" src=\"\/wp-content\/uploads\/2021\/05\/logo-blaulain.jpg\" \/><\/td>\n<td class=\"align-middle\"><\/td>\n<td class=\"align-middle\"><\/td>\n<td class=\"align-middle\"><\/td>\n<td class=\"align-middle\"><\/td>\n<td class=\"align-middle\"><i class=\"fa fa-circle\" aria-hidden=\"true\"><\/i><\/td>\n<td class=\"align-middle\"><\/td>\n<\/tr>\n<tr>\n<td class=\"align-middle\"><img decoding=\"async\" src=\"\/wp-content\/uploads\/2021\/07\/logo-acredji.jpg\" \/><\/td>\n<td class=\"align-middle\"><i class=\"fa fa-circle\" aria-hidden=\"true\"><\/i><\/td>\n<td class=\"align-middle\"><i class=\"fa fa-circle\" aria-hidden=\"true\"><\/i><\/td>\n<td class=\"align-middle\"><\/td>\n<td class=\"align-middle\"><\/td>\n<td class=\"align-middle\"><\/td>\n<td class=\"align-middle\"><i class=\"fa fa-circle\" aria-hidden=\"true\"><\/i><\/td>\n<\/tr>\n<tr>\n<td class=\"align-middle\"><img decoding=\"async\" src=\"\/wp-content\/uploads\/2021\/05\/logo-dynapac.jpg\" \/><\/td>\n<td class=\"align-middle\"><\/td>\n<td class=\"align-middle\"><i class=\"fa fa-circle\" aria-hidden=\"true\"><\/i><\/td>\n<td class=\"align-middle\"><\/td>\n<td class=\"align-middle\"><\/td>\n<td class=\"align-middle\"><\/td>\n<td class=\"align-middle\"><\/td>\n<\/tr>\n<tr>\n<td class=\"align-middle\"><img decoding=\"async\" src=\"\/wp-content\/uploads\/2021\/05\/logo-epiroc.jpg\" \/><\/td>\n<td class=\"align-middle\"><i class=\"fa fa-circle\" aria-hidden=\"true\"><\/i><\/td>\n<td class=\"align-middle\"><i class=\"fa fa-circle\" aria-hidden=\"true\"><\/i><\/td>\n<td class=\"align-middle\"><\/td>\n<td class=\"align-middle\"><\/td>\n<td class=\"align-middle\"><\/td>\n<td class=\"align-middle\"><\/td>\n<\/tr>\n<tr>\n<td class=\"align-middle\"><img decoding=\"async\" src=\"\/wp-content\/uploads\/2021\/05\/logo-fatuve.jpg\" \/><\/td>\n<td class=\"align-middle\"><\/td>\n<td class=\"align-middle\"><\/td>\n<td class=\"align-middle\"><\/td>\n<td class=\"align-middle\"><\/td>\n<td class=\"align-middle\"><\/td>\n<td class=\"align-middle\"><\/td>\n<\/tr>\n<tr>\n<td class=\"align-middle\"><img decoding=\"async\" src=\"\/wp-content\/uploads\/2021\/05\/logo-hatz.jpg\" \/><\/td>\n<td class=\"align-middle\"><\/td>\n<td class=\"align-middle\"><\/td>\n<td class=\"align-middle\"><i class=\"fa fa-circle\" aria-hidden=\"true\"><\/i><\/td>\n<td class=\"align-middle\"><\/td>\n<td class=\"align-middle\"><\/td>\n<td class=\"align-middle\"><\/td>\n<\/tr>\n<tr>\n<td class=\"align-middle\"><img decoding=\"async\" src=\"\/wp-content\/uploads\/2021\/05\/logo-henkelhausen.jpg\" \/><\/td>\n<td class=\"align-middle\"><\/td>\n<td class=\"align-middle\"><\/td>\n<td class=\"align-middle\"><i class=\"fa fa-circle\" aria-hidden=\"true\"><\/i><\/td>\n<td class=\"align-middle\"><\/td>\n<td class=\"align-middle\"><\/td>\n<td class=\"align-middle\"><\/td>\n<\/tr>\n<tr>\n<td class=\"align-middle\"><img decoding=\"async\" src=\"\/wp-content\/uploads\/2021\/05\/logo-husqvarna.jpg\" \/><\/td>\n<td class=\"align-middle\"><\/td>\n<td class=\"align-middle\"><i class=\"fa fa-circle\" aria-hidden=\"true\"><\/i><\/td>\n<td class=\"align-middle\"><i class=\"fa fa-circle\" aria-hidden=\"true\"><\/i><\/td>\n<td class=\"align-middle\"><\/td>\n<td class=\"align-middle\"><\/td>\n<td class=\"align-middle\"><\/td>\n<\/tr>\n<tr>\n<td class=\"align-middle\"><img decoding=\"async\" src=\"\/wp-content\/uploads\/2021\/05\/logo-jetarco.jpg\" \/><\/td>\n<td class=\"align-middle\"><\/td>\n<td class=\"align-middle\"><i class=\"fa fa-circle\" aria-hidden=\"true\"><\/i><\/td>\n<td class=\"align-middle\"><i class=\"fa fa-circle\" aria-hidden=\"true\"><\/i><\/td>\n<td class=\"align-middle\"><\/td>\n<td class=\"align-middle\"><\/td>\n<td class=\"align-middle\"><\/td>\n<\/tr>\n<tr>\n<td class=\"align-middle\"><img decoding=\"async\" src=\"\/wp-content\/uploads\/2021\/05\/logo-lbcranes.jpg\" \/><\/td>\n<td class=\"align-middle\"><\/td>\n<td class=\"align-middle\"><i class=\"fa fa-circle\" aria-hidden=\"true\"><\/i><\/td>\n<td class=\"align-middle\"><i class=\"fa fa-circle\" aria-hidden=\"true\"><\/i><\/td>\n<td class=\"align-middle\"><\/td>\n<td class=\"align-middle\"><\/td>\n<td class=\"align-middle\"><\/td>\n<\/tr>\n<tr>\n<td class=\"align-middle\"><img decoding=\"async\" src=\"\/wp-content\/uploads\/2021\/05\/logo-leica.jpg\" \/><\/td>\n<td class=\"align-middle\"><i class=\"fa fa-circle\" aria-hidden=\"true\"><\/i><\/td>\n<td class=\"align-middle\"><i class=\"fa fa-circle\" aria-hidden=\"true\"><\/i><\/td>\n<td class=\"align-middle\"><\/td>\n<td class=\"align-middle\"><\/td>\n<td class=\"align-middle\"><\/td>\n<td class=\"align-middle\"><i class=\"fa fa-circle\" aria-hidden=\"true\"><\/i><\/td>\n<\/tr>\n<tr>\n<td class=\"align-middle\"><img decoding=\"async\" src=\"\/wp-content\/uploads\/2021\/05\/logo-marisan.jpg\" \/><\/td>\n<td class=\"align-middle\"><\/td>\n<td class=\"align-middle\"><\/td>\n<td class=\"align-middle\"><i class=\"fa fa-circle\" aria-hidden=\"true\"><\/i><\/td>\n<td class=\"align-middle\"><\/td>\n<td class=\"align-middle\"><\/td>\n<td class=\"align-middle\"><\/td>\n<\/tr>\n<tr>\n<td class=\"align-middle\"><img decoding=\"async\" src=\"\/wp-content\/uploads\/2021\/05\/logo-nitrotel.jpg\" \/><\/td>\n<td class=\"align-middle\"><\/td>\n<td class=\"align-middle\"><i class=\"fa fa-circle\" aria-hidden=\"true\"><\/i><\/td>\n<td class=\"align-middle\"><\/td>\n<td class=\"align-middle\"><\/td>\n<td class=\"align-middle\"><\/td>\n<td class=\"align-middle\"><\/td>\n<\/tr>\n<tr>\n<td class=\"align-middle\"><img decoding=\"async\" src=\"\/wp-content\/uploads\/2021\/05\/logo-nuba.jpg\" \/><\/td>\n<td class=\"align-middle\"><i class=\"fa fa-circle\" aria-hidden=\"true\"><\/i><\/td>\n<td class=\"align-middle\"><\/td>\n<td class=\"align-middle\"><\/td>\n<td class=\"align-middle\"><\/td>\n<td class=\"align-middle\"><\/td>\n<td class=\"align-middle\"><\/td>\n<\/tr>\n<tr>\n<td class=\"align-middle\"><img decoding=\"async\" src=\"\/wp-content\/uploads\/2021\/05\/logo-omnicomm.jpg\" \/><\/td>\n<td class=\"align-middle\"><\/td>\n<td class=\"align-middle\"><i class=\"fa fa-circle\" aria-hidden=\"true\"><\/i><\/td>\n<td class=\"align-middle\"><\/td>\n<td class=\"align-middle\"><i class=\"fa fa-circle\" aria-hidden=\"true\"><\/i><\/td>\n<td class=\"align-middle\"><\/td>\n<td class=\"align-middle\"><\/td>\n<\/tr>\n<tr>\n<td class=\"align-middle\"><img decoding=\"async\" src=\"\/wp-content\/uploads\/2021\/05\/logo-probst.jpg\" \/><\/td>\n<td class=\"align-middle\"><\/td>\n<td class=\"align-middle\"><i class=\"fa fa-circle\" aria-hidden=\"true\"><\/i><\/td>\n<td class=\"align-middle\"><\/td>\n<td class=\"align-middle\"><\/td>\n<td class=\"align-middle\"><\/td>\n<td class=\"align-middle\"><\/td>\n<\/tr>\n<tr>\n<td class=\"align-middle\"><img decoding=\"async\" src=\"\/wp-content\/uploads\/2021\/05\/logo-prominent.jpg\" \/><\/td>\n<td class=\"align-middle\"><\/td>\n<td class=\"align-middle\"><\/td>\n<td class=\"align-middle\"><\/td>\n<td class=\"align-middle\"><\/td>\n<td class=\"align-middle\"><i class=\"fa fa-circle\" aria-hidden=\"true\"><\/i><\/td>\n<td class=\"align-middle\"><\/td>\n<\/tr>\n<tr>\n<td class=\"align-middle\"><img decoding=\"async\" src=\"\/wp-content\/uploads\/2021\/05\/logo-blasters.jpg\" \/><\/td>\n<td class=\"align-middle\"><\/td>\n<td class=\"align-middle\"><\/td>\n<td class=\"align-middle\"><\/td>\n<td class=\"align-middle\"><\/td>\n<td class=\"align-middle\"><\/td>\n<td class=\"align-middle\"><\/td>\n<\/tr>\n<tr>\n<td class=\"align-middle\"><img decoding=\"async\" src=\"\/wp-content\/uploads\/2021\/05\/logo-schwing.jpg\" \/><\/td>\n<td class=\"align-middle\"><\/td>\n<td class=\"align-middle\"><i class=\"fa fa-circle\" aria-hidden=\"true\"><\/i><\/td>\n<td class=\"align-middle\"><\/td>\n<td class=\"align-middle\"><\/td>\n<td class=\"align-middle\"><\/td>\n<td class=\"align-middle\"><\/td>\n<\/tr>\n<tr>\n<td class=\"align-middle\"><img decoding=\"async\" src=\"\/wp-content\/uploads\/2021\/05\/logo-seba.jpg\" \/><\/td>\n<td class=\"align-middle\"><\/td>\n<td class=\"align-middle\"><i class=\"fa fa-circle\" aria-hidden=\"true\"><\/i><\/td>\n<td class=\"align-middle\"><\/td>\n<td class=\"align-middle\"><\/td>\n<td class=\"align-middle\"><i class=\"fa fa-circle\" aria-hidden=\"true\"><\/i><\/td>\n<td class=\"align-middle\"><\/td>\n<\/tr>\n<tr>\n<td class=\"align-middle\"><img decoding=\"async\" src=\"\/wp-content\/uploads\/2021\/05\/logo-tecso.jpg\" \/><\/td>\n<td class=\"align-middle\"><i class=\"fa fa-circle\" aria-hidden=\"true\"><\/i><\/td>\n<td class=\"align-middle\"><i class=\"fa fa-circle\" aria-hidden=\"true\"><\/i><\/td>\n<td class=\"align-middle\"><i class=\"fa fa-circle\" aria-hidden=\"true\"><\/i><\/td>\n<td class=\"align-middle\"><\/td>\n<td class=\"align-middle\"><\/td>\n<td class=\"align-middle\"><\/td>\n<\/tr>\n<tr>\n<td class=\"align-middle\"><img decoding=\"async\" src=\"\/wp-content\/uploads\/2021\/05\/logo-terraroc.jpg\" \/><\/td>\n<td class=\"align-middle\"><i class=\"fa fa-circle\" aria-hidden=\"true\"><\/i><\/td>\n<td class=\"align-middle\"><i class=\"fa fa-circle\" aria-hidden=\"true\"><\/i><\/td>\n<td class=\"align-middle\"><\/td>\n<td class=\"align-middle\"><\/td>\n<td class=\"align-middle\"><\/td>\n<td class=\"align-middle\"><\/td>\n<\/tr>\n<tr>\n<td class=\"align-middle\"><img decoding=\"async\" src=\"\/wp-content\/uploads\/2021\/05\/logo-weghgroup.jpg\" \/><\/td>\n<td class=\"align-middle\"><\/td>\n<td class=\"align-middle\"><i class=\"fa fa-circle\" aria-hidden=\"true\"><\/i><\/td>\n<td class=\"align-middle\"><i class=\"fa fa-circle\" aria-hidden=\"true\"><\/i><\/td>\n<td class=\"align-middle\"><\/td>\n<td class=\"align-middle\"><\/td>\n<td class=\"align-middle\"><\/td>\n<\/tr>\n<tr>\n<td class=\"align-middle\"><img decoding=\"async\" src=\"\/wp-content\/uploads\/2021\/05\/logo-zgr.jpg\" \/><\/td>\n<td class=\"align-middle\"><\/td>\n<td class=\"align-middle\"><\/td>\n<td class=\"align-middle\"><\/td>\n<td class=\"align-middle\"><i class=\"fa fa-circle\" aria-hidden=\"true\"><\/i><\/td>\n<td class=\"align-middle\"><i class=\"fa fa-circle\" aria-hidden=\"true\"><\/i><\/td>\n<td class=\"align-middle\"><\/td>\n<\/tr>\n<\/tbody>\n<\/table>\n<p>[\/et_pb_text][\/et_pb_column][\/et_pb_row][\/et_pb_section]<\/p>\n","protected":false},"excerpt":{"rendered":"<p>At Dehispa we have a wide portfolio of proven partners, all of whom are leaders in their sector and provide us with the maximum guarantee of quality for our customers.OUR PARTNERS\u00a0 Mining Infrastructure Industrial Energy Environment Agriculture<\/p>\n","protected":false},"author":1,"featured_media":0,"parent":0,"menu_order":0,"comment_status":"closed","ping_status":"closed","template":"","meta":{"_et_pb_use_builder":"on","_et_pb_old_content":"","_et_gb_content_width":""},"yoast_head":"<!-- This site is optimized with the Yoast SEO plugin v20.1 - https:\/\/yoast.com\/wordpress\/plugins\/seo\/ -->\n<title>Our partners - The Mining and Construction Company<\/title>\n<meta name=\"robots\" content=\"index, follow, max-snippet:-1, max-image-preview:large, max-video-preview:-1\" \/>\n<link rel=\"canonical\" href=\"https:\/\/dehispa.com\/en\/our-partners\/\" \/>\n<meta property=\"og:locale\" content=\"en_US\" \/>\n<meta property=\"og:type\" content=\"article\" \/>\n<meta property=\"og:title\" content=\"Our partners - The Mining and Construction Company\" \/>\n<meta property=\"og:url\" content=\"https:\/\/dehispa.com\/en\/our-partners\/\" \/>\n<meta property=\"og:site_name\" content=\"The Mining and Construction Company\" \/>\n<meta property=\"article:publisher\" content=\"https:\/\/www.facebook.com\/Dehispa.Oficial\/\" \/>\n<meta property=\"article:modified_time\" content=\"2021-12-09T09:34:44+00:00\" \/>\n<meta name=\"twitter:card\" content=\"summary_large_image\" \/>\n<meta name=\"twitter:label1\" content=\"Est. reading time\" \/>\n\t<meta name=\"twitter:data1\" content=\"1 minute\" \/>\n<script type=\"application\/ld+json\" class=\"yoast-schema-graph\">{\"@context\":\"https:\/\/schema.org\",\"@graph\":[{\"@type\":\"WebPage\",\"@id\":\"https:\/\/dehispa.com\/en\/our-partners\/\",\"url\":\"https:\/\/dehispa.com\/en\/our-partners\/\",\"name\":\"Our partners - The Mining and Construction Company\",\"isPartOf\":{\"@id\":\"https:\/\/dehispa.com\/es\/#website\"},\"datePublished\":\"2021-12-07T11:53:17+00:00\",\"dateModified\":\"2021-12-09T09:34:44+00:00\",\"breadcrumb\":{\"@id\":\"https:\/\/dehispa.com\/en\/our-partners\/#breadcrumb\"},\"inLanguage\":\"en-US\",\"potentialAction\":[{\"@type\":\"ReadAction\",\"target\":[\"https:\/\/dehispa.com\/en\/our-partners\/\"]}]},{\"@type\":\"BreadcrumbList\",\"@id\":\"https:\/\/dehispa.com\/en\/our-partners\/#breadcrumb\",\"itemListElement\":[{\"@type\":\"ListItem\",\"position\":1,\"name\":\"Portada\",\"item\":\"https:\/\/dehispa.com\/es\/\"},{\"@type\":\"ListItem\",\"position\":2,\"name\":\"Our partners\"}]},{\"@type\":\"WebSite\",\"@id\":\"https:\/\/dehispa.com\/es\/#website\",\"url\":\"https:\/\/dehispa.com\/es\/\",\"name\":\"Dehispa\",\"description\":\"Construcci\u00f3n, Miner\u00eda, Obra P\u00fablica e Industria\",\"publisher\":{\"@id\":\"https:\/\/dehispa.com\/es\/#organization\"},\"potentialAction\":[{\"@type\":\"SearchAction\",\"target\":{\"@type\":\"EntryPoint\",\"urlTemplate\":\"https:\/\/dehispa.com\/es\/?s={search_term_string}\"},\"query-input\":\"required name=search_term_string\"}],\"inLanguage\":\"en-US\"},{\"@type\":\"Organization\",\"@id\":\"https:\/\/dehispa.com\/es\/#organization\",\"name\":\"Dehispa\",\"url\":\"https:\/\/dehispa.com\/es\/\",\"logo\":{\"@type\":\"ImageObject\",\"inLanguage\":\"en-US\",\"@id\":\"https:\/\/dehispa.com\/es\/#\/schema\/logo\/image\/\",\"url\":\"https:\/\/dehispa.com\/wp-content\/uploads\/2021\/06\/logotipo.png\",\"contentUrl\":\"https:\/\/dehispa.com\/wp-content\/uploads\/2021\/06\/logotipo.png\",\"width\":160,\"height\":53,\"caption\":\"Dehispa\"},\"image\":{\"@id\":\"https:\/\/dehispa.com\/es\/#\/schema\/logo\/image\/\"},\"sameAs\":[\"https:\/\/www.facebook.com\/Dehispa.Oficial\/\"]}]}<\/script>\n<!-- \/ Yoast SEO plugin. -->","yoast_head_json":{"title":"Our partners - The Mining and Construction Company","robots":{"index":"index","follow":"follow","max-snippet":"max-snippet:-1","max-image-preview":"max-image-preview:large","max-video-preview":"max-video-preview:-1"},"canonical":"https:\/\/dehispa.com\/en\/our-partners\/","og_locale":"en_US","og_type":"article","og_title":"Our partners - The Mining and Construction Company","og_url":"https:\/\/dehispa.com\/en\/our-partners\/","og_site_name":"The Mining and Construction Company","article_publisher":"https:\/\/www.facebook.com\/Dehispa.Oficial\/","article_modified_time":"2021-12-09T09:34:44+00:00","twitter_card":"summary_large_image","twitter_misc":{"Est. reading time":"1 minute"},"schema":{"@context":"https:\/\/schema.org","@graph":[{"@type":"WebPage","@id":"https:\/\/dehispa.com\/en\/our-partners\/","url":"https:\/\/dehispa.com\/en\/our-partners\/","name":"Our partners - The Mining and Construction Company","isPartOf":{"@id":"https:\/\/dehispa.com\/es\/#website"},"datePublished":"2021-12-07T11:53:17+00:00","dateModified":"2021-12-09T09:34:44+00:00","breadcrumb":{"@id":"https:\/\/dehispa.com\/en\/our-partners\/#breadcrumb"},"inLanguage":"en-US","potentialAction":[{"@type":"ReadAction","target":["https:\/\/dehispa.com\/en\/our-partners\/"]}]},{"@type":"BreadcrumbList","@id":"https:\/\/dehispa.com\/en\/our-partners\/#breadcrumb","itemListElement":[{"@type":"ListItem","position":1,"name":"Portada","item":"https:\/\/dehispa.com\/es\/"},{"@type":"ListItem","position":2,"name":"Our partners"}]},{"@type":"WebSite","@id":"https:\/\/dehispa.com\/es\/#website","url":"https:\/\/dehispa.com\/es\/","name":"Dehispa","description":"Construcci\u00f3n, Miner\u00eda, Obra P\u00fablica e Industria","publisher":{"@id":"https:\/\/dehispa.com\/es\/#organization"},"potentialAction":[{"@type":"SearchAction","target":{"@type":"EntryPoint","urlTemplate":"https:\/\/dehispa.com\/es\/?s={search_term_string}"},"query-input":"required name=search_term_string"}],"inLanguage":"en-US"},{"@type":"Organization","@id":"https:\/\/dehispa.com\/es\/#organization","name":"Dehispa","url":"https:\/\/dehispa.com\/es\/","logo":{"@type":"ImageObject","inLanguage":"en-US","@id":"https:\/\/dehispa.com\/es\/#\/schema\/logo\/image\/","url":"https:\/\/dehispa.com\/wp-content\/uploads\/2021\/06\/logotipo.png","contentUrl":"https:\/\/dehispa.com\/wp-content\/uploads\/2021\/06\/logotipo.png","width":160,"height":53,"caption":"Dehispa"},"image":{"@id":"https:\/\/dehispa.com\/es\/#\/schema\/logo\/image\/"},"sameAs":["https:\/\/www.facebook.com\/Dehispa.Oficial\/"]}]}},"_links":{"self":[{"href":"https:\/\/dehispa.com\/en\/wp-json\/wp\/v2\/pages\/238972"}],"collection":[{"href":"https:\/\/dehispa.com\/en\/wp-json\/wp\/v2\/pages"}],"about":[{"href":"https:\/\/dehispa.com\/en\/wp-json\/wp\/v2\/types\/page"}],"author":[{"embeddable":true,"href":"https:\/\/dehispa.com\/en\/wp-json\/wp\/v2\/users\/1"}],"replies":[{"embeddable":true,"href":"https:\/\/dehispa.com\/en\/wp-json\/wp\/v2\/comments?post=238972"}],"version-history":[{"count":8,"href":"https:\/\/dehispa.com\/en\/wp-json\/wp\/v2\/pages\/238972\/revisions"}],"predecessor-version":[{"id":239174,"href":"https:\/\/dehispa.com\/en\/wp-json\/wp\/v2\/pages\/238972\/revisions\/239174"}],"wp:attachment":[{"href":"https:\/\/dehispa.com\/en\/wp-json\/wp\/v2\/media?parent=238972"}],"curies":[{"name":"wp","href":"https:\/\/api.w.org\/{rel}","templated":true}]}}