{"id":240137,"date":"2025-05-27T09:35:18","date_gmt":"2025-05-27T09:35:18","guid":{"rendered":"https:\/\/dehispa.com\/team\/"},"modified":"2025-05-27T09:35:23","modified_gmt":"2025-05-27T09:35:23","slug":"team","status":"publish","type":"page","link":"https:\/\/dehispa.com\/en\/team\/","title":{"rendered":"Team"},"content":{"rendered":"<p>[et_pb_section fb_built=&#8221;1&#8243; _builder_version=&#8221;4.27.4&#8243; _module_preset=&#8221;default&#8221; global_colors_info=&#8221;{}&#8221;][et_pb_row _builder_version=&#8221;4.27.4&#8243; _module_preset=&#8221;default&#8221; global_colors_info=&#8221;{}&#8221;][et_pb_column type=&#8221;4_4&#8243; _builder_version=&#8221;4.27.4&#8243; _module_preset=&#8221;default&#8221; global_colors_info=&#8221;{}&#8221;][et_pb_text _builder_version=&#8221;4.27.4&#8243; _module_preset=&#8221;default&#8221; text_text_color=&#8221;#000000&#8243; text_font_size=&#8221;48px&#8221; text_line_height=&#8221;50px&#8221; text_orientation=&#8221;center&#8221; global_colors_info=&#8221;{}&#8221;]<\/p>\n<p>Dehispa <em><strong>Team<\/strong><\/em><\/p>\n<p>[\/et_pb_text][et_pb_text _builder_version=&#8221;4.27.4&#8243; _module_preset=&#8221;default&#8221; text_font_size=&#8221;20px&#8221; text_line_height=&#8221;28px&#8221; hover_enabled=&#8221;0&#8243; global_colors_info=&#8221;{}&#8221; text_font_size_last_edited=&#8221;on|phone&#8221; sticky_enabled=&#8221;0&#8243; text_font_size_phone=&#8221;16px&#8221; text_font_size_tablet=&#8221;20px&#8221;]<\/p>\n<p>Behind every great project is an even better team. Our multidisciplinary team of engineers, consultants, and technicians combines experience, strategic vision, and a passion for innovation. <\/p>\n<p>Each of us contributes our knowledge to design efficient, sustainable, and customized solutions, always with a clear objective: to provide real value to our clients.<\/p>\n<p>We specialize in turning technical challenges into opportunities, and we work closely together to ensure each project exceeds expectations.<\/p>\n<p>Because when talent comes together, engineering becomes progress.<\/p>\n<p>[\/et_pb_text][\/et_pb_column][\/et_pb_row][et_pb_row column_structure=&#8221;1_4,1_4,1_4,1_4&#8243; use_custom_gutter=&#8221;on&#8221; gutter_width=&#8221;2&#8243; _builder_version=&#8221;4.27.4&#8243; _module_preset=&#8221;default&#8221; global_colors_info=&#8221;{}&#8221;][et_pb_column type=&#8221;1_4&#8243; _builder_version=&#8221;4.27.4&#8243; _module_preset=&#8221;default&#8221; global_colors_info=&#8221;{}&#8221;][et_pb_blurb title=&#8221;Guillermo \u00c1lvarez&#8221; image=&#8221;https:\/\/dehispa.com\/wp-content\/uploads\/2025\/05\/guillermo.png&#8221; _builder_version=&#8221;4.27.4&#8243; _module_preset=&#8221;default&#8221; header_text_align=&#8221;center&#8221; body_text_align=&#8221;center&#8221; body_line_height=&#8221;18px&#8221; background_color=&#8221;#efefef&#8221; custom_margin=&#8221;||||false|false&#8221; custom_padding=&#8221;20px|20px|20px|20px|false|false&#8221; custom_css_free_form=&#8221;selector h4 {||  min-height: 25px !important;||}&#8221; border_radii=&#8221;on|10px|10px|10px|10px&#8221; global_colors_info=&#8221;{}&#8221;]<\/p>\n<p><span>Executive Director<\/span><\/p>\n<p><span style=\"font-size: 13px;\">At the forefront of our vision, he is always driving innovation and growth with passion and commitment.<\/span><\/p>\n<p>[\/et_pb_blurb][\/et_pb_column][et_pb_column type=&#8221;1_4&#8243; _builder_version=&#8221;4.27.4&#8243; _module_preset=&#8221;default&#8221; global_colors_info=&#8221;{}&#8221;][et_pb_blurb title=&#8221;Jos\u00e9 Luis Segura&#8221; image=&#8221;https:\/\/dehispa.com\/wp-content\/uploads\/2025\/05\/jose-luis.png&#8221; _builder_version=&#8221;4.27.4&#8243; _module_preset=&#8221;default&#8221; header_text_align=&#8221;center&#8221; body_text_align=&#8221;center&#8221; body_line_height=&#8221;18px&#8221; background_color=&#8221;#efefef&#8221; custom_margin=&#8221;||||false|false&#8221; custom_padding=&#8221;20px|20px|20px|20px|false|false&#8221; custom_css_free_form=&#8221;selector h4 {||  min-height: 25px !important;||}&#8221; border_radii=&#8221;on|10px|10px|10px|10px&#8221; global_colors_info=&#8221;{}&#8221;]<span>Chief Financial Officer<\/span><br \/>\n<span style=\"font-size: 13px;\">Leads our financial strategy with rigor, vision, and a focus on long-term sustainability.<\/span>[\/et_pb_blurb][\/et_pb_column][et_pb_column type=&#8221;1_4&#8243; _builder_version=&#8221;4.27.4&#8243; _module_preset=&#8221;default&#8221; global_colors_info=&#8221;{}&#8221;][et_pb_blurb title=&#8221;Francisco Morales&#8221; image=&#8221;https:\/\/dehispa.com\/wp-content\/uploads\/2025\/05\/fran.png&#8221; _builder_version=&#8221;4.27.4&#8243; _module_preset=&#8221;default&#8221; header_text_align=&#8221;center&#8221; body_text_align=&#8221;center&#8221; body_line_height=&#8221;18px&#8221; background_color=&#8221;#efefef&#8221; custom_margin=&#8221;||||false|false&#8221; custom_padding=&#8221;20px|20px|20px|20px|false|false&#8221; custom_css_free_form=&#8221;selector h4 {||  min-height: 25px !important;||}&#8221; border_radii=&#8221;on|10px|10px|10px|10px&#8221; global_colors_info=&#8221;{}&#8221;]<span>Marketing Director<\/span><br \/>\n<span style=\"font-size: 13px;\">He is the creative force behind our brand, combining innovation and knowledge to connect with every customer.<\/span>[\/et_pb_blurb][\/et_pb_column][et_pb_column type=&#8221;1_4&#8243; _builder_version=&#8221;4.27.4&#8243; _module_preset=&#8221;default&#8221; global_colors_info=&#8221;{}&#8221;][et_pb_blurb title=&#8221;Marcos Padial&#8221; image=&#8221;https:\/\/dehispa.com\/wp-content\/uploads\/2025\/05\/marcos.png&#8221; _builder_version=&#8221;4.27.4&#8243; _module_preset=&#8221;default&#8221; header_text_align=&#8221;center&#8221; body_text_align=&#8221;center&#8221; body_line_height=&#8221;18px&#8221; background_color=&#8221;#efefef&#8221; custom_margin=&#8221;||||false|false&#8221; custom_padding=&#8221;20px|20px|20px|20px|false|false&#8221; custom_css_free_form=&#8221;selector h4 {||  min-height: 25px !important;||}&#8221; border_radii=&#8221;on|10px|10px|10px|10px&#8221; global_colors_info=&#8221;{}&#8221;]<span>Logistics<\/span><br \/>\n<span style=\"font-size: 13px;\">A key component in the logistics system, ensuring that each process flows with precision and commitment.<\/span>[\/et_pb_blurb][\/et_pb_column][\/et_pb_row][et_pb_row column_structure=&#8221;1_4,1_4,1_4,1_4&#8243; use_custom_gutter=&#8221;on&#8221; gutter_width=&#8221;2&#8243; _builder_version=&#8221;4.27.4&#8243; _module_preset=&#8221;default&#8221; global_colors_info=&#8221;{}&#8221;][et_pb_column type=&#8221;1_4&#8243; _builder_version=&#8221;4.27.4&#8243; _module_preset=&#8221;default&#8221; global_colors_info=&#8221;{}&#8221;][et_pb_blurb title=&#8221;Juan Garc\u00eda&#8221; image=&#8221;https:\/\/dehispa.com\/wp-content\/uploads\/2025\/05\/juan.png&#8221; _builder_version=&#8221;4.27.4&#8243; _module_preset=&#8221;default&#8221; header_text_align=&#8221;center&#8221; body_text_align=&#8221;center&#8221; body_line_height=&#8221;18px&#8221; background_color=&#8221;#efefef&#8221; custom_margin=&#8221;||||false|false&#8221; custom_padding=&#8221;20px|20px|20px|20px|false|false&#8221; custom_css_free_form=&#8221;selector h4 {||  min-height: 25px !important;||}&#8221; border_radii=&#8221;on|10px|10px|10px|10px&#8221; global_colors_info=&#8221;{}&#8221;]<\/p>\n<p><span>Accounting<\/span><\/p>\n<p><span style=\"font-size: 13px;\">He leads our financial strategy with rigor, vision, and a focus on long-term sustainability.<\/span><\/p>\n<p>[\/et_pb_blurb][\/et_pb_column][et_pb_column type=&#8221;1_4&#8243; _builder_version=&#8221;4.27.4&#8243; _module_preset=&#8221;default&#8221; global_colors_info=&#8221;{}&#8221;][et_pb_blurb title=&#8221;Oscar Mu\u00f1oz&#8221; image=&#8221;https:\/\/dehispa.com\/wp-content\/uploads\/2025\/05\/oscar.png&#8221; _builder_version=&#8221;4.27.4&#8243; _module_preset=&#8221;default&#8221; header_text_align=&#8221;center&#8221; body_text_align=&#8221;center&#8221; body_line_height=&#8221;18px&#8221; background_color=&#8221;#efefef&#8221; custom_margin=&#8221;||||false|false&#8221; custom_padding=&#8221;20px|20px|20px|20px|false|false&#8221; custom_css_free_form=&#8221;selector h4 {||  min-height: 25px !important;||}&#8221; border_radii=&#8221;on|10px|10px|10px|10px&#8221; global_colors_info=&#8221;{}&#8221;]<\/p>\n<p><span>Projects<\/span><\/p>\n<p><span style=\"font-size: 13px;\">He brings freshness and energy to the project team, and stands out for his proactive attitude and enthusiasm.<\/span><\/p>\n<p>[\/et_pb_blurb][\/et_pb_column][et_pb_column type=&#8221;1_4&#8243; _builder_version=&#8221;4.27.4&#8243; _module_preset=&#8221;default&#8221; global_colors_info=&#8221;{}&#8221;][et_pb_blurb title=&#8221;Carolina Maeso&#8221; image=&#8221;https:\/\/dehispa.com\/wp-content\/uploads\/2025\/05\/carolina.png&#8221; _builder_version=&#8221;4.27.4&#8243; _module_preset=&#8221;default&#8221; header_text_align=&#8221;center&#8221; body_text_align=&#8221;center&#8221; body_line_height=&#8221;18px&#8221; background_color=&#8221;#efefef&#8221; custom_margin=&#8221;||||false|false&#8221; custom_padding=&#8221;20px|20px|20px|20px|false|false&#8221; custom_css_free_form=&#8221;selector h4 {||  min-height: 25px !important;||}&#8221; border_radii=&#8221;on|10px|10px|10px|10px&#8221; global_colors_info=&#8221;{}&#8221;]<\/p>\n<p><span>Projects<\/span><\/p>\n<p><span style=\"font-size: 13px;\">With a solid track record in project management, he is a guarantee of experience, strategic vision, and results.<\/span><\/p>\n<p>[\/et_pb_blurb][\/et_pb_column][et_pb_column type=&#8221;1_4&#8243; _builder_version=&#8221;4.27.4&#8243; _module_preset=&#8221;default&#8221; global_colors_info=&#8221;{}&#8221;][et_pb_blurb title=&#8221;Daniel Serrano&#8221; image=&#8221;https:\/\/dehispa.com\/wp-content\/uploads\/2025\/05\/daniel.png&#8221; _builder_version=&#8221;4.27.4&#8243; _module_preset=&#8221;default&#8221; header_text_align=&#8221;center&#8221; body_text_align=&#8221;center&#8221; body_line_height=&#8221;18px&#8221; background_color=&#8221;#efefef&#8221; custom_margin=&#8221;||||false|false&#8221; custom_padding=&#8221;20px|20px|20px|20px|false|false&#8221; custom_css_free_form=&#8221;selector h4 {||  min-height: 25px !important;||}&#8221; border_radii=&#8221;on|10px|10px|10px|10px&#8221; global_colors_info=&#8221;{}&#8221;]<span>Proyectos<\/span><br \/>\n<span style=\"font-size: 13px;\">Aporta experiencia, organizaci\u00f3n y una visi\u00f3n clara para llevar cada proyecto del papel a la realidad con \u00e9xito.<\/span>[\/et_pb_blurb][\/et_pb_column][\/et_pb_row][et_pb_row column_structure=&#8221;1_4,1_4,1_4,1_4&#8243; use_custom_gutter=&#8221;on&#8221; gutter_width=&#8221;2&#8243; _builder_version=&#8221;4.27.4&#8243; _module_preset=&#8221;default&#8221; global_colors_info=&#8221;{}&#8221;][et_pb_column type=&#8221;1_4&#8243; _builder_version=&#8221;4.27.4&#8243; _module_preset=&#8221;default&#8221; global_colors_info=&#8221;{}&#8221;][et_pb_blurb title=&#8221;Ricardo Garc\u00eda&#8221; image=&#8221;https:\/\/dehispa.com\/wp-content\/uploads\/2025\/05\/ricardo.png&#8221; _builder_version=&#8221;4.27.4&#8243; _module_preset=&#8221;default&#8221; header_text_align=&#8221;center&#8221; body_text_align=&#8221;center&#8221; body_line_height=&#8221;18px&#8221; background_color=&#8221;#efefef&#8221; custom_margin=&#8221;||||false|false&#8221; custom_padding=&#8221;20px|20px|20px|20px|false|false&#8221; custom_css_free_form=&#8221;selector h4 {||  min-height: 25px !important;||}&#8221; border_radii=&#8221;on|10px|10px|10px|10px&#8221; global_colors_info=&#8221;{}&#8221;]<span>Engineering<\/span><br \/>\n<span style=\"font-size: 13px;\">He brings decades of experience and a brilliant approach to finding technical solutions that make a difference.<\/span>[\/et_pb_blurb][\/et_pb_column][et_pb_column type=&#8221;1_4&#8243; _builder_version=&#8221;4.27.4&#8243; _module_preset=&#8221;default&#8221; global_colors_info=&#8221;{}&#8221;][et_pb_blurb title=&#8221;David de la Vega&#8221; image=&#8221;https:\/\/dehispa.com\/wp-content\/uploads\/2025\/05\/david.png&#8221; _builder_version=&#8221;4.27.4&#8243; _module_preset=&#8221;default&#8221; header_text_align=&#8221;center&#8221; body_text_align=&#8221;center&#8221; body_line_height=&#8221;18px&#8221; background_color=&#8221;#efefef&#8221; custom_margin=&#8221;||||false|false&#8221; custom_padding=&#8221;20px|20px|20px|20px|false|false&#8221; custom_css_free_form=&#8221;selector h4 {||  min-height: 25px !important;||}&#8221; border_radii=&#8221;on|10px|10px|10px|10px&#8221; global_colors_info=&#8221;{}&#8221;]<span>Engineering<\/span><br \/>\n<span style=\"font-size: 13px;\">Combines technical knowledge and practical vision to drive efficient and lasting solutions.<\/span>[\/et_pb_blurb][\/et_pb_column][et_pb_column type=&#8221;1_4&#8243; _builder_version=&#8221;4.27.4&#8243; _module_preset=&#8221;default&#8221; global_colors_info=&#8221;{}&#8221;][et_pb_blurb title=&#8221;Diego Mart\u00edn&#8221; image=&#8221;https:\/\/dehispa.com\/wp-content\/uploads\/2025\/05\/diego.png&#8221; _builder_version=&#8221;4.27.4&#8243; _module_preset=&#8221;default&#8221; header_text_align=&#8221;center&#8221; body_text_align=&#8221;center&#8221; body_line_height=&#8221;18px&#8221; background_color=&#8221;#efefef&#8221; custom_margin=&#8221;||||false|false&#8221; custom_padding=&#8221;20px|20px|20px|20px|false|false&#8221; custom_css_free_form=&#8221;selector h4 {||  min-height: 25px !important;||}&#8221; border_radii=&#8221;on|10px|10px|10px|10px&#8221; global_colors_info=&#8221;{}&#8221;]<\/p>\n<p><span>Web developer<\/span><\/p>\n<p><span style=\"font-size: 13px;\">With extensive experience in the sector, combining technique, functionality, and a perfectionist approach.<\/span><\/p>\n<p>[\/et_pb_blurb][\/et_pb_column][et_pb_column type=&#8221;1_4&#8243; _builder_version=&#8221;4.27.4&#8243; _module_preset=&#8221;default&#8221; global_colors_info=&#8221;{}&#8221;][et_pb_blurb title=&#8221;Ciprian&#8221; image=&#8221;https:\/\/dehispa.com\/wp-content\/uploads\/2025\/05\/ciprian.png&#8221; _builder_version=&#8221;4.27.4&#8243; _module_preset=&#8221;default&#8221; header_text_align=&#8221;center&#8221; body_text_align=&#8221;center&#8221; body_line_height=&#8221;18px&#8221; background_color=&#8221;#efefef&#8221; custom_margin=&#8221;||||false|false&#8221; custom_padding=&#8221;20px|20px|20px|20px|false|false&#8221; custom_css_free_form=&#8221;selector h4 {||  min-height: 25px !important;||}&#8221; border_radii=&#8221;on|10px|10px|10px|10px&#8221; global_colors_info=&#8221;{}&#8221;]<span>Warehouse Manager<\/span><br \/>\n<span style=\"font-size: 13px;\">Synonymous with order, efficiency, and commitment, ensuring that everything always works as it should.<\/span>[\/et_pb_blurb][\/et_pb_column][\/et_pb_row][\/et_pb_section]<\/p>\n","protected":false},"excerpt":{"rendered":"<p>Dehispa TeamBehind every great project is an even better team. Our multidisciplinary team of engineers, consultants, and technicians combines experience, strategic vision, and a passion for innovation. Each of us contributes our knowledge to design efficient, sustainable, and customized solutions, always with a clear objective: to provide real value to our clients. We specialize in [&hellip;]<\/p>\n","protected":false},"author":2,"featured_media":0,"parent":0,"menu_order":0,"comment_status":"closed","ping_status":"closed","template":"","meta":{"_et_pb_use_builder":"on","_et_pb_old_content":"","_et_gb_content_width":""},"yoast_head":"<!-- This site is optimized with the Yoast SEO plugin v20.1 - https:\/\/yoast.com\/wordpress\/plugins\/seo\/ -->\n<title>Team - The Mining and Construction Company<\/title>\n<meta name=\"robots\" content=\"index, follow, max-snippet:-1, max-image-preview:large, max-video-preview:-1\" \/>\n<link rel=\"canonical\" href=\"https:\/\/dehispa.com\/en\/team\/\" \/>\n<meta property=\"og:locale\" content=\"en_US\" \/>\n<meta property=\"og:type\" content=\"article\" \/>\n<meta property=\"og:title\" content=\"Team - The Mining and Construction Company\" \/>\n<meta property=\"og:url\" content=\"https:\/\/dehispa.com\/en\/team\/\" \/>\n<meta property=\"og:site_name\" content=\"The Mining and Construction Company\" \/>\n<meta property=\"article:publisher\" content=\"https:\/\/www.facebook.com\/Dehispa.Oficial\/\" \/>\n<meta property=\"article:modified_time\" content=\"2025-05-27T09:35:23+00:00\" \/>\n<meta name=\"twitter:card\" content=\"summary_large_image\" \/>\n<meta name=\"twitter:label1\" content=\"Est. reading time\" \/>\n\t<meta name=\"twitter:data1\" content=\"7 minutes\" \/>\n<script type=\"application\/ld+json\" class=\"yoast-schema-graph\">{\"@context\":\"https:\/\/schema.org\",\"@graph\":[{\"@type\":\"WebPage\",\"@id\":\"https:\/\/dehispa.com\/en\/team\/\",\"url\":\"https:\/\/dehispa.com\/en\/team\/\",\"name\":\"Team - The Mining and Construction Company\",\"isPartOf\":{\"@id\":\"https:\/\/dehispa.com\/es\/#website\"},\"datePublished\":\"2025-05-27T09:35:18+00:00\",\"dateModified\":\"2025-05-27T09:35:23+00:00\",\"breadcrumb\":{\"@id\":\"https:\/\/dehispa.com\/en\/team\/#breadcrumb\"},\"inLanguage\":\"en-US\",\"potentialAction\":[{\"@type\":\"ReadAction\",\"target\":[\"https:\/\/dehispa.com\/en\/team\/\"]}]},{\"@type\":\"BreadcrumbList\",\"@id\":\"https:\/\/dehispa.com\/en\/team\/#breadcrumb\",\"itemListElement\":[{\"@type\":\"ListItem\",\"position\":1,\"name\":\"Portada\",\"item\":\"https:\/\/dehispa.com\/es\/\"},{\"@type\":\"ListItem\",\"position\":2,\"name\":\"Team\"}]},{\"@type\":\"WebSite\",\"@id\":\"https:\/\/dehispa.com\/es\/#website\",\"url\":\"https:\/\/dehispa.com\/es\/\",\"name\":\"Dehispa\",\"description\":\"Construcci\u00f3n, Miner\u00eda, Obra P\u00fablica e Industria\",\"publisher\":{\"@id\":\"https:\/\/dehispa.com\/es\/#organization\"},\"potentialAction\":[{\"@type\":\"SearchAction\",\"target\":{\"@type\":\"EntryPoint\",\"urlTemplate\":\"https:\/\/dehispa.com\/es\/?s={search_term_string}\"},\"query-input\":\"required name=search_term_string\"}],\"inLanguage\":\"en-US\"},{\"@type\":\"Organization\",\"@id\":\"https:\/\/dehispa.com\/es\/#organization\",\"name\":\"Dehispa\",\"url\":\"https:\/\/dehispa.com\/es\/\",\"logo\":{\"@type\":\"ImageObject\",\"inLanguage\":\"en-US\",\"@id\":\"https:\/\/dehispa.com\/es\/#\/schema\/logo\/image\/\",\"url\":\"https:\/\/dehispa.com\/wp-content\/uploads\/2021\/06\/logotipo.png\",\"contentUrl\":\"https:\/\/dehispa.com\/wp-content\/uploads\/2021\/06\/logotipo.png\",\"width\":160,\"height\":53,\"caption\":\"Dehispa\"},\"image\":{\"@id\":\"https:\/\/dehispa.com\/es\/#\/schema\/logo\/image\/\"},\"sameAs\":[\"https:\/\/www.facebook.com\/Dehispa.Oficial\/\"]}]}<\/script>\n<!-- \/ Yoast SEO plugin. -->","yoast_head_json":{"title":"Team - The Mining and Construction Company","robots":{"index":"index","follow":"follow","max-snippet":"max-snippet:-1","max-image-preview":"max-image-preview:large","max-video-preview":"max-video-preview:-1"},"canonical":"https:\/\/dehispa.com\/en\/team\/","og_locale":"en_US","og_type":"article","og_title":"Team - The Mining and Construction Company","og_url":"https:\/\/dehispa.com\/en\/team\/","og_site_name":"The Mining and Construction Company","article_publisher":"https:\/\/www.facebook.com\/Dehispa.Oficial\/","article_modified_time":"2025-05-27T09:35:23+00:00","twitter_card":"summary_large_image","twitter_misc":{"Est. reading time":"7 minutes"},"schema":{"@context":"https:\/\/schema.org","@graph":[{"@type":"WebPage","@id":"https:\/\/dehispa.com\/en\/team\/","url":"https:\/\/dehispa.com\/en\/team\/","name":"Team - The Mining and Construction Company","isPartOf":{"@id":"https:\/\/dehispa.com\/es\/#website"},"datePublished":"2025-05-27T09:35:18+00:00","dateModified":"2025-05-27T09:35:23+00:00","breadcrumb":{"@id":"https:\/\/dehispa.com\/en\/team\/#breadcrumb"},"inLanguage":"en-US","potentialAction":[{"@type":"ReadAction","target":["https:\/\/dehispa.com\/en\/team\/"]}]},{"@type":"BreadcrumbList","@id":"https:\/\/dehispa.com\/en\/team\/#breadcrumb","itemListElement":[{"@type":"ListItem","position":1,"name":"Portada","item":"https:\/\/dehispa.com\/es\/"},{"@type":"ListItem","position":2,"name":"Team"}]},{"@type":"WebSite","@id":"https:\/\/dehispa.com\/es\/#website","url":"https:\/\/dehispa.com\/es\/","name":"Dehispa","description":"Construcci\u00f3n, Miner\u00eda, Obra P\u00fablica e Industria","publisher":{"@id":"https:\/\/dehispa.com\/es\/#organization"},"potentialAction":[{"@type":"SearchAction","target":{"@type":"EntryPoint","urlTemplate":"https:\/\/dehispa.com\/es\/?s={search_term_string}"},"query-input":"required name=search_term_string"}],"inLanguage":"en-US"},{"@type":"Organization","@id":"https:\/\/dehispa.com\/es\/#organization","name":"Dehispa","url":"https:\/\/dehispa.com\/es\/","logo":{"@type":"ImageObject","inLanguage":"en-US","@id":"https:\/\/dehispa.com\/es\/#\/schema\/logo\/image\/","url":"https:\/\/dehispa.com\/wp-content\/uploads\/2021\/06\/logotipo.png","contentUrl":"https:\/\/dehispa.com\/wp-content\/uploads\/2021\/06\/logotipo.png","width":160,"height":53,"caption":"Dehispa"},"image":{"@id":"https:\/\/dehispa.com\/es\/#\/schema\/logo\/image\/"},"sameAs":["https:\/\/www.facebook.com\/Dehispa.Oficial\/"]}]}},"_links":{"self":[{"href":"https:\/\/dehispa.com\/en\/wp-json\/wp\/v2\/pages\/240137"}],"collection":[{"href":"https:\/\/dehispa.com\/en\/wp-json\/wp\/v2\/pages"}],"about":[{"href":"https:\/\/dehispa.com\/en\/wp-json\/wp\/v2\/types\/page"}],"author":[{"embeddable":true,"href":"https:\/\/dehispa.com\/en\/wp-json\/wp\/v2\/users\/2"}],"replies":[{"embeddable":true,"href":"https:\/\/dehispa.com\/en\/wp-json\/wp\/v2\/comments?post=240137"}],"version-history":[{"count":2,"href":"https:\/\/dehispa.com\/en\/wp-json\/wp\/v2\/pages\/240137\/revisions"}],"predecessor-version":[{"id":240139,"href":"https:\/\/dehispa.com\/en\/wp-json\/wp\/v2\/pages\/240137\/revisions\/240139"}],"wp:attachment":[{"href":"https:\/\/dehispa.com\/en\/wp-json\/wp\/v2\/media?parent=240137"}],"curies":[{"name":"wp","href":"https:\/\/api.w.org\/{rel}","templated":true}]}}