{"id":238993,"date":"2021-06-22T12:16:56","date_gmt":"2021-12-07T14:11:29","guid":{"rendered":"https:\/\/dehispa.com\/producto\/th10lm\/"},"modified":"2023-02-14T15:12:50","modified_gmt":"2023-02-14T15:12:50","slug":"th10lm","status":"publish","type":"product","link":"https:\/\/dehispa.com\/en\/producto\/th10lm\/","title":{"rendered":"TH10LM"},"content":{"rendered":"<p>Epiroc&#8217;s TH 10 Drill Module is a mobile, hydraulically powered water well drilling rig, ideal for small to medium well drilling projects in remote towns or shallow irrigation drilling.<\/p>\n<p>Epiroc&#8217;s TH10 light well drilling rig has successfully proven its performance in drilling shallow wells down to 200 m (650 ft) and for many years in various formations.<\/p>\n","protected":false},"excerpt":{"rendered":"<p>Epiroc&#8217;s TH 10 Drill Module is a mobile, hydraulically powered water well drilling rig, ideal for small to medium well drilling projects in remote towns or shallow irrigation drilling. Epiroc&#8217;s TH10 light well drilling rig has successfully proven its performance in drilling shallow wells down to 200 m (650 ft) and for many years in [&hellip;]<\/p>\n","protected":false},"featured_media":239502,"template":"","meta":{"_et_pb_use_builder":"","_et_pb_old_content":"","_et_gb_content_width":""},"product_cat":[279,281,287,282],"product_tag":[283,284],"yoast_head":"<!-- This site is optimized with the Yoast SEO plugin v20.1 - https:\/\/yoast.com\/wordpress\/plugins\/seo\/ -->\n<title>TH10LM - The Mining and Construction Company<\/title>\n<meta name=\"robots\" content=\"index, follow, max-snippet:-1, max-image-preview:large, max-video-preview:-1\" \/>\n<link rel=\"canonical\" href=\"https:\/\/dehispa.com\/en\/producto\/th10lm\/\" \/>\n<meta property=\"og:locale\" content=\"en_US\" \/>\n<meta property=\"og:type\" content=\"article\" \/>\n<meta property=\"og:title\" content=\"TH10LM - The Mining and Construction Company\" \/>\n<meta property=\"og:description\" content=\"Epiroc&#8217;s TH 10 Drill Module is a mobile, hydraulically powered water well drilling rig, ideal for small to medium well drilling projects in remote towns or shallow irrigation drilling. Epiroc&#8217;s TH10 light well drilling rig has successfully proven its performance in drilling shallow wells down to 200 m (650 ft) and for many years in [&hellip;]\" \/>\n<meta property=\"og:url\" content=\"https:\/\/dehispa.com\/en\/producto\/th10lm\/\" \/>\n<meta property=\"og:site_name\" content=\"The Mining and Construction Company\" \/>\n<meta property=\"article:publisher\" content=\"https:\/\/www.facebook.com\/Dehispa.Oficial\/\" \/>\n<meta property=\"article:modified_time\" content=\"2023-02-14T15:12:50+00:00\" \/>\n<meta property=\"og:image\" content=\"https:\/\/dehispa.com\/wp-content\/uploads\/2021\/06\/TH10LM.jpg\" \/>\n\t<meta property=\"og:image:width\" content=\"1200\" \/>\n\t<meta property=\"og:image:height\" content=\"1200\" \/>\n\t<meta property=\"og:image:type\" content=\"image\/jpeg\" \/>\n<meta name=\"twitter:card\" content=\"summary_large_image\" \/>\n<script type=\"application\/ld+json\" class=\"yoast-schema-graph\">{\"@context\":\"https:\/\/schema.org\",\"@graph\":[{\"@type\":\"WebPage\",\"@id\":\"https:\/\/dehispa.com\/en\/producto\/th10lm\/\",\"url\":\"https:\/\/dehispa.com\/en\/producto\/th10lm\/\",\"name\":\"TH10LM - The Mining and Construction Company\",\"isPartOf\":{\"@id\":\"https:\/\/dehispa.com\/es\/#website\"},\"datePublished\":\"2021-12-07T14:11:29+00:00\",\"dateModified\":\"2023-02-14T15:12:50+00:00\",\"breadcrumb\":{\"@id\":\"https:\/\/dehispa.com\/en\/producto\/th10lm\/#breadcrumb\"},\"inLanguage\":\"en-US\",\"potentialAction\":[{\"@type\":\"ReadAction\",\"target\":[\"https:\/\/dehispa.com\/en\/producto\/th10lm\/\"]}]},{\"@type\":\"BreadcrumbList\",\"@id\":\"https:\/\/dehispa.com\/en\/producto\/th10lm\/#breadcrumb\",\"itemListElement\":[{\"@type\":\"ListItem\",\"position\":1,\"name\":\"Portada\",\"item\":\"https:\/\/dehispa.com\/es\/\"},{\"@type\":\"ListItem\",\"position\":2,\"name\":\"Products\",\"item\":\"https:\/\/dehispa.com\/en\/products\/\"},{\"@type\":\"ListItem\",\"position\":3,\"name\":\"TH10LM\"}]},{\"@type\":\"WebSite\",\"@id\":\"https:\/\/dehispa.com\/es\/#website\",\"url\":\"https:\/\/dehispa.com\/es\/\",\"name\":\"Dehispa\",\"description\":\"Construcci\u00f3n, Miner\u00eda, Obra P\u00fablica e Industria\",\"publisher\":{\"@id\":\"https:\/\/dehispa.com\/es\/#organization\"},\"potentialAction\":[{\"@type\":\"SearchAction\",\"target\":{\"@type\":\"EntryPoint\",\"urlTemplate\":\"https:\/\/dehispa.com\/es\/?s={search_term_string}\"},\"query-input\":\"required name=search_term_string\"}],\"inLanguage\":\"en-US\"},{\"@type\":\"Organization\",\"@id\":\"https:\/\/dehispa.com\/es\/#organization\",\"name\":\"Dehispa\",\"url\":\"https:\/\/dehispa.com\/es\/\",\"logo\":{\"@type\":\"ImageObject\",\"inLanguage\":\"en-US\",\"@id\":\"https:\/\/dehispa.com\/es\/#\/schema\/logo\/image\/\",\"url\":\"https:\/\/dehispa.com\/wp-content\/uploads\/2021\/06\/logotipo.png\",\"contentUrl\":\"https:\/\/dehispa.com\/wp-content\/uploads\/2021\/06\/logotipo.png\",\"width\":160,\"height\":53,\"caption\":\"Dehispa\"},\"image\":{\"@id\":\"https:\/\/dehispa.com\/es\/#\/schema\/logo\/image\/\"},\"sameAs\":[\"https:\/\/www.facebook.com\/Dehispa.Oficial\/\"]}]}<\/script>\n<!-- \/ Yoast SEO plugin. -->","yoast_head_json":{"title":"TH10LM - The Mining and Construction Company","robots":{"index":"index","follow":"follow","max-snippet":"max-snippet:-1","max-image-preview":"max-image-preview:large","max-video-preview":"max-video-preview:-1"},"canonical":"https:\/\/dehispa.com\/en\/producto\/th10lm\/","og_locale":"en_US","og_type":"article","og_title":"TH10LM - The Mining and Construction Company","og_description":"Epiroc&#8217;s TH 10 Drill Module is a mobile, hydraulically powered water well drilling rig, ideal for small to medium well drilling projects in remote towns or shallow irrigation drilling. Epiroc&#8217;s TH10 light well drilling rig has successfully proven its performance in drilling shallow wells down to 200 m (650 ft) and for many years in [&hellip;]","og_url":"https:\/\/dehispa.com\/en\/producto\/th10lm\/","og_site_name":"The Mining and Construction Company","article_publisher":"https:\/\/www.facebook.com\/Dehispa.Oficial\/","article_modified_time":"2023-02-14T15:12:50+00:00","og_image":[{"width":1200,"height":1200,"url":"https:\/\/dehispa.com\/wp-content\/uploads\/2021\/06\/TH10LM.jpg","type":"image\/jpeg"}],"twitter_card":"summary_large_image","schema":{"@context":"https:\/\/schema.org","@graph":[{"@type":"WebPage","@id":"https:\/\/dehispa.com\/en\/producto\/th10lm\/","url":"https:\/\/dehispa.com\/en\/producto\/th10lm\/","name":"TH10LM - The Mining and Construction Company","isPartOf":{"@id":"https:\/\/dehispa.com\/es\/#website"},"datePublished":"2021-12-07T14:11:29+00:00","dateModified":"2023-02-14T15:12:50+00:00","breadcrumb":{"@id":"https:\/\/dehispa.com\/en\/producto\/th10lm\/#breadcrumb"},"inLanguage":"en-US","potentialAction":[{"@type":"ReadAction","target":["https:\/\/dehispa.com\/en\/producto\/th10lm\/"]}]},{"@type":"BreadcrumbList","@id":"https:\/\/dehispa.com\/en\/producto\/th10lm\/#breadcrumb","itemListElement":[{"@type":"ListItem","position":1,"name":"Portada","item":"https:\/\/dehispa.com\/es\/"},{"@type":"ListItem","position":2,"name":"Products","item":"https:\/\/dehispa.com\/en\/products\/"},{"@type":"ListItem","position":3,"name":"TH10LM"}]},{"@type":"WebSite","@id":"https:\/\/dehispa.com\/es\/#website","url":"https:\/\/dehispa.com\/es\/","name":"Dehispa","description":"Construcci\u00f3n, Miner\u00eda, Obra P\u00fablica e Industria","publisher":{"@id":"https:\/\/dehispa.com\/es\/#organization"},"potentialAction":[{"@type":"SearchAction","target":{"@type":"EntryPoint","urlTemplate":"https:\/\/dehispa.com\/es\/?s={search_term_string}"},"query-input":"required name=search_term_string"}],"inLanguage":"en-US"},{"@type":"Organization","@id":"https:\/\/dehispa.com\/es\/#organization","name":"Dehispa","url":"https:\/\/dehispa.com\/es\/","logo":{"@type":"ImageObject","inLanguage":"en-US","@id":"https:\/\/dehispa.com\/es\/#\/schema\/logo\/image\/","url":"https:\/\/dehispa.com\/wp-content\/uploads\/2021\/06\/logotipo.png","contentUrl":"https:\/\/dehispa.com\/wp-content\/uploads\/2021\/06\/logotipo.png","width":160,"height":53,"caption":"Dehispa"},"image":{"@id":"https:\/\/dehispa.com\/es\/#\/schema\/logo\/image\/"},"sameAs":["https:\/\/www.facebook.com\/Dehispa.Oficial\/"]}]}},"_links":{"self":[{"href":"https:\/\/dehispa.com\/en\/wp-json\/wp\/v2\/product\/238993"}],"collection":[{"href":"https:\/\/dehispa.com\/en\/wp-json\/wp\/v2\/product"}],"about":[{"href":"https:\/\/dehispa.com\/en\/wp-json\/wp\/v2\/types\/product"}],"wp:featuredmedia":[{"embeddable":true,"href":"https:\/\/dehispa.com\/en\/wp-json\/wp\/v2\/media\/239502"}],"wp:attachment":[{"href":"https:\/\/dehispa.com\/en\/wp-json\/wp\/v2\/media?parent=238993"}],"wp:term":[{"taxonomy":"product_cat","embeddable":true,"href":"https:\/\/dehispa.com\/en\/wp-json\/wp\/v2\/product_cat?post=238993"},{"taxonomy":"product_tag","embeddable":true,"href":"https:\/\/dehispa.com\/en\/wp-json\/wp\/v2\/product_tag?post=238993"}],"curies":[{"name":"wp","href":"https:\/\/api.w.org\/{rel}","templated":true}]}}