{"id":238996,"date":"2021-12-07T14:13:25","date_gmt":"2021-12-07T14:13:25","guid":{"rendered":"https:\/\/dehispa.com\/producto\/qes-16-qes-35-and-qes-75-generators\/"},"modified":"2021-12-07T14:13:25","modified_gmt":"2021-12-07T14:13:25","slug":"qes-16-qes-35-and-qes-75-generators","status":"publish","type":"product","link":"https:\/\/dehispa.com\/en\/producto\/qes-16-qes-35-and-qes-75-generators\/","title":{"rendered":"QES-16, QES-35 and QES 75 Generators"},"content":{"rendered":"<p>The easy-to-use and easy-to-maintain QES range of generators has been developed specifically for the construction and equipment rental industries. It is the best choice for reliable power, even for the most demanding construction sites. The waterproof bodywork with anti-corrosion treatment as well as the ability to work at high and low temperatures make the QES range an outstanding choice. Packed with all the options you need and ready to go in seconds, this range is<br \/>\nalso capable of withstanding all types of weather<\/p>\n","protected":false},"excerpt":{"rendered":"<p>It is the best choice for reliable power, even for the most demanding construction sites.<\/p>\n","protected":false},"featured_media":3914,"template":"","meta":{"_et_pb_use_builder":"","_et_pb_old_content":"","_et_gb_content_width":""},"product_cat":[288,289,290,281,282],"product_tag":[292,291,283,284],"yoast_head":"<!-- This site is optimized with the Yoast SEO plugin v20.1 - https:\/\/yoast.com\/wordpress\/plugins\/seo\/ -->\n<title>QES-16, QES-35 and QES 75 Generators - The Mining and Construction Company<\/title>\n<meta name=\"robots\" content=\"index, follow, max-snippet:-1, max-image-preview:large, max-video-preview:-1\" \/>\n<link rel=\"canonical\" href=\"https:\/\/dehispa.com\/en\/producto\/qes-16-qes-35-and-qes-75-generators\/\" \/>\n<meta property=\"og:locale\" content=\"en_US\" \/>\n<meta property=\"og:type\" content=\"article\" \/>\n<meta property=\"og:title\" content=\"QES-16, QES-35 and QES 75 Generators - The Mining and Construction Company\" \/>\n<meta property=\"og:description\" content=\"It is the best choice for reliable power, even for the most demanding construction sites.\" \/>\n<meta property=\"og:url\" content=\"https:\/\/dehispa.com\/en\/producto\/qes-16-qes-35-and-qes-75-generators\/\" \/>\n<meta property=\"og:site_name\" content=\"The Mining and Construction Company\" \/>\n<meta property=\"article:publisher\" content=\"https:\/\/www.facebook.com\/Dehispa.Oficial\/\" \/>\n<meta property=\"og:image\" content=\"https:\/\/dehispa.com\/wp-content\/uploads\/2021\/05\/Generadores-QES-16-QES-35-y-QES-75.jpeg\" \/>\n\t<meta property=\"og:image:width\" content=\"950\" \/>\n\t<meta property=\"og:image:height\" content=\"950\" \/>\n\t<meta property=\"og:image:type\" content=\"image\/jpeg\" \/>\n<meta name=\"twitter:card\" content=\"summary_large_image\" \/>\n<script type=\"application\/ld+json\" class=\"yoast-schema-graph\">{\"@context\":\"https:\/\/schema.org\",\"@graph\":[{\"@type\":\"WebPage\",\"@id\":\"https:\/\/dehispa.com\/en\/producto\/qes-16-qes-35-and-qes-75-generators\/\",\"url\":\"https:\/\/dehispa.com\/en\/producto\/qes-16-qes-35-and-qes-75-generators\/\",\"name\":\"QES-16, QES-35 and QES 75 Generators - The Mining and Construction Company\",\"isPartOf\":{\"@id\":\"https:\/\/dehispa.com\/es\/#website\"},\"datePublished\":\"2021-12-07T14:13:25+00:00\",\"dateModified\":\"2021-12-07T14:13:25+00:00\",\"breadcrumb\":{\"@id\":\"https:\/\/dehispa.com\/en\/producto\/qes-16-qes-35-and-qes-75-generators\/#breadcrumb\"},\"inLanguage\":\"en-US\",\"potentialAction\":[{\"@type\":\"ReadAction\",\"target\":[\"https:\/\/dehispa.com\/en\/producto\/qes-16-qes-35-and-qes-75-generators\/\"]}]},{\"@type\":\"BreadcrumbList\",\"@id\":\"https:\/\/dehispa.com\/en\/producto\/qes-16-qes-35-and-qes-75-generators\/#breadcrumb\",\"itemListElement\":[{\"@type\":\"ListItem\",\"position\":1,\"name\":\"Portada\",\"item\":\"https:\/\/dehispa.com\/es\/\"},{\"@type\":\"ListItem\",\"position\":2,\"name\":\"Products\",\"item\":\"https:\/\/dehispa.com\/en\/products\/\"},{\"@type\":\"ListItem\",\"position\":3,\"name\":\"QES-16, QES-35 and QES 75 Generators\"}]},{\"@type\":\"WebSite\",\"@id\":\"https:\/\/dehispa.com\/es\/#website\",\"url\":\"https:\/\/dehispa.com\/es\/\",\"name\":\"Dehispa\",\"description\":\"Construcci\u00f3n, Miner\u00eda, Obra P\u00fablica e Industria\",\"publisher\":{\"@id\":\"https:\/\/dehispa.com\/es\/#organization\"},\"potentialAction\":[{\"@type\":\"SearchAction\",\"target\":{\"@type\":\"EntryPoint\",\"urlTemplate\":\"https:\/\/dehispa.com\/es\/?s={search_term_string}\"},\"query-input\":\"required name=search_term_string\"}],\"inLanguage\":\"en-US\"},{\"@type\":\"Organization\",\"@id\":\"https:\/\/dehispa.com\/es\/#organization\",\"name\":\"Dehispa\",\"url\":\"https:\/\/dehispa.com\/es\/\",\"logo\":{\"@type\":\"ImageObject\",\"inLanguage\":\"en-US\",\"@id\":\"https:\/\/dehispa.com\/es\/#\/schema\/logo\/image\/\",\"url\":\"https:\/\/dehispa.com\/wp-content\/uploads\/2021\/06\/logotipo.png\",\"contentUrl\":\"https:\/\/dehispa.com\/wp-content\/uploads\/2021\/06\/logotipo.png\",\"width\":160,\"height\":53,\"caption\":\"Dehispa\"},\"image\":{\"@id\":\"https:\/\/dehispa.com\/es\/#\/schema\/logo\/image\/\"},\"sameAs\":[\"https:\/\/www.facebook.com\/Dehispa.Oficial\/\"]}]}<\/script>\n<!-- \/ Yoast SEO plugin. -->","yoast_head_json":{"title":"QES-16, QES-35 and QES 75 Generators - The Mining and Construction Company","robots":{"index":"index","follow":"follow","max-snippet":"max-snippet:-1","max-image-preview":"max-image-preview:large","max-video-preview":"max-video-preview:-1"},"canonical":"https:\/\/dehispa.com\/en\/producto\/qes-16-qes-35-and-qes-75-generators\/","og_locale":"en_US","og_type":"article","og_title":"QES-16, QES-35 and QES 75 Generators - The Mining and Construction Company","og_description":"It is the best choice for reliable power, even for the most demanding construction sites.","og_url":"https:\/\/dehispa.com\/en\/producto\/qes-16-qes-35-and-qes-75-generators\/","og_site_name":"The Mining and Construction Company","article_publisher":"https:\/\/www.facebook.com\/Dehispa.Oficial\/","og_image":[{"width":950,"height":950,"url":"https:\/\/dehispa.com\/wp-content\/uploads\/2021\/05\/Generadores-QES-16-QES-35-y-QES-75.jpeg","type":"image\/jpeg"}],"twitter_card":"summary_large_image","schema":{"@context":"https:\/\/schema.org","@graph":[{"@type":"WebPage","@id":"https:\/\/dehispa.com\/en\/producto\/qes-16-qes-35-and-qes-75-generators\/","url":"https:\/\/dehispa.com\/en\/producto\/qes-16-qes-35-and-qes-75-generators\/","name":"QES-16, QES-35 and QES 75 Generators - The Mining and Construction Company","isPartOf":{"@id":"https:\/\/dehispa.com\/es\/#website"},"datePublished":"2021-12-07T14:13:25+00:00","dateModified":"2021-12-07T14:13:25+00:00","breadcrumb":{"@id":"https:\/\/dehispa.com\/en\/producto\/qes-16-qes-35-and-qes-75-generators\/#breadcrumb"},"inLanguage":"en-US","potentialAction":[{"@type":"ReadAction","target":["https:\/\/dehispa.com\/en\/producto\/qes-16-qes-35-and-qes-75-generators\/"]}]},{"@type":"BreadcrumbList","@id":"https:\/\/dehispa.com\/en\/producto\/qes-16-qes-35-and-qes-75-generators\/#breadcrumb","itemListElement":[{"@type":"ListItem","position":1,"name":"Portada","item":"https:\/\/dehispa.com\/es\/"},{"@type":"ListItem","position":2,"name":"Products","item":"https:\/\/dehispa.com\/en\/products\/"},{"@type":"ListItem","position":3,"name":"QES-16, QES-35 and QES 75 Generators"}]},{"@type":"WebSite","@id":"https:\/\/dehispa.com\/es\/#website","url":"https:\/\/dehispa.com\/es\/","name":"Dehispa","description":"Construcci\u00f3n, Miner\u00eda, Obra P\u00fablica e Industria","publisher":{"@id":"https:\/\/dehispa.com\/es\/#organization"},"potentialAction":[{"@type":"SearchAction","target":{"@type":"EntryPoint","urlTemplate":"https:\/\/dehispa.com\/es\/?s={search_term_string}"},"query-input":"required name=search_term_string"}],"inLanguage":"en-US"},{"@type":"Organization","@id":"https:\/\/dehispa.com\/es\/#organization","name":"Dehispa","url":"https:\/\/dehispa.com\/es\/","logo":{"@type":"ImageObject","inLanguage":"en-US","@id":"https:\/\/dehispa.com\/es\/#\/schema\/logo\/image\/","url":"https:\/\/dehispa.com\/wp-content\/uploads\/2021\/06\/logotipo.png","contentUrl":"https:\/\/dehispa.com\/wp-content\/uploads\/2021\/06\/logotipo.png","width":160,"height":53,"caption":"Dehispa"},"image":{"@id":"https:\/\/dehispa.com\/es\/#\/schema\/logo\/image\/"},"sameAs":["https:\/\/www.facebook.com\/Dehispa.Oficial\/"]}]}},"_links":{"self":[{"href":"https:\/\/dehispa.com\/en\/wp-json\/wp\/v2\/product\/238996"}],"collection":[{"href":"https:\/\/dehispa.com\/en\/wp-json\/wp\/v2\/product"}],"about":[{"href":"https:\/\/dehispa.com\/en\/wp-json\/wp\/v2\/types\/product"}],"wp:featuredmedia":[{"embeddable":true,"href":"https:\/\/dehispa.com\/en\/wp-json\/wp\/v2\/media\/3914"}],"wp:attachment":[{"href":"https:\/\/dehispa.com\/en\/wp-json\/wp\/v2\/media?parent=238996"}],"wp:term":[{"taxonomy":"product_cat","embeddable":true,"href":"https:\/\/dehispa.com\/en\/wp-json\/wp\/v2\/product_cat?post=238996"},{"taxonomy":"product_tag","embeddable":true,"href":"https:\/\/dehispa.com\/en\/wp-json\/wp\/v2\/product_tag?post=238996"}],"curies":[{"name":"wp","href":"https:\/\/api.w.org\/{rel}","templated":true}]}}