{"id":239018,"date":"2021-12-07T14:29:58","date_gmt":"2021-12-07T14:29:58","guid":{"rendered":"https:\/\/dehispa.com\/producto\/lp6500-duplex-roller-electric\/"},"modified":"2021-12-07T14:29:58","modified_gmt":"2021-12-07T14:29:58","slug":"lp6500-duplex-roller-electric","status":"publish","type":"product","link":"https:\/\/dehispa.com\/en\/producto\/lp6500-duplex-roller-electric\/","title":{"rendered":"LP6500 Duplex Roller (Electric)"},"content":{"rendered":"<p>The LP6500 is a duplex roller, ideal for soil and asphalt compaction. The machine is fully hydraulic which allows minimal overhang enabling the roller to work close to obstacles such as walls. It is equipped with a large water tank, dead man&#8217;s handle and push stop. The machine can also be supplied with electric start<\/p>\n","protected":false},"excerpt":{"rendered":"<p>The LP6500 is a duplex roller, ideal for soil and asphalt compaction.<\/p>\n","protected":false},"featured_media":3944,"template":"","meta":{"_et_pb_use_builder":"","_et_pb_old_content":"","_et_gb_content_width":""},"product_cat":[299,281],"product_tag":[283],"yoast_head":"<!-- This site is optimized with the Yoast SEO plugin v20.1 - https:\/\/yoast.com\/wordpress\/plugins\/seo\/ -->\n<title>LP6500 Duplex Roller (Electric) - The Mining and Construction Company<\/title>\n<meta name=\"robots\" content=\"index, follow, max-snippet:-1, max-image-preview:large, max-video-preview:-1\" \/>\n<link rel=\"canonical\" href=\"https:\/\/dehispa.com\/en\/producto\/lp6500-duplex-roller-electric\/\" \/>\n<meta property=\"og:locale\" content=\"en_US\" \/>\n<meta property=\"og:type\" content=\"article\" \/>\n<meta property=\"og:title\" content=\"LP6500 Duplex Roller (Electric) - The Mining and Construction Company\" \/>\n<meta property=\"og:description\" content=\"The LP6500 is a duplex roller, ideal for soil and asphalt compaction.\" \/>\n<meta property=\"og:url\" content=\"https:\/\/dehispa.com\/en\/producto\/lp6500-duplex-roller-electric\/\" \/>\n<meta property=\"og:site_name\" content=\"The Mining and Construction Company\" \/>\n<meta property=\"article:publisher\" content=\"https:\/\/www.facebook.com\/Dehispa.Oficial\/\" \/>\n<meta property=\"og:image\" content=\"https:\/\/dehispa.com\/wp-content\/uploads\/2021\/05\/RODILLOS-DUPLEX-LP6500-ELECTRICO.jpg\" \/>\n\t<meta property=\"og:image:width\" content=\"1200\" \/>\n\t<meta property=\"og:image:height\" content=\"1200\" \/>\n\t<meta property=\"og:image:type\" content=\"image\/jpeg\" \/>\n<meta name=\"twitter:card\" content=\"summary_large_image\" \/>\n<script type=\"application\/ld+json\" class=\"yoast-schema-graph\">{\"@context\":\"https:\/\/schema.org\",\"@graph\":[{\"@type\":\"WebPage\",\"@id\":\"https:\/\/dehispa.com\/en\/producto\/lp6500-duplex-roller-electric\/\",\"url\":\"https:\/\/dehispa.com\/en\/producto\/lp6500-duplex-roller-electric\/\",\"name\":\"LP6500 Duplex Roller (Electric) - The Mining and Construction Company\",\"isPartOf\":{\"@id\":\"https:\/\/dehispa.com\/es\/#website\"},\"datePublished\":\"2021-12-07T14:29:58+00:00\",\"dateModified\":\"2021-12-07T14:29:58+00:00\",\"breadcrumb\":{\"@id\":\"https:\/\/dehispa.com\/en\/producto\/lp6500-duplex-roller-electric\/#breadcrumb\"},\"inLanguage\":\"en-US\",\"potentialAction\":[{\"@type\":\"ReadAction\",\"target\":[\"https:\/\/dehispa.com\/en\/producto\/lp6500-duplex-roller-electric\/\"]}]},{\"@type\":\"BreadcrumbList\",\"@id\":\"https:\/\/dehispa.com\/en\/producto\/lp6500-duplex-roller-electric\/#breadcrumb\",\"itemListElement\":[{\"@type\":\"ListItem\",\"position\":1,\"name\":\"Portada\",\"item\":\"https:\/\/dehispa.com\/es\/\"},{\"@type\":\"ListItem\",\"position\":2,\"name\":\"Products\",\"item\":\"https:\/\/dehispa.com\/en\/products\/\"},{\"@type\":\"ListItem\",\"position\":3,\"name\":\"LP6500 Duplex Roller (Electric)\"}]},{\"@type\":\"WebSite\",\"@id\":\"https:\/\/dehispa.com\/es\/#website\",\"url\":\"https:\/\/dehispa.com\/es\/\",\"name\":\"Dehispa\",\"description\":\"Construcci\u00f3n, Miner\u00eda, Obra P\u00fablica e Industria\",\"publisher\":{\"@id\":\"https:\/\/dehispa.com\/es\/#organization\"},\"potentialAction\":[{\"@type\":\"SearchAction\",\"target\":{\"@type\":\"EntryPoint\",\"urlTemplate\":\"https:\/\/dehispa.com\/es\/?s={search_term_string}\"},\"query-input\":\"required name=search_term_string\"}],\"inLanguage\":\"en-US\"},{\"@type\":\"Organization\",\"@id\":\"https:\/\/dehispa.com\/es\/#organization\",\"name\":\"Dehispa\",\"url\":\"https:\/\/dehispa.com\/es\/\",\"logo\":{\"@type\":\"ImageObject\",\"inLanguage\":\"en-US\",\"@id\":\"https:\/\/dehispa.com\/es\/#\/schema\/logo\/image\/\",\"url\":\"https:\/\/dehispa.com\/wp-content\/uploads\/2021\/06\/logotipo.png\",\"contentUrl\":\"https:\/\/dehispa.com\/wp-content\/uploads\/2021\/06\/logotipo.png\",\"width\":160,\"height\":53,\"caption\":\"Dehispa\"},\"image\":{\"@id\":\"https:\/\/dehispa.com\/es\/#\/schema\/logo\/image\/\"},\"sameAs\":[\"https:\/\/www.facebook.com\/Dehispa.Oficial\/\"]}]}<\/script>\n<!-- \/ Yoast SEO plugin. -->","yoast_head_json":{"title":"LP6500 Duplex Roller (Electric) - The Mining and Construction Company","robots":{"index":"index","follow":"follow","max-snippet":"max-snippet:-1","max-image-preview":"max-image-preview:large","max-video-preview":"max-video-preview:-1"},"canonical":"https:\/\/dehispa.com\/en\/producto\/lp6500-duplex-roller-electric\/","og_locale":"en_US","og_type":"article","og_title":"LP6500 Duplex Roller (Electric) - The Mining and Construction Company","og_description":"The LP6500 is a duplex roller, ideal for soil and asphalt compaction.","og_url":"https:\/\/dehispa.com\/en\/producto\/lp6500-duplex-roller-electric\/","og_site_name":"The Mining and Construction Company","article_publisher":"https:\/\/www.facebook.com\/Dehispa.Oficial\/","og_image":[{"width":1200,"height":1200,"url":"https:\/\/dehispa.com\/wp-content\/uploads\/2021\/05\/RODILLOS-DUPLEX-LP6500-ELECTRICO.jpg","type":"image\/jpeg"}],"twitter_card":"summary_large_image","schema":{"@context":"https:\/\/schema.org","@graph":[{"@type":"WebPage","@id":"https:\/\/dehispa.com\/en\/producto\/lp6500-duplex-roller-electric\/","url":"https:\/\/dehispa.com\/en\/producto\/lp6500-duplex-roller-electric\/","name":"LP6500 Duplex Roller (Electric) - The Mining and Construction Company","isPartOf":{"@id":"https:\/\/dehispa.com\/es\/#website"},"datePublished":"2021-12-07T14:29:58+00:00","dateModified":"2021-12-07T14:29:58+00:00","breadcrumb":{"@id":"https:\/\/dehispa.com\/en\/producto\/lp6500-duplex-roller-electric\/#breadcrumb"},"inLanguage":"en-US","potentialAction":[{"@type":"ReadAction","target":["https:\/\/dehispa.com\/en\/producto\/lp6500-duplex-roller-electric\/"]}]},{"@type":"BreadcrumbList","@id":"https:\/\/dehispa.com\/en\/producto\/lp6500-duplex-roller-electric\/#breadcrumb","itemListElement":[{"@type":"ListItem","position":1,"name":"Portada","item":"https:\/\/dehispa.com\/es\/"},{"@type":"ListItem","position":2,"name":"Products","item":"https:\/\/dehispa.com\/en\/products\/"},{"@type":"ListItem","position":3,"name":"LP6500 Duplex Roller (Electric)"}]},{"@type":"WebSite","@id":"https:\/\/dehispa.com\/es\/#website","url":"https:\/\/dehispa.com\/es\/","name":"Dehispa","description":"Construcci\u00f3n, Miner\u00eda, Obra P\u00fablica e Industria","publisher":{"@id":"https:\/\/dehispa.com\/es\/#organization"},"potentialAction":[{"@type":"SearchAction","target":{"@type":"EntryPoint","urlTemplate":"https:\/\/dehispa.com\/es\/?s={search_term_string}"},"query-input":"required name=search_term_string"}],"inLanguage":"en-US"},{"@type":"Organization","@id":"https:\/\/dehispa.com\/es\/#organization","name":"Dehispa","url":"https:\/\/dehispa.com\/es\/","logo":{"@type":"ImageObject","inLanguage":"en-US","@id":"https:\/\/dehispa.com\/es\/#\/schema\/logo\/image\/","url":"https:\/\/dehispa.com\/wp-content\/uploads\/2021\/06\/logotipo.png","contentUrl":"https:\/\/dehispa.com\/wp-content\/uploads\/2021\/06\/logotipo.png","width":160,"height":53,"caption":"Dehispa"},"image":{"@id":"https:\/\/dehispa.com\/es\/#\/schema\/logo\/image\/"},"sameAs":["https:\/\/www.facebook.com\/Dehispa.Oficial\/"]}]}},"_links":{"self":[{"href":"https:\/\/dehispa.com\/en\/wp-json\/wp\/v2\/product\/239018"}],"collection":[{"href":"https:\/\/dehispa.com\/en\/wp-json\/wp\/v2\/product"}],"about":[{"href":"https:\/\/dehispa.com\/en\/wp-json\/wp\/v2\/types\/product"}],"wp:featuredmedia":[{"embeddable":true,"href":"https:\/\/dehispa.com\/en\/wp-json\/wp\/v2\/media\/3944"}],"wp:attachment":[{"href":"https:\/\/dehispa.com\/en\/wp-json\/wp\/v2\/media?parent=239018"}],"wp:term":[{"taxonomy":"product_cat","embeddable":true,"href":"https:\/\/dehispa.com\/en\/wp-json\/wp\/v2\/product_cat?post=239018"},{"taxonomy":"product_tag","embeddable":true,"href":"https:\/\/dehispa.com\/en\/wp-json\/wp\/v2\/product_tag?post=239018"}],"curies":[{"name":"wp","href":"https:\/\/api.w.org\/{rel}","templated":true}]}}