{"id":239019,"date":"2021-12-07T14:31:01","date_gmt":"2021-12-07T14:31:01","guid":{"rendered":"https:\/\/dehispa.com\/producto\/cc1300-tandem-vibratory-roller\/"},"modified":"2021-12-07T14:31:01","modified_gmt":"2021-12-07T14:31:01","slug":"cc1300-tandem-vibratory-roller","status":"publish","type":"product","link":"https:\/\/dehispa.com\/en\/producto\/cc1300-tandem-vibratory-roller\/","title":{"rendered":"CC1300 Tandem Vibratory Roller"},"content":{"rendered":"<p>Dynapac&#8217;s range of compact articulated tandem rollers: CC1100, CC1200 and CC1300, for compaction on city streets, where size and noise are critical factors. The series has an operating weight of 2,400 to 3,900 kg and is available in two versions: one with double steel vibratory drums and one with one vibratory drum and four static rubber tyres. All models feature design improvements and a new engine that is quieter than ever<\/p>\n","protected":false},"excerpt":{"rendered":"<p>Dynapac&#8217;s range of compact articulated tandem rollers: CC1100, CC1200 and CC1300, for compaction on city streets, where size and noise are critical factors.<\/p>\n","protected":false},"featured_media":3948,"template":"","meta":{"_et_pb_use_builder":"","_et_pb_old_content":"","_et_gb_content_width":""},"product_cat":[299,300,281],"product_tag":[283],"yoast_head":"<!-- This site is optimized with the Yoast SEO plugin v20.1 - https:\/\/yoast.com\/wordpress\/plugins\/seo\/ -->\n<title>CC1300 Tandem Vibratory Roller - The Mining and Construction Company<\/title>\n<meta name=\"robots\" content=\"index, follow, max-snippet:-1, max-image-preview:large, max-video-preview:-1\" \/>\n<link rel=\"canonical\" href=\"https:\/\/dehispa.com\/en\/producto\/cc1300-tandem-vibratory-roller\/\" \/>\n<meta property=\"og:locale\" content=\"en_US\" \/>\n<meta property=\"og:type\" content=\"article\" \/>\n<meta property=\"og:title\" content=\"CC1300 Tandem Vibratory Roller - The Mining and Construction Company\" \/>\n<meta property=\"og:description\" content=\"Dynapac&#039;s range of compact articulated tandem rollers: CC1100, CC1200 and CC1300, for compaction on city streets, where size and noise are critical factors.\" \/>\n<meta property=\"og:url\" content=\"https:\/\/dehispa.com\/en\/producto\/cc1300-tandem-vibratory-roller\/\" \/>\n<meta property=\"og:site_name\" content=\"The Mining and Construction Company\" \/>\n<meta property=\"article:publisher\" content=\"https:\/\/www.facebook.com\/Dehispa.Oficial\/\" \/>\n<meta property=\"og:image\" content=\"https:\/\/dehispa.com\/wp-content\/uploads\/2021\/05\/Vibrocompactadores-Tandem-CC1300.jpg\" \/>\n\t<meta property=\"og:image:width\" content=\"1200\" \/>\n\t<meta property=\"og:image:height\" content=\"1200\" \/>\n\t<meta property=\"og:image:type\" content=\"image\/jpeg\" \/>\n<meta name=\"twitter:card\" content=\"summary_large_image\" \/>\n<script type=\"application\/ld+json\" class=\"yoast-schema-graph\">{\"@context\":\"https:\/\/schema.org\",\"@graph\":[{\"@type\":\"WebPage\",\"@id\":\"https:\/\/dehispa.com\/en\/producto\/cc1300-tandem-vibratory-roller\/\",\"url\":\"https:\/\/dehispa.com\/en\/producto\/cc1300-tandem-vibratory-roller\/\",\"name\":\"CC1300 Tandem Vibratory Roller - The Mining and Construction Company\",\"isPartOf\":{\"@id\":\"https:\/\/dehispa.com\/es\/#website\"},\"datePublished\":\"2021-12-07T14:31:01+00:00\",\"dateModified\":\"2021-12-07T14:31:01+00:00\",\"breadcrumb\":{\"@id\":\"https:\/\/dehispa.com\/en\/producto\/cc1300-tandem-vibratory-roller\/#breadcrumb\"},\"inLanguage\":\"en-US\",\"potentialAction\":[{\"@type\":\"ReadAction\",\"target\":[\"https:\/\/dehispa.com\/en\/producto\/cc1300-tandem-vibratory-roller\/\"]}]},{\"@type\":\"BreadcrumbList\",\"@id\":\"https:\/\/dehispa.com\/en\/producto\/cc1300-tandem-vibratory-roller\/#breadcrumb\",\"itemListElement\":[{\"@type\":\"ListItem\",\"position\":1,\"name\":\"Portada\",\"item\":\"https:\/\/dehispa.com\/es\/\"},{\"@type\":\"ListItem\",\"position\":2,\"name\":\"Products\",\"item\":\"https:\/\/dehispa.com\/en\/products\/\"},{\"@type\":\"ListItem\",\"position\":3,\"name\":\"CC1300 Tandem Vibratory Roller\"}]},{\"@type\":\"WebSite\",\"@id\":\"https:\/\/dehispa.com\/es\/#website\",\"url\":\"https:\/\/dehispa.com\/es\/\",\"name\":\"Dehispa\",\"description\":\"Construcci\u00f3n, Miner\u00eda, Obra P\u00fablica e Industria\",\"publisher\":{\"@id\":\"https:\/\/dehispa.com\/es\/#organization\"},\"potentialAction\":[{\"@type\":\"SearchAction\",\"target\":{\"@type\":\"EntryPoint\",\"urlTemplate\":\"https:\/\/dehispa.com\/es\/?s={search_term_string}\"},\"query-input\":\"required name=search_term_string\"}],\"inLanguage\":\"en-US\"},{\"@type\":\"Organization\",\"@id\":\"https:\/\/dehispa.com\/es\/#organization\",\"name\":\"Dehispa\",\"url\":\"https:\/\/dehispa.com\/es\/\",\"logo\":{\"@type\":\"ImageObject\",\"inLanguage\":\"en-US\",\"@id\":\"https:\/\/dehispa.com\/es\/#\/schema\/logo\/image\/\",\"url\":\"https:\/\/dehispa.com\/wp-content\/uploads\/2021\/06\/logotipo.png\",\"contentUrl\":\"https:\/\/dehispa.com\/wp-content\/uploads\/2021\/06\/logotipo.png\",\"width\":160,\"height\":53,\"caption\":\"Dehispa\"},\"image\":{\"@id\":\"https:\/\/dehispa.com\/es\/#\/schema\/logo\/image\/\"},\"sameAs\":[\"https:\/\/www.facebook.com\/Dehispa.Oficial\/\"]}]}<\/script>\n<!-- \/ Yoast SEO plugin. -->","yoast_head_json":{"title":"CC1300 Tandem Vibratory Roller - The Mining and Construction Company","robots":{"index":"index","follow":"follow","max-snippet":"max-snippet:-1","max-image-preview":"max-image-preview:large","max-video-preview":"max-video-preview:-1"},"canonical":"https:\/\/dehispa.com\/en\/producto\/cc1300-tandem-vibratory-roller\/","og_locale":"en_US","og_type":"article","og_title":"CC1300 Tandem Vibratory Roller - The Mining and Construction Company","og_description":"Dynapac's range of compact articulated tandem rollers: CC1100, CC1200 and CC1300, for compaction on city streets, where size and noise are critical factors.","og_url":"https:\/\/dehispa.com\/en\/producto\/cc1300-tandem-vibratory-roller\/","og_site_name":"The Mining and Construction Company","article_publisher":"https:\/\/www.facebook.com\/Dehispa.Oficial\/","og_image":[{"width":1200,"height":1200,"url":"https:\/\/dehispa.com\/wp-content\/uploads\/2021\/05\/Vibrocompactadores-Tandem-CC1300.jpg","type":"image\/jpeg"}],"twitter_card":"summary_large_image","schema":{"@context":"https:\/\/schema.org","@graph":[{"@type":"WebPage","@id":"https:\/\/dehispa.com\/en\/producto\/cc1300-tandem-vibratory-roller\/","url":"https:\/\/dehispa.com\/en\/producto\/cc1300-tandem-vibratory-roller\/","name":"CC1300 Tandem Vibratory Roller - The Mining and Construction Company","isPartOf":{"@id":"https:\/\/dehispa.com\/es\/#website"},"datePublished":"2021-12-07T14:31:01+00:00","dateModified":"2021-12-07T14:31:01+00:00","breadcrumb":{"@id":"https:\/\/dehispa.com\/en\/producto\/cc1300-tandem-vibratory-roller\/#breadcrumb"},"inLanguage":"en-US","potentialAction":[{"@type":"ReadAction","target":["https:\/\/dehispa.com\/en\/producto\/cc1300-tandem-vibratory-roller\/"]}]},{"@type":"BreadcrumbList","@id":"https:\/\/dehispa.com\/en\/producto\/cc1300-tandem-vibratory-roller\/#breadcrumb","itemListElement":[{"@type":"ListItem","position":1,"name":"Portada","item":"https:\/\/dehispa.com\/es\/"},{"@type":"ListItem","position":2,"name":"Products","item":"https:\/\/dehispa.com\/en\/products\/"},{"@type":"ListItem","position":3,"name":"CC1300 Tandem Vibratory Roller"}]},{"@type":"WebSite","@id":"https:\/\/dehispa.com\/es\/#website","url":"https:\/\/dehispa.com\/es\/","name":"Dehispa","description":"Construcci\u00f3n, Miner\u00eda, Obra P\u00fablica e Industria","publisher":{"@id":"https:\/\/dehispa.com\/es\/#organization"},"potentialAction":[{"@type":"SearchAction","target":{"@type":"EntryPoint","urlTemplate":"https:\/\/dehispa.com\/es\/?s={search_term_string}"},"query-input":"required name=search_term_string"}],"inLanguage":"en-US"},{"@type":"Organization","@id":"https:\/\/dehispa.com\/es\/#organization","name":"Dehispa","url":"https:\/\/dehispa.com\/es\/","logo":{"@type":"ImageObject","inLanguage":"en-US","@id":"https:\/\/dehispa.com\/es\/#\/schema\/logo\/image\/","url":"https:\/\/dehispa.com\/wp-content\/uploads\/2021\/06\/logotipo.png","contentUrl":"https:\/\/dehispa.com\/wp-content\/uploads\/2021\/06\/logotipo.png","width":160,"height":53,"caption":"Dehispa"},"image":{"@id":"https:\/\/dehispa.com\/es\/#\/schema\/logo\/image\/"},"sameAs":["https:\/\/www.facebook.com\/Dehispa.Oficial\/"]}]}},"_links":{"self":[{"href":"https:\/\/dehispa.com\/en\/wp-json\/wp\/v2\/product\/239019"}],"collection":[{"href":"https:\/\/dehispa.com\/en\/wp-json\/wp\/v2\/product"}],"about":[{"href":"https:\/\/dehispa.com\/en\/wp-json\/wp\/v2\/types\/product"}],"wp:featuredmedia":[{"embeddable":true,"href":"https:\/\/dehispa.com\/en\/wp-json\/wp\/v2\/media\/3948"}],"wp:attachment":[{"href":"https:\/\/dehispa.com\/en\/wp-json\/wp\/v2\/media?parent=239019"}],"wp:term":[{"taxonomy":"product_cat","embeddable":true,"href":"https:\/\/dehispa.com\/en\/wp-json\/wp\/v2\/product_cat?post=239019"},{"taxonomy":"product_tag","embeddable":true,"href":"https:\/\/dehispa.com\/en\/wp-json\/wp\/v2\/product_tag?post=239019"}],"curies":[{"name":"wp","href":"https:\/\/api.w.org\/{rel}","templated":true}]}}