{"id":240300,"date":"2026-04-20T09:03:29","date_gmt":"2026-04-20T09:06:39","guid":{"rendered":"https:\/\/dehispa.com\/producto\/dumper-truck-d12\/"},"modified":"2026-04-20T09:08:27","modified_gmt":"2026-04-20T09:08:27","slug":"dumper-truck-d12","status":"publish","type":"product","link":"https:\/\/dehispa.com\/en\/producto\/dumper-truck-d12\/","title":{"rendered":"Dumper Truck D12"},"content":{"rendered":"<p>The driver&#8217;s seat is reversible, mounted on ball and thrust bearings. It also features an ergonomic seat with elastic suspension and a seatbelt. Visibility is excellent, both during transport and operation.  <\/p>\n<p>Other features include a thermoformed ABS steering column with an electronic display and easily accessible and readable control instruments. The cab is enclosed on three sides and has an electric windshield wiper on the front window. <\/p>\n<p>Maximum load: 6,700 liters (8,300 liters heaped)<br \/>\nEngine: 115 hp<br \/>\nTransmission: 4&#215;4<br \/>\nDischarge: Rear<\/p>\n","protected":false},"excerpt":{"rendered":"<p>The driver&#8217;s seat is reversible, mounted on ball and thrust bearings. It also features an ergonomic seat with elastic suspension and a seatbelt. Visibility is excellent, both during transport and operation. Other features include a thermoformed ABS steering column with an electronic display and easily accessible and readable control instruments. The cab is enclosed on [&hellip;]<\/p>\n","protected":false},"featured_media":240299,"template":"","meta":{"_et_pb_use_builder":"","_et_pb_old_content":"","_et_gb_content_width":""},"product_cat":[330,282],"product_tag":[284],"yoast_head":"<!-- This site is optimized with the Yoast SEO plugin v20.1 - https:\/\/yoast.com\/wordpress\/plugins\/seo\/ -->\n<title>Dumper Truck D12 - The Mining and Construction Company<\/title>\n<meta name=\"robots\" content=\"index, follow, max-snippet:-1, max-image-preview:large, max-video-preview:-1\" \/>\n<link rel=\"canonical\" href=\"https:\/\/dehispa.com\/en\/producto\/dumper-truck-d12\/\" \/>\n<meta property=\"og:locale\" content=\"en_US\" \/>\n<meta property=\"og:type\" content=\"article\" \/>\n<meta property=\"og:title\" content=\"Dumper Truck D12 - The Mining and Construction Company\" \/>\n<meta property=\"og:description\" content=\"The driver&#8217;s seat is reversible, mounted on ball and thrust bearings. It also features an ergonomic seat with elastic suspension and a seatbelt. Visibility is excellent, both during transport and operation. Other features include a thermoformed ABS steering column with an electronic display and easily accessible and readable control instruments. The cab is enclosed on [&hellip;]\" \/>\n<meta property=\"og:url\" content=\"https:\/\/dehispa.com\/en\/producto\/dumper-truck-d12\/\" \/>\n<meta property=\"og:site_name\" content=\"The Mining and Construction Company\" \/>\n<meta property=\"article:publisher\" content=\"https:\/\/www.facebook.com\/Dehispa.Oficial\/\" \/>\n<meta property=\"article:modified_time\" content=\"2026-04-20T09:08:27+00:00\" \/>\n<meta property=\"og:image\" content=\"https:\/\/dehispa.com\/wp-content\/uploads\/2026\/04\/davino-d12-001.jpg\" \/>\n\t<meta property=\"og:image:width\" content=\"700\" \/>\n\t<meta property=\"og:image:height\" content=\"700\" \/>\n\t<meta property=\"og:image:type\" content=\"image\/jpeg\" \/>\n<meta name=\"twitter:card\" content=\"summary_large_image\" \/>\n<script type=\"application\/ld+json\" class=\"yoast-schema-graph\">{\"@context\":\"https:\/\/schema.org\",\"@graph\":[{\"@type\":\"WebPage\",\"@id\":\"https:\/\/dehispa.com\/en\/producto\/dumper-truck-d12\/\",\"url\":\"https:\/\/dehispa.com\/en\/producto\/dumper-truck-d12\/\",\"name\":\"Dumper Truck D12 - The Mining and Construction Company\",\"isPartOf\":{\"@id\":\"https:\/\/dehispa.com\/es\/#website\"},\"datePublished\":\"2026-04-20T09:06:39+00:00\",\"dateModified\":\"2026-04-20T09:08:27+00:00\",\"breadcrumb\":{\"@id\":\"https:\/\/dehispa.com\/en\/producto\/dumper-truck-d12\/#breadcrumb\"},\"inLanguage\":\"en-US\",\"potentialAction\":[{\"@type\":\"ReadAction\",\"target\":[\"https:\/\/dehispa.com\/en\/producto\/dumper-truck-d12\/\"]}]},{\"@type\":\"BreadcrumbList\",\"@id\":\"https:\/\/dehispa.com\/en\/producto\/dumper-truck-d12\/#breadcrumb\",\"itemListElement\":[{\"@type\":\"ListItem\",\"position\":1,\"name\":\"Portada\",\"item\":\"https:\/\/dehispa.com\/es\/\"},{\"@type\":\"ListItem\",\"position\":2,\"name\":\"Products\",\"item\":\"https:\/\/dehispa.com\/en\/products\/\"},{\"@type\":\"ListItem\",\"position\":3,\"name\":\"Dumper Truck D12\"}]},{\"@type\":\"WebSite\",\"@id\":\"https:\/\/dehispa.com\/es\/#website\",\"url\":\"https:\/\/dehispa.com\/es\/\",\"name\":\"Dehispa\",\"description\":\"Construcci\u00f3n, Miner\u00eda, Obra P\u00fablica e Industria\",\"publisher\":{\"@id\":\"https:\/\/dehispa.com\/es\/#organization\"},\"potentialAction\":[{\"@type\":\"SearchAction\",\"target\":{\"@type\":\"EntryPoint\",\"urlTemplate\":\"https:\/\/dehispa.com\/es\/?s={search_term_string}\"},\"query-input\":\"required name=search_term_string\"}],\"inLanguage\":\"en-US\"},{\"@type\":\"Organization\",\"@id\":\"https:\/\/dehispa.com\/es\/#organization\",\"name\":\"Dehispa\",\"url\":\"https:\/\/dehispa.com\/es\/\",\"logo\":{\"@type\":\"ImageObject\",\"inLanguage\":\"en-US\",\"@id\":\"https:\/\/dehispa.com\/es\/#\/schema\/logo\/image\/\",\"url\":\"https:\/\/dehispa.com\/wp-content\/uploads\/2021\/06\/logotipo.png\",\"contentUrl\":\"https:\/\/dehispa.com\/wp-content\/uploads\/2021\/06\/logotipo.png\",\"width\":160,\"height\":53,\"caption\":\"Dehispa\"},\"image\":{\"@id\":\"https:\/\/dehispa.com\/es\/#\/schema\/logo\/image\/\"},\"sameAs\":[\"https:\/\/www.facebook.com\/Dehispa.Oficial\/\"]}]}<\/script>\n<!-- \/ Yoast SEO plugin. -->","yoast_head_json":{"title":"Dumper Truck D12 - The Mining and Construction Company","robots":{"index":"index","follow":"follow","max-snippet":"max-snippet:-1","max-image-preview":"max-image-preview:large","max-video-preview":"max-video-preview:-1"},"canonical":"https:\/\/dehispa.com\/en\/producto\/dumper-truck-d12\/","og_locale":"en_US","og_type":"article","og_title":"Dumper Truck D12 - The Mining and Construction Company","og_description":"The driver&#8217;s seat is reversible, mounted on ball and thrust bearings. It also features an ergonomic seat with elastic suspension and a seatbelt. Visibility is excellent, both during transport and operation. Other features include a thermoformed ABS steering column with an electronic display and easily accessible and readable control instruments. The cab is enclosed on [&hellip;]","og_url":"https:\/\/dehispa.com\/en\/producto\/dumper-truck-d12\/","og_site_name":"The Mining and Construction Company","article_publisher":"https:\/\/www.facebook.com\/Dehispa.Oficial\/","article_modified_time":"2026-04-20T09:08:27+00:00","og_image":[{"width":700,"height":700,"url":"https:\/\/dehispa.com\/wp-content\/uploads\/2026\/04\/davino-d12-001.jpg","type":"image\/jpeg"}],"twitter_card":"summary_large_image","schema":{"@context":"https:\/\/schema.org","@graph":[{"@type":"WebPage","@id":"https:\/\/dehispa.com\/en\/producto\/dumper-truck-d12\/","url":"https:\/\/dehispa.com\/en\/producto\/dumper-truck-d12\/","name":"Dumper Truck D12 - The Mining and Construction Company","isPartOf":{"@id":"https:\/\/dehispa.com\/es\/#website"},"datePublished":"2026-04-20T09:06:39+00:00","dateModified":"2026-04-20T09:08:27+00:00","breadcrumb":{"@id":"https:\/\/dehispa.com\/en\/producto\/dumper-truck-d12\/#breadcrumb"},"inLanguage":"en-US","potentialAction":[{"@type":"ReadAction","target":["https:\/\/dehispa.com\/en\/producto\/dumper-truck-d12\/"]}]},{"@type":"BreadcrumbList","@id":"https:\/\/dehispa.com\/en\/producto\/dumper-truck-d12\/#breadcrumb","itemListElement":[{"@type":"ListItem","position":1,"name":"Portada","item":"https:\/\/dehispa.com\/es\/"},{"@type":"ListItem","position":2,"name":"Products","item":"https:\/\/dehispa.com\/en\/products\/"},{"@type":"ListItem","position":3,"name":"Dumper Truck D12"}]},{"@type":"WebSite","@id":"https:\/\/dehispa.com\/es\/#website","url":"https:\/\/dehispa.com\/es\/","name":"Dehispa","description":"Construcci\u00f3n, Miner\u00eda, Obra P\u00fablica e Industria","publisher":{"@id":"https:\/\/dehispa.com\/es\/#organization"},"potentialAction":[{"@type":"SearchAction","target":{"@type":"EntryPoint","urlTemplate":"https:\/\/dehispa.com\/es\/?s={search_term_string}"},"query-input":"required name=search_term_string"}],"inLanguage":"en-US"},{"@type":"Organization","@id":"https:\/\/dehispa.com\/es\/#organization","name":"Dehispa","url":"https:\/\/dehispa.com\/es\/","logo":{"@type":"ImageObject","inLanguage":"en-US","@id":"https:\/\/dehispa.com\/es\/#\/schema\/logo\/image\/","url":"https:\/\/dehispa.com\/wp-content\/uploads\/2021\/06\/logotipo.png","contentUrl":"https:\/\/dehispa.com\/wp-content\/uploads\/2021\/06\/logotipo.png","width":160,"height":53,"caption":"Dehispa"},"image":{"@id":"https:\/\/dehispa.com\/es\/#\/schema\/logo\/image\/"},"sameAs":["https:\/\/www.facebook.com\/Dehispa.Oficial\/"]}]}},"_links":{"self":[{"href":"https:\/\/dehispa.com\/en\/wp-json\/wp\/v2\/product\/240300"}],"collection":[{"href":"https:\/\/dehispa.com\/en\/wp-json\/wp\/v2\/product"}],"about":[{"href":"https:\/\/dehispa.com\/en\/wp-json\/wp\/v2\/types\/product"}],"wp:featuredmedia":[{"embeddable":true,"href":"https:\/\/dehispa.com\/en\/wp-json\/wp\/v2\/media\/240299"}],"wp:attachment":[{"href":"https:\/\/dehispa.com\/en\/wp-json\/wp\/v2\/media?parent=240300"}],"wp:term":[{"taxonomy":"product_cat","embeddable":true,"href":"https:\/\/dehispa.com\/en\/wp-json\/wp\/v2\/product_cat?post=240300"},{"taxonomy":"product_tag","embeddable":true,"href":"https:\/\/dehispa.com\/en\/wp-json\/wp\/v2\/product_tag?post=240300"}],"curies":[{"name":"wp","href":"https:\/\/api.w.org\/{rel}","templated":true}]}}