{"id":240374,"date":"2026-04-21T10:18:59","date_gmt":"2026-04-21T10:19:35","guid":{"rendered":"https:\/\/dehispa.com\/producto\/th-5-5-19-p\/"},"modified":"2026-04-21T10:19:35","modified_gmt":"2026-04-21T10:19:35","slug":"th-5-5-19-p","status":"publish","type":"product","link":"https:\/\/dehispa.com\/en\/producto\/th-5-5-19-p\/","title":{"rendered":"TH 5.5.19 P"},"content":{"rendered":"<p>The TH 5.5.19 P is a stationary telescopic handler ideal for demanding light industrial construction sites. Powered by a 74.4 kW Deutz engine, it safely reaches heights of up to 18.80 m on uneven terrain thanks to automatic leveling, which operates on both wheels and stabilizers, and four-wheel drive.<br \/>\nThe hydrostatic transmission offers precision and agility. It is compatible with a wide range of attachments and is equipped with an RFID system that enables automatic attachment recognition and subsequent creation of load charts.  <\/p>\n","protected":false},"excerpt":{"rendered":"<p>The TH 5.5.19 P is a stationary telescopic handler ideal for demanding light industrial construction sites. Powered by a 74.4 kW Deutz engine, it safely reaches heights of up to 18.80 m on uneven terrain thanks to automatic leveling, which operates on both wheels and stabilizers, and four-wheel drive. The hydrostatic transmission offers precision and [&hellip;]<\/p>\n","protected":false},"featured_media":240373,"template":"","meta":{"_et_pb_use_builder":"","_et_pb_old_content":"","_et_gb_content_width":""},"product_cat":[320,282],"product_tag":[284],"yoast_head":"<!-- This site is optimized with the Yoast SEO plugin v20.1 - https:\/\/yoast.com\/wordpress\/plugins\/seo\/ -->\n<title>TH 5.5.19 P - The Mining and Construction Company<\/title>\n<meta name=\"robots\" content=\"index, follow, max-snippet:-1, max-image-preview:large, max-video-preview:-1\" \/>\n<link rel=\"canonical\" href=\"https:\/\/dehispa.com\/en\/producto\/th-5-5-19-p\/\" \/>\n<meta property=\"og:locale\" content=\"en_US\" \/>\n<meta property=\"og:type\" content=\"article\" \/>\n<meta property=\"og:title\" content=\"TH 5.5.19 P - The Mining and Construction Company\" \/>\n<meta property=\"og:description\" content=\"The TH 5.5.19 P is a stationary telescopic handler ideal for demanding light industrial construction sites. Powered by a 74.4 kW Deutz engine, it safely reaches heights of up to 18.80 m on uneven terrain thanks to automatic leveling, which operates on both wheels and stabilizers, and four-wheel drive. The hydrostatic transmission offers precision and [&hellip;]\" \/>\n<meta property=\"og:url\" content=\"https:\/\/dehispa.com\/en\/producto\/th-5-5-19-p\/\" \/>\n<meta property=\"og:site_name\" content=\"The Mining and Construction Company\" \/>\n<meta property=\"article:publisher\" content=\"https:\/\/www.facebook.com\/Dehispa.Oficial\/\" \/>\n<meta property=\"og:image\" content=\"https:\/\/dehispa.com\/wp-content\/uploads\/2026\/04\/TH55.19P_Coppprod.png\" \/>\n\t<meta property=\"og:image:width\" content=\"800\" \/>\n\t<meta property=\"og:image:height\" content=\"800\" \/>\n\t<meta property=\"og:image:type\" content=\"image\/png\" \/>\n<meta name=\"twitter:card\" content=\"summary_large_image\" \/>\n<script type=\"application\/ld+json\" class=\"yoast-schema-graph\">{\"@context\":\"https:\/\/schema.org\",\"@graph\":[{\"@type\":\"WebPage\",\"@id\":\"https:\/\/dehispa.com\/en\/producto\/th-5-5-19-p\/\",\"url\":\"https:\/\/dehispa.com\/en\/producto\/th-5-5-19-p\/\",\"name\":\"TH 5.5.19 P - The Mining and Construction Company\",\"isPartOf\":{\"@id\":\"https:\/\/dehispa.com\/es\/#website\"},\"datePublished\":\"2026-04-21T10:19:35+00:00\",\"dateModified\":\"2026-04-21T10:19:35+00:00\",\"breadcrumb\":{\"@id\":\"https:\/\/dehispa.com\/en\/producto\/th-5-5-19-p\/#breadcrumb\"},\"inLanguage\":\"en-US\",\"potentialAction\":[{\"@type\":\"ReadAction\",\"target\":[\"https:\/\/dehispa.com\/en\/producto\/th-5-5-19-p\/\"]}]},{\"@type\":\"BreadcrumbList\",\"@id\":\"https:\/\/dehispa.com\/en\/producto\/th-5-5-19-p\/#breadcrumb\",\"itemListElement\":[{\"@type\":\"ListItem\",\"position\":1,\"name\":\"Portada\",\"item\":\"https:\/\/dehispa.com\/es\/\"},{\"@type\":\"ListItem\",\"position\":2,\"name\":\"Products\",\"item\":\"https:\/\/dehispa.com\/en\/products\/\"},{\"@type\":\"ListItem\",\"position\":3,\"name\":\"TH 5.5.19 P\"}]},{\"@type\":\"WebSite\",\"@id\":\"https:\/\/dehispa.com\/es\/#website\",\"url\":\"https:\/\/dehispa.com\/es\/\",\"name\":\"Dehispa\",\"description\":\"Construcci\u00f3n, Miner\u00eda, Obra P\u00fablica e Industria\",\"publisher\":{\"@id\":\"https:\/\/dehispa.com\/es\/#organization\"},\"potentialAction\":[{\"@type\":\"SearchAction\",\"target\":{\"@type\":\"EntryPoint\",\"urlTemplate\":\"https:\/\/dehispa.com\/es\/?s={search_term_string}\"},\"query-input\":\"required name=search_term_string\"}],\"inLanguage\":\"en-US\"},{\"@type\":\"Organization\",\"@id\":\"https:\/\/dehispa.com\/es\/#organization\",\"name\":\"Dehispa\",\"url\":\"https:\/\/dehispa.com\/es\/\",\"logo\":{\"@type\":\"ImageObject\",\"inLanguage\":\"en-US\",\"@id\":\"https:\/\/dehispa.com\/es\/#\/schema\/logo\/image\/\",\"url\":\"https:\/\/dehispa.com\/wp-content\/uploads\/2021\/06\/logotipo.png\",\"contentUrl\":\"https:\/\/dehispa.com\/wp-content\/uploads\/2021\/06\/logotipo.png\",\"width\":160,\"height\":53,\"caption\":\"Dehispa\"},\"image\":{\"@id\":\"https:\/\/dehispa.com\/es\/#\/schema\/logo\/image\/\"},\"sameAs\":[\"https:\/\/www.facebook.com\/Dehispa.Oficial\/\"]}]}<\/script>\n<!-- \/ Yoast SEO plugin. -->","yoast_head_json":{"title":"TH 5.5.19 P - The Mining and Construction Company","robots":{"index":"index","follow":"follow","max-snippet":"max-snippet:-1","max-image-preview":"max-image-preview:large","max-video-preview":"max-video-preview:-1"},"canonical":"https:\/\/dehispa.com\/en\/producto\/th-5-5-19-p\/","og_locale":"en_US","og_type":"article","og_title":"TH 5.5.19 P - The Mining and Construction Company","og_description":"The TH 5.5.19 P is a stationary telescopic handler ideal for demanding light industrial construction sites. Powered by a 74.4 kW Deutz engine, it safely reaches heights of up to 18.80 m on uneven terrain thanks to automatic leveling, which operates on both wheels and stabilizers, and four-wheel drive. The hydrostatic transmission offers precision and [&hellip;]","og_url":"https:\/\/dehispa.com\/en\/producto\/th-5-5-19-p\/","og_site_name":"The Mining and Construction Company","article_publisher":"https:\/\/www.facebook.com\/Dehispa.Oficial\/","og_image":[{"width":800,"height":800,"url":"https:\/\/dehispa.com\/wp-content\/uploads\/2026\/04\/TH55.19P_Coppprod.png","type":"image\/png"}],"twitter_card":"summary_large_image","schema":{"@context":"https:\/\/schema.org","@graph":[{"@type":"WebPage","@id":"https:\/\/dehispa.com\/en\/producto\/th-5-5-19-p\/","url":"https:\/\/dehispa.com\/en\/producto\/th-5-5-19-p\/","name":"TH 5.5.19 P - The Mining and Construction Company","isPartOf":{"@id":"https:\/\/dehispa.com\/es\/#website"},"datePublished":"2026-04-21T10:19:35+00:00","dateModified":"2026-04-21T10:19:35+00:00","breadcrumb":{"@id":"https:\/\/dehispa.com\/en\/producto\/th-5-5-19-p\/#breadcrumb"},"inLanguage":"en-US","potentialAction":[{"@type":"ReadAction","target":["https:\/\/dehispa.com\/en\/producto\/th-5-5-19-p\/"]}]},{"@type":"BreadcrumbList","@id":"https:\/\/dehispa.com\/en\/producto\/th-5-5-19-p\/#breadcrumb","itemListElement":[{"@type":"ListItem","position":1,"name":"Portada","item":"https:\/\/dehispa.com\/es\/"},{"@type":"ListItem","position":2,"name":"Products","item":"https:\/\/dehispa.com\/en\/products\/"},{"@type":"ListItem","position":3,"name":"TH 5.5.19 P"}]},{"@type":"WebSite","@id":"https:\/\/dehispa.com\/es\/#website","url":"https:\/\/dehispa.com\/es\/","name":"Dehispa","description":"Construcci\u00f3n, Miner\u00eda, Obra P\u00fablica e Industria","publisher":{"@id":"https:\/\/dehispa.com\/es\/#organization"},"potentialAction":[{"@type":"SearchAction","target":{"@type":"EntryPoint","urlTemplate":"https:\/\/dehispa.com\/es\/?s={search_term_string}"},"query-input":"required name=search_term_string"}],"inLanguage":"en-US"},{"@type":"Organization","@id":"https:\/\/dehispa.com\/es\/#organization","name":"Dehispa","url":"https:\/\/dehispa.com\/es\/","logo":{"@type":"ImageObject","inLanguage":"en-US","@id":"https:\/\/dehispa.com\/es\/#\/schema\/logo\/image\/","url":"https:\/\/dehispa.com\/wp-content\/uploads\/2021\/06\/logotipo.png","contentUrl":"https:\/\/dehispa.com\/wp-content\/uploads\/2021\/06\/logotipo.png","width":160,"height":53,"caption":"Dehispa"},"image":{"@id":"https:\/\/dehispa.com\/es\/#\/schema\/logo\/image\/"},"sameAs":["https:\/\/www.facebook.com\/Dehispa.Oficial\/"]}]}},"_links":{"self":[{"href":"https:\/\/dehispa.com\/en\/wp-json\/wp\/v2\/product\/240374"}],"collection":[{"href":"https:\/\/dehispa.com\/en\/wp-json\/wp\/v2\/product"}],"about":[{"href":"https:\/\/dehispa.com\/en\/wp-json\/wp\/v2\/types\/product"}],"wp:featuredmedia":[{"embeddable":true,"href":"https:\/\/dehispa.com\/en\/wp-json\/wp\/v2\/media\/240373"}],"wp:attachment":[{"href":"https:\/\/dehispa.com\/en\/wp-json\/wp\/v2\/media?parent=240374"}],"wp:term":[{"taxonomy":"product_cat","embeddable":true,"href":"https:\/\/dehispa.com\/en\/wp-json\/wp\/v2\/product_cat?post=240374"},{"taxonomy":"product_tag","embeddable":true,"href":"https:\/\/dehispa.com\/en\/wp-json\/wp\/v2\/product_tag?post=240374"}],"curies":[{"name":"wp","href":"https:\/\/api.w.org\/{rel}","templated":true}]}}