{"id":1807,"date":"2021-04-29T10:21:04","date_gmt":"2021-04-29T10:21:04","guid":{"rendered":"https:\/\/dehispa.com\/?page_id=1807"},"modified":"2021-10-05T11:52:40","modified_gmt":"2021-10-05T11:52:40","slug":"agricultura","status":"publish","type":"page","link":"https:\/\/dehispa.com\/es\/sectores\/agricultura\/","title":{"rendered":"Agricultura"},"content":{"rendered":"<p>[et_pb_section fb_built=\u00bb1&#8243; _builder_version=\u00bb4.9.4&#8243; _module_preset=\u00bbdefault\u00bb custom_padding=\u00bb0px|0px|0px|0px|false|false\u00bb global_colors_info=\u00bb{}\u00bb][et_pb_row _builder_version=\u00bb4.9.4&#8243; _module_preset=\u00bbdefault\u00bb width=\u00bb100%\u00bb max_width=\u00bb100%\u00bb custom_padding=\u00bb0px||0px||false|false\u00bb global_colors_info=\u00bb{}\u00bb][et_pb_column type=\u00bb4_4&#8243; _builder_version=\u00bb4.9.4&#8243; _module_preset=\u00bbdefault\u00bb global_colors_info=\u00bb{}\u00bb][et_pb_cta title=\u00bbAGRICULTURA\u00bb _builder_version=\u00bb4.11.1&#8243; _module_preset=\u00bbdefault\u00bb header_level=\u00bbh1&#8243; header_font_size=\u00bb40px\u00bb body_font_size=\u00bb18px\u00bb background_enable_color=\u00bboff\u00bb background_image=\u00bbhttps:\/\/dehispa.com\/wp-content\/uploads\/2021\/05\/cabecera-agricultura.jpg\u00bb text_orientation=\u00bbleft\u00bb custom_padding=\u00bb250px|100px|150px|100px|false|true\u00bb custom_padding_tablet=\u00bb\u00bb custom_padding_phone=\u00bb250px|50px|150px|50px|false|true\u00bb custom_padding_last_edited=\u00bbon|phone\u00bb hover_enabled=\u00bb0&#8243; header_text_shadow_style=\u00bbpreset1&#8243; global_colors_info=\u00bb{}\u00bb header_text_align_last_edited=\u00bbon|phone\u00bb sticky_enabled=\u00bb0&#8243; header_text_align_phone=\u00bbcenter\u00bb][\/et_pb_cta][\/et_pb_column][\/et_pb_row][\/et_pb_section][et_pb_section fb_built=\u00bb1&#8243; specialty=\u00bbon\u00bb module_id_1=\u00bbcolumnaizquierda\u00bb disabled_on=\u00bbon|on|off\u00bb _builder_version=\u00bb4.10.8&#8243; _module_preset=\u00bbdefault\u00bb inner_width=\u00bb85%\u00bb inner_max_width=\u00bb100%\u00bb custom_padding=\u00bb||0px||false|false\u00bb global_colors_info=\u00bb{}\u00bb custom_padding__hover_enabled=\u00bboff|desktop\u00bb][et_pb_column type=\u00bb1_2&#8243; specialty_columns=\u00bb2&#8243; _builder_version=\u00bb3.25&#8243; custom_padding=\u00bb|||\u00bb global_colors_info=\u00bb{}\u00bb custom_padding__hover=\u00bb|||\u00bb][et_pb_row_inner module_class=\u00bbmenu-vertical\u00bb _builder_version=\u00bb4.9.4&#8243; _module_preset=\u00bbdefault\u00bb width=\u00bb80%\u00bb max_width=\u00bb100%\u00bb animation_style=\u00bbslide\u00bb animation_direction=\u00bbleft\u00bb locked=\u00bboff\u00bb global_colors_info=\u00bb{}\u00bb custom_margin__hover_enabled=\u00bboff|desktop\u00bb][et_pb_column_inner saved_specialty_column_type=\u00bb1_2&#8243; _builder_version=\u00bb4.9.4&#8243; _module_preset=\u00bbdefault\u00bb custom_padding=\u00bb20px|0px|40px|0px|false|true\u00bb animation_style=\u00bbslide\u00bb animation_direction=\u00bbleft\u00bb border_radii=\u00bbon|1px|1px|1px|1px\u00bb border_width_all=\u00bb1px\u00bb border_color_all=\u00bb#707070&#8243; global_colors_info=\u00bb{}\u00bb][et_pb_text module_class=\u00bbtitulo\u00bb _builder_version=\u00bb4.9.4&#8243; _module_preset=\u00bbdefault\u00bb text_font=\u00bb|700|||||||\u00bb text_text_color=\u00bb#2c2c2c\u00bb text_font_size=\u00bb36px\u00bb text_line_height=\u00bb1.1em\u00bb custom_padding=\u00bb|||20px|false|false\u00bb locked=\u00bboff\u00bb global_colors_info=\u00bb{}\u00bb]<\/p>\n<p>SECTORES <i class=\"demo-icon flecha-dehispaicon-\" aria-hidden=\"true\"><\/i><\/p>\n<p>[\/et_pb_text][et_pb_menu menu_id=\u00bb221&#8243; active_link_color=\u00bb#000000&#8243; _builder_version=\u00bb4.9.4&#8243; _module_preset=\u00bbdefault\u00bb menu_font=\u00bb|700||on|||||\u00bb menu_font_size=\u00bb18px\u00bb width=\u00bb100%\u00bb max_width=\u00bb100%\u00bb custom_margin=\u00bb|0px||0px|false|false\u00bb custom_padding=\u00bb|0px||0px|false|false\u00bb global_colors_info=\u00bb{}\u00bb menu_text_color__hover=\u00bb#000000&#8243; menu_text_color__hover_enabled=\u00bbon|desktop\u00bb][\/et_pb_menu][\/et_pb_column_inner][\/et_pb_row_inner][et_pb_row_inner _builder_version=\u00bb4.9.7&#8243; _module_preset=\u00bbdefault\u00bb locked=\u00bboff\u00bb global_colors_info=\u00bb{}\u00bb][et_pb_column_inner saved_specialty_column_type=\u00bb1_2&#8243; _builder_version=\u00bb4.9.7&#8243; _module_preset=\u00bbdefault\u00bb global_colors_info=\u00bb{}\u00bb][et_pb_cta title=\u00bb\u00bfNecesitas ayuda?\u00bb button_url=\u00bb@ET-DC@eyJkeW5hbWljIjp0cnVlLCJjb250ZW50IjoicG9zdF9saW5rX3VybF9wYWdlIiwic2V0dGluZ3MiOnsicG9zdF9pZCI6IjIyMTIifX0=@\u00bb button_text=\u00bbContacta\u00bb _builder_version=\u00bb4.9.7&#8243; _dynamic_attributes=\u00bbbutton_url,link_option_url\u00bb _module_preset=\u00bbdefault\u00bb header_text_align=\u00bbleft\u00bb header_font_size=\u00bb40px\u00bb body_text_align=\u00bbleft\u00bb body_font_size=\u00bb14px\u00bb background_enable_color=\u00bboff\u00bb background_image=\u00bbhttps:\/\/dehispa.com\/wp-content\/uploads\/2021\/06\/cuadro-contacto.jpeg\u00bb custom_button=\u00bbon\u00bb button_text_size=\u00bb20px\u00bb button_text_color=\u00bb#FFFFFF\u00bb button_bg_color=\u00bb#DE2226&#8243; button_border_width=\u00bb1px\u00bb button_border_color=\u00bb#707070&#8243; button_border_radius=\u00bb0px\u00bb button_font=\u00bb|700||on|||||\u00bb button_use_icon=\u00bboff\u00bb button_custom_padding=\u00bb|40px||40px|false|true\u00bb width=\u00bb80%\u00bb custom_margin=\u00bb|||0px|false|false\u00bb custom_padding=\u00bb40px|40px|40px|40px|true|true\u00bb animation_style=\u00bbslide\u00bb link_option_url=\u00bb@ET-DC@eyJkeW5hbWljIjp0cnVlLCJjb250ZW50IjoicG9zdF9saW5rX3VybF9wYWdlIiwic2V0dGluZ3MiOnsicG9zdF9pZCI6IjIyMTIifX0=@\u00bb locked=\u00bboff\u00bb global_colors_info=\u00bb{}\u00bb]<\/p>\n<p>Escr\u00edbenos y te conectaremos con un miembro del equipo que puede ayudarte.<\/p>\n<p>[\/et_pb_cta][\/et_pb_column_inner][\/et_pb_row_inner][\/et_pb_column][et_pb_column type=\u00bb1_2&#8243; _builder_version=\u00bb3.25&#8243; custom_padding=\u00bb|||\u00bb global_colors_info=\u00bb{}\u00bb custom_padding__hover=\u00bb|||\u00bb][et_pb_text _builder_version=\u00bb4.9.4&#8243; _module_preset=\u00bbdefault\u00bb header_2_font=\u00bb||||||||\u00bb header_2_font_size=\u00bb36px\u00bb animation_style=\u00bbfade\u00bb global_colors_info=\u00bb{}\u00bb]<\/p>\n<h2>AGRICULTURA<\/h2>\n<p>[\/et_pb_text][et_pb_text _builder_version=\u00bb4.9.4&#8243; _module_preset=\u00bbdefault\u00bb animation_style=\u00bbfade\u00bb global_colors_info=\u00bb{}\u00bb]Dehispa se desarrolla en el sector de la agricultura tanto intensiva, como extensiva y en la agricultura industrial.<\/p>\n<p>Al realizar proyectos llave en mano, podemos adaptarnos a las necesidades espec\u00edficas de nuestro cliente y llegar a ofrecer soluciones muy personalizadas y espec\u00edficas. <\/p>\n<p>Como puede ser el caso de la industria tabacalera, en el que suministramos equipos especialmente dise\u00f1ados y adaptados a este sector, ofreciendo los \u00faltimos modelos de maquinaria agr\u00edcola: Espolvoreadoras, Asperjadoras, Unidades de tracci\u00f3n animal y Bombas de uso fitosanitario.<\/p>\n<p>Podemos realizar tambi\u00e9n el suministro, instalaci\u00f3n y mantenimiento de sistemas de riego inteligentes que cubren las necesidades espec\u00edficas de la industria tabacalera.<\/p>\n<p>Y por \u00faltimo damos soluci\u00f3n a todos los requerimientos del cliente, realizando tambi\u00e9n la instalaci\u00f3n de casas de tabaco prefabricadas.<\/p>\n<p>Contamos con la \u00faltima tecnolog\u00eda en drones de uso agr\u00edcola que nos permite la detecci\u00f3n de plagas mediante c\u00e1maras multiespectrales, la aplicaci\u00f3n de herbicidas mediante drones asperjadoras AGRAS y conseguir que la aplicaci\u00f3n de fertilizantes se haga de forma m\u00e1s racional y efectiva.<\/p>\n<p>El uso de drones nos permite reducir costes a nivel de combustible, horas de trabajo, insumo y piezas de recambio. [\/et_pb_text][\/et_pb_column][\/et_pb_section][et_pb_section fb_built=\u00bb1&#8243; disabled_on=\u00bboff|off|on\u00bb _builder_version=\u00bb4.10.8&#8243; _module_preset=\u00bbdefault\u00bb custom_margin=\u00bb0px||0px||true|false\u00bb custom_padding=\u00bb0px||0px|||\u00bb global_colors_info=\u00bb{}\u00bb][et_pb_row _builder_version=\u00bb4.10.8&#8243; _module_preset=\u00bbdefault\u00bb width=\u00bb100%\u00bb max_width=\u00bb100%\u00bb custom_padding=\u00bb0px||0px||false|false\u00bb locked=\u00bboff\u00bb global_colors_info=\u00bb{}\u00bb][et_pb_column type=\u00bb4_4&#8243; _builder_version=\u00bb4.9.7&#8243; _module_preset=\u00bbdefault\u00bb global_colors_info=\u00bb{}\u00bb][et_pb_cta title=\u00bb\u00bfNecesitas ayuda?\u00bb button_url=\u00bb@ET-DC@eyJkeW5hbWljIjp0cnVlLCJjb250ZW50IjoicG9zdF9saW5rX3VybF9wYWdlIiwic2V0dGluZ3MiOnsicG9zdF9pZCI6IjIyMTIifX0=@\u00bb button_text=\u00bbContacta\u00bb _builder_version=\u00bb4.10.8&#8243; _dynamic_attributes=\u00bbbutton_url,link_option_url\u00bb _module_preset=\u00bbdefault\u00bb header_text_align=\u00bbleft\u00bb header_font_size=\u00bb40px\u00bb body_text_align=\u00bbleft\u00bb body_font_size=\u00bb14px\u00bb background_enable_color=\u00bboff\u00bb background_image=\u00bbhttps:\/\/dehispa.com\/wp-content\/uploads\/2021\/06\/cuadro-contacto.jpeg\u00bb custom_button=\u00bbon\u00bb button_text_size=\u00bb20px\u00bb button_text_color=\u00bb#FFFFFF\u00bb button_bg_color=\u00bb#DE2226&#8243; button_border_width=\u00bb1px\u00bb button_border_color=\u00bb#707070&#8243; button_border_radius=\u00bb0px\u00bb button_font=\u00bb|700||on|||||\u00bb button_use_icon=\u00bboff\u00bb button_custom_padding=\u00bb|40px||40px|false|true\u00bb width=\u00bb100%\u00bb custom_margin=\u00bb|||0px|false|false\u00bb custom_padding=\u00bb40px|40px|40px|40px|true|true\u00bb animation_style=\u00bbslide\u00bb link_option_url=\u00bb@ET-DC@eyJkeW5hbWljIjp0cnVlLCJjb250ZW50IjoicG9zdF9saW5rX3VybF9wYWdlIiwic2V0dGluZ3MiOnsicG9zdF9pZCI6IjIyMTIifX0=@\u00bb locked=\u00bboff\u00bb global_colors_info=\u00bb{}\u00bb]<\/p>\n<p>Escr\u00edbenos y te conectaremos con un miembro del equipo que puede ayudarte.<\/p>\n<p>[\/et_pb_cta][\/et_pb_column][\/et_pb_row][\/et_pb_section][et_pb_section fb_built=\u00bb1&#8243; disabled_on=\u00bboff|off|on\u00bb _builder_version=\u00bb4.10.8&#8243; _module_preset=\u00bbdefault\u00bb custom_padding=\u00bb0px||0px|||\u00bb global_colors_info=\u00bb{}\u00bb][et_pb_row module_class=\u00bbmenu-vertical\u00bb _builder_version=\u00bb4.9.4&#8243; _module_preset=\u00bbdefault\u00bb max_width=\u00bb100%\u00bb animation_style=\u00bbslide\u00bb animation_direction=\u00bbleft\u00bb locked=\u00bboff\u00bb global_colors_info=\u00bb{}\u00bb custom_margin__hover_enabled=\u00bboff|desktop\u00bb][et_pb_column type=\u00bb4_4&#8243; _builder_version=\u00bb4.9.4&#8243; _module_preset=\u00bbdefault\u00bb custom_padding=\u00bb20px|0px|40px|0px|false|true\u00bb animation_style=\u00bbslide\u00bb animation_direction=\u00bbleft\u00bb border_radii=\u00bbon|1px|1px|1px|1px\u00bb border_width_all=\u00bb1px\u00bb border_color_all=\u00bb#707070&#8243; global_colors_info=\u00bb{}\u00bb][et_pb_text module_class=\u00bbtitulo\u00bb _builder_version=\u00bb4.9.4&#8243; _module_preset=\u00bbdefault\u00bb text_font=\u00bb|700|||||||\u00bb text_text_color=\u00bb#2c2c2c\u00bb text_font_size=\u00bb36px\u00bb text_line_height=\u00bb1.1em\u00bb custom_padding=\u00bb|||20px|false|false\u00bb locked=\u00bboff\u00bb global_colors_info=\u00bb{}\u00bb]<\/p>\n<p>SECTORES <i class=\"demo-icon flecha-dehispaicon-\" aria-hidden=\"true\"><\/i><\/p>\n<p>[\/et_pb_text][et_pb_menu menu_id=\u00bb221&#8243; active_link_color=\u00bb#000000&#8243; module_id=\u00bbmenu-mb-normal\u00bb _builder_version=\u00bb4.10.8&#8243; _module_preset=\u00bbdefault\u00bb menu_font=\u00bb|700||on|||||\u00bb menu_font_size=\u00bb18px\u00bb z_index=\u00bb500&#8243; width=\u00bb100%\u00bb max_width=\u00bb100%\u00bb custom_margin=\u00bb|0px||0px|false|false\u00bb custom_padding=\u00bb|0px||0px|false|false\u00bb global_colors_info=\u00bb{}\u00bb menu_text_color__hover=\u00bb#000000&#8243; menu_text_color__hover_enabled=\u00bbon|desktop\u00bb][\/et_pb_menu][\/et_pb_column][\/et_pb_row][\/et_pb_section][et_pb_section fb_built=\u00bb1&#8243; disabled_on=\u00bboff|off|on\u00bb _builder_version=\u00bb4.10.8&#8243; _module_preset=\u00bbdefault\u00bb global_colors_info=\u00bb{}\u00bb][et_pb_row _builder_version=\u00bb4.10.8&#8243; _module_preset=\u00bbdefault\u00bb global_colors_info=\u00bb{}\u00bb][et_pb_column type=\u00bb4_4&#8243; _builder_version=\u00bb4.10.8&#8243; _module_preset=\u00bbdefault\u00bb global_colors_info=\u00bb{}\u00bb][et_pb_text _builder_version=\u00bb4.9.4&#8243; _module_preset=\u00bbdefault\u00bb header_2_font=\u00bb||||||||\u00bb header_2_font_size=\u00bb36px\u00bb animation_style=\u00bbfade\u00bb global_colors_info=\u00bb{}\u00bb]<\/p>\n<h2>AGRICULTURA<\/h2>\n<p>[\/et_pb_text][et_pb_text _builder_version=\u00bb4.9.4&#8243; _module_preset=\u00bbdefault\u00bb animation_style=\u00bbfade\u00bb global_colors_info=\u00bb{}\u00bb]Dehispa se desarrolla en el sector de la agricultura tanto intensiva, como extensiva y en la agricultura industrial.<\/p>\n<p>Al realizar proyectos llave en mano, podemos adaptarnos a las necesidades espec\u00edficas de nuestro cliente y llegar a ofrecer soluciones muy personalizadas y espec\u00edficas. <\/p>\n<p>Como puede ser el caso de la industria tabacalera, en el que suministramos equipos especialmente dise\u00f1ados y adaptados a este sector, ofreciendo los \u00faltimos modelos de maquinaria agr\u00edcola: Espolvoreadoras, Asperjadoras, Unidades de tracci\u00f3n animal y Bombas de uso fitosanitario.<\/p>\n<p>Podemos realizar tambi\u00e9n el suministro, instalaci\u00f3n y mantenimiento de sistemas de riego inteligentes que cubren las necesidades espec\u00edficas de la industria tabacalera.<\/p>\n<p>Y por \u00faltimo damos soluci\u00f3n a todos los requerimientos del cliente, realizando tambi\u00e9n la instalaci\u00f3n de casas de tabaco prefabricadas.<\/p>\n<p>Contamos con la \u00faltima tecnolog\u00eda en drones de uso agr\u00edcola que nos permite la detecci\u00f3n de plagas mediante c\u00e1maras multiespectrales, la aplicaci\u00f3n de herbicidas mediante drones asperjadoras AGRAS y conseguir que la aplicaci\u00f3n de fertilizantes se haga de forma m\u00e1s racional y efectiva.<\/p>\n<p>El uso de drones nos permite reducir costes a nivel de combustible, horas de trabajo, insumo y piezas de recambio. [\/et_pb_text][\/et_pb_column][\/et_pb_row][\/et_pb_section][et_pb_section fb_built=\u00bb1&#8243; _builder_version=\u00bb4.9.4&#8243; _module_preset=\u00bbdefault\u00bb background_color=\u00bbrgba(218,218,218,0.4)\u00bb custom_margin=\u00bb50px||||false|false\u00bb custom_padding=\u00bb50px||50px||true|false\u00bb global_colors_info=\u00bb{}\u00bb][et_pb_row _builder_version=\u00bb4.9.4&#8243; _module_preset=\u00bbdefault\u00bb width=\u00bb100%\u00bb max_width=\u00bb100%\u00bb custom_padding=\u00bb0px|10%|0px|10%|false|true\u00bb global_colors_info=\u00bb{}\u00bb][et_pb_column type=\u00bb4_4&#8243; _builder_version=\u00bb4.9.4&#8243; _module_preset=\u00bbdefault\u00bb global_colors_info=\u00bb{}\u00bb][et_pb_text module_class=\u00bbtitulo\u00bb _builder_version=\u00bb4.9.4&#8243; _module_preset=\u00bbdefault\u00bb text_font=\u00bb|700|||||||\u00bb text_text_color=\u00bb#2c2c2c\u00bb text_font_size=\u00bb36px\u00bb text_line_height=\u00bb1.1em\u00bb locked=\u00bboff\u00bb global_colors_info=\u00bb{}\u00bb]<\/p>\n<p>PRODUCTOS RELACIONADOS\u00a0<i class=\"demo-icon flecha-dehispaicon-\" aria-hidden=\"true\"><\/i><\/p>\n<p>[\/et_pb_text][et_pb_shop type=\u00bbproduct_category\u00bb posts_number=\u00bb4&#8243; include_categories=\u00bb263&#8243; columns_number=\u00bb4&#8243; _builder_version=\u00bb4.9.7&#8243; _module_preset=\u00bbdefault\u00bb box_shadow_style_image=\u00bbpreset1&#8243; locked=\u00bboff\u00bb global_colors_info=\u00bb{}\u00bb][\/et_pb_shop][\/et_pb_column][\/et_pb_row][\/et_pb_section][et_pb_section fb_built=\u00bb1&#8243; _builder_version=\u00bb4.9.4&#8243; _module_preset=\u00bbdefault\u00bb background_enable_color=\u00bboff\u00bb custom_margin=\u00bb||||false|false\u00bb custom_padding=\u00bb50px||50px||true|false\u00bb global_colors_info=\u00bb{}\u00bb][et_pb_row _builder_version=\u00bb4.9.4&#8243; _module_preset=\u00bbdefault\u00bb width=\u00bb100%\u00bb max_width=\u00bb100%\u00bb custom_padding=\u00bb0px|10%|0px|10%|false|true\u00bb global_colors_info=\u00bb{}\u00bb][et_pb_column type=\u00bb4_4&#8243; _builder_version=\u00bb4.9.4&#8243; _module_preset=\u00bbdefault\u00bb global_colors_info=\u00bb{}\u00bb][et_pb_text module_class=\u00bbtitulo\u00bb _builder_version=\u00bb4.9.4&#8243; _module_preset=\u00bbdefault\u00bb text_font=\u00bb|700|||||||\u00bb text_text_color=\u00bb#2c2c2c\u00bb text_font_size=\u00bb36px\u00bb text_line_height=\u00bb1.1em\u00bb locked=\u00bboff\u00bb global_colors_info=\u00bb{}\u00bb]<\/p>\n<p>\u00daLTIMOS PROYECTOS <i class=\"demo-icon flecha-dehispaicon-\" aria-hidden=\"true\"><\/i><\/p>\n<p>[\/et_pb_text][et_pb_portfolio fullwidth=\u00bboff\u00bb posts_number=\u00bb4&#8243; show_pagination=\u00bboff\u00bb zoom_icon_color=\u00bbRGBA(0,0,0,0)\u00bb module_class=\u00bbgaleria-cuadrada\u00bb _builder_version=\u00bb4.9.4&#8243; _module_preset=\u00bbdefault\u00bb title_text_align=\u00bbleft\u00bb title_text_color=\u00bb#000000&#8243; title_font_size=\u00bb14px\u00bb caption_font=\u00bb|700||on|||||\u00bb caption_text_color=\u00bb#DE2226&#8243; caption_font_size=\u00bb12px\u00bb animation_style=\u00bbslide\u00bb animation_direction=\u00bbbottom\u00bb box_shadow_style_image=\u00bbpreset2&#8243; locked=\u00bboff\u00bb global_colors_info=\u00bb{}\u00bb][\/et_pb_portfolio][\/et_pb_column][\/et_pb_row][\/et_pb_section]<\/p>\n","protected":false},"excerpt":{"rendered":"<p>SECTORES Escr\u00edbenos y te conectaremos con un miembro del equipo que puede ayudarte.AGRICULTURADehispa se desarrolla en el sector de la agricultura tanto intensiva, como extensiva y en la agricultura industrial. Al realizar proyectos llave en mano, podemos adaptarnos a las necesidades espec\u00edficas de nuestro cliente y llegar a ofrecer soluciones muy personalizadas y espec\u00edficas. Como [&hellip;]<\/p>\n","protected":false},"author":1,"featured_media":0,"parent":1795,"menu_order":0,"comment_status":"closed","ping_status":"closed","template":"","meta":{"_et_pb_use_builder":"on","_et_pb_old_content":"<!-- wp:divi\/placeholder \/-->","_et_gb_content_width":""},"yoast_head":"<!-- This site is optimized with the Yoast SEO plugin v20.1 - https:\/\/yoast.com\/wordpress\/plugins\/seo\/ -->\n<title>Agricultura - The Mining and Construction Company<\/title>\n<meta name=\"robots\" content=\"index, follow, max-snippet:-1, max-image-preview:large, max-video-preview:-1\" \/>\n<link rel=\"canonical\" href=\"https:\/\/dehispa.com\/es\/sectores\/agricultura\/\" \/>\n<meta property=\"og:locale\" content=\"es_ES\" \/>\n<meta property=\"og:type\" content=\"article\" \/>\n<meta property=\"og:title\" content=\"Agricultura - The Mining and Construction Company\" \/>\n<meta property=\"og:description\" content=\"SERVICIOS DESCARGAS Descargue nuestro folletoOPERACI\u00d3N Y MANTENIMIENTOEn Dehispa completamos el ciclo de vida de tus proyectos, estando presente en la fase de post venta y realizando la operaci\u00f3n y el mantenimiento en sus tres vertientes; predictivo, preventivo y general. Mediante esta fase de operaci\u00f3n y mantenimiento, optimizamos la inversi\u00f3n realizada en cada proyecto, disminuyendo su [&hellip;]\" \/>\n<meta property=\"og:url\" content=\"https:\/\/dehispa.com\/es\/sectores\/agricultura\/\" \/>\n<meta property=\"og:site_name\" content=\"The Mining and Construction Company\" \/>\n<meta property=\"article:publisher\" content=\"https:\/\/www.facebook.com\/Dehispa.Oficial\/\" \/>\n<meta property=\"article:modified_time\" content=\"2021-10-05T11:52:40+00:00\" \/>\n<meta name=\"twitter:card\" content=\"summary_large_image\" \/>\n<meta name=\"twitter:label1\" content=\"Tiempo de lectura\" \/>\n\t<meta name=\"twitter:data1\" content=\"9 minutos\" \/>\n<script type=\"application\/ld+json\" class=\"yoast-schema-graph\">{\"@context\":\"https:\/\/schema.org\",\"@graph\":[{\"@type\":\"WebPage\",\"@id\":\"https:\/\/dehispa.com\/es\/sectores\/agricultura\/\",\"url\":\"https:\/\/dehispa.com\/es\/sectores\/agricultura\/\",\"name\":\"Agricultura - The Mining and Construction Company\",\"isPartOf\":{\"@id\":\"https:\/\/dehispa.com\/es\/#website\"},\"datePublished\":\"2021-04-29T10:21:04+00:00\",\"dateModified\":\"2021-10-05T11:52:40+00:00\",\"breadcrumb\":{\"@id\":\"https:\/\/dehispa.com\/es\/sectores\/agricultura\/#breadcrumb\"},\"inLanguage\":\"es\",\"potentialAction\":[{\"@type\":\"ReadAction\",\"target\":[\"https:\/\/dehispa.com\/es\/sectores\/agricultura\/\"]}]},{\"@type\":\"BreadcrumbList\",\"@id\":\"https:\/\/dehispa.com\/es\/sectores\/agricultura\/#breadcrumb\",\"itemListElement\":[{\"@type\":\"ListItem\",\"position\":1,\"name\":\"Portada\",\"item\":\"https:\/\/dehispa.com\/es\/\"},{\"@type\":\"ListItem\",\"position\":2,\"name\":\"Sectores\",\"item\":\"https:\/\/dehispa.com\/es\/sectores\/\"},{\"@type\":\"ListItem\",\"position\":3,\"name\":\"Agricultura\"}]},{\"@type\":\"WebSite\",\"@id\":\"https:\/\/dehispa.com\/es\/#website\",\"url\":\"https:\/\/dehispa.com\/es\/\",\"name\":\"Dehispa\",\"description\":\"Construcci\u00f3n, Miner\u00eda, Obra P\u00fablica e Industria\",\"publisher\":{\"@id\":\"https:\/\/dehispa.com\/es\/#organization\"},\"potentialAction\":[{\"@type\":\"SearchAction\",\"target\":{\"@type\":\"EntryPoint\",\"urlTemplate\":\"https:\/\/dehispa.com\/es\/?s={search_term_string}\"},\"query-input\":\"required name=search_term_string\"}],\"inLanguage\":\"es\"},{\"@type\":\"Organization\",\"@id\":\"https:\/\/dehispa.com\/es\/#organization\",\"name\":\"Dehispa\",\"url\":\"https:\/\/dehispa.com\/es\/\",\"logo\":{\"@type\":\"ImageObject\",\"inLanguage\":\"es\",\"@id\":\"https:\/\/dehispa.com\/es\/#\/schema\/logo\/image\/\",\"url\":\"https:\/\/dehispa.com\/wp-content\/uploads\/2021\/06\/logotipo.png\",\"contentUrl\":\"https:\/\/dehispa.com\/wp-content\/uploads\/2021\/06\/logotipo.png\",\"width\":160,\"height\":53,\"caption\":\"Dehispa\"},\"image\":{\"@id\":\"https:\/\/dehispa.com\/es\/#\/schema\/logo\/image\/\"},\"sameAs\":[\"https:\/\/www.facebook.com\/Dehispa.Oficial\/\"]}]}<\/script>\n<!-- \/ Yoast SEO plugin. -->","yoast_head_json":{"title":"Agricultura - The Mining and Construction Company","robots":{"index":"index","follow":"follow","max-snippet":"max-snippet:-1","max-image-preview":"max-image-preview:large","max-video-preview":"max-video-preview:-1"},"canonical":"https:\/\/dehispa.com\/es\/sectores\/agricultura\/","og_locale":"es_ES","og_type":"article","og_title":"Agricultura - The Mining and Construction Company","og_description":"SERVICIOS DESCARGAS Descargue nuestro folletoOPERACI\u00d3N Y MANTENIMIENTOEn Dehispa completamos el ciclo de vida de tus proyectos, estando presente en la fase de post venta y realizando la operaci\u00f3n y el mantenimiento en sus tres vertientes; predictivo, preventivo y general. Mediante esta fase de operaci\u00f3n y mantenimiento, optimizamos la inversi\u00f3n realizada en cada proyecto, disminuyendo su [&hellip;]","og_url":"https:\/\/dehispa.com\/es\/sectores\/agricultura\/","og_site_name":"The Mining and Construction Company","article_publisher":"https:\/\/www.facebook.com\/Dehispa.Oficial\/","article_modified_time":"2021-10-05T11:52:40+00:00","twitter_card":"summary_large_image","twitter_misc":{"Tiempo de lectura":"9 minutos"},"schema":{"@context":"https:\/\/schema.org","@graph":[{"@type":"WebPage","@id":"https:\/\/dehispa.com\/es\/sectores\/agricultura\/","url":"https:\/\/dehispa.com\/es\/sectores\/agricultura\/","name":"Agricultura - The Mining and Construction Company","isPartOf":{"@id":"https:\/\/dehispa.com\/es\/#website"},"datePublished":"2021-04-29T10:21:04+00:00","dateModified":"2021-10-05T11:52:40+00:00","breadcrumb":{"@id":"https:\/\/dehispa.com\/es\/sectores\/agricultura\/#breadcrumb"},"inLanguage":"es","potentialAction":[{"@type":"ReadAction","target":["https:\/\/dehispa.com\/es\/sectores\/agricultura\/"]}]},{"@type":"BreadcrumbList","@id":"https:\/\/dehispa.com\/es\/sectores\/agricultura\/#breadcrumb","itemListElement":[{"@type":"ListItem","position":1,"name":"Portada","item":"https:\/\/dehispa.com\/es\/"},{"@type":"ListItem","position":2,"name":"Sectores","item":"https:\/\/dehispa.com\/es\/sectores\/"},{"@type":"ListItem","position":3,"name":"Agricultura"}]},{"@type":"WebSite","@id":"https:\/\/dehispa.com\/es\/#website","url":"https:\/\/dehispa.com\/es\/","name":"Dehispa","description":"Construcci\u00f3n, Miner\u00eda, Obra P\u00fablica e Industria","publisher":{"@id":"https:\/\/dehispa.com\/es\/#organization"},"potentialAction":[{"@type":"SearchAction","target":{"@type":"EntryPoint","urlTemplate":"https:\/\/dehispa.com\/es\/?s={search_term_string}"},"query-input":"required name=search_term_string"}],"inLanguage":"es"},{"@type":"Organization","@id":"https:\/\/dehispa.com\/es\/#organization","name":"Dehispa","url":"https:\/\/dehispa.com\/es\/","logo":{"@type":"ImageObject","inLanguage":"es","@id":"https:\/\/dehispa.com\/es\/#\/schema\/logo\/image\/","url":"https:\/\/dehispa.com\/wp-content\/uploads\/2021\/06\/logotipo.png","contentUrl":"https:\/\/dehispa.com\/wp-content\/uploads\/2021\/06\/logotipo.png","width":160,"height":53,"caption":"Dehispa"},"image":{"@id":"https:\/\/dehispa.com\/es\/#\/schema\/logo\/image\/"},"sameAs":["https:\/\/www.facebook.com\/Dehispa.Oficial\/"]}]}},"_links":{"self":[{"href":"https:\/\/dehispa.com\/es\/wp-json\/wp\/v2\/pages\/1807"}],"collection":[{"href":"https:\/\/dehispa.com\/es\/wp-json\/wp\/v2\/pages"}],"about":[{"href":"https:\/\/dehispa.com\/es\/wp-json\/wp\/v2\/types\/page"}],"author":[{"embeddable":true,"href":"https:\/\/dehispa.com\/es\/wp-json\/wp\/v2\/users\/1"}],"replies":[{"embeddable":true,"href":"https:\/\/dehispa.com\/es\/wp-json\/wp\/v2\/comments?post=1807"}],"version-history":[{"count":31,"href":"https:\/\/dehispa.com\/es\/wp-json\/wp\/v2\/pages\/1807\/revisions"}],"predecessor-version":[{"id":238863,"href":"https:\/\/dehispa.com\/es\/wp-json\/wp\/v2\/pages\/1807\/revisions\/238863"}],"up":[{"embeddable":true,"href":"https:\/\/dehispa.com\/es\/wp-json\/wp\/v2\/pages\/1795"}],"wp:attachment":[{"href":"https:\/\/dehispa.com\/es\/wp-json\/wp\/v2\/media?parent=1807"}],"curies":[{"name":"wp","href":"https:\/\/api.w.org\/{rel}","templated":true}]}}