{"id":1926,"date":"2021-04-29T18:50:38","date_gmt":"2021-04-29T18:50:38","guid":{"rendered":"https:\/\/dehispa.com\/?page_id=1926"},"modified":"2022-11-11T13:54:30","modified_gmt":"2022-11-11T13:54:30","slug":"nuestros-partners","status":"publish","type":"page","link":"https:\/\/dehispa.com\/es\/nuestros-partners\/","title":{"rendered":"Nuestros partners"},"content":{"rendered":"<p>[et_pb_section fb_built=\u00bb1&#8243; _builder_version=\u00bb4.16&#8243; _module_preset=\u00bbdefault\u00bb custom_padding=\u00bb0px|0px|0px|0px|false|false\u00bb global_colors_info=\u00bb{}\u00bb][et_pb_row _builder_version=\u00bb4.16&#8243; _module_preset=\u00bbdefault\u00bb width=\u00bb100%\u00bb max_width=\u00bb100%\u00bb custom_padding=\u00bb0px||0px||false|false\u00bb global_colors_info=\u00bb{}\u00bb][et_pb_column type=\u00bb4_4&#8243; _builder_version=\u00bb4.16&#8243; _module_preset=\u00bbdefault\u00bb global_colors_info=\u00bb{}\u00bb][et_pb_cta title=\u00bbNUESTROS PARTNERS\u00bb _builder_version=\u00bb4.16&#8243; _module_preset=\u00bbdefault\u00bb header_level=\u00bbh1&#8243; header_font_size=\u00bb40px\u00bb body_font_size=\u00bb18px\u00bb background_enable_color=\u00bboff\u00bb background_image=\u00bbhttps:\/\/dehispa.com\/wp-content\/uploads\/2021\/05\/cabecera-partners.jpg\u00bb text_orientation=\u00bbleft\u00bb custom_padding=\u00bb250px|100px|150px|100px|false|true\u00bb header_text_shadow_style=\u00bbpreset1&#8243; locked=\u00bboff\u00bb global_colors_info=\u00bb{}\u00bb][\/et_pb_cta][\/et_pb_column][\/et_pb_row][\/et_pb_section][et_pb_section fb_built=\u00bb1&#8243; _builder_version=\u00bb4.16&#8243; _module_preset=\u00bbdefault\u00bb custom_margin=\u00bb100px||100px||true|false\u00bb custom_padding=\u00bb0px||||false|false\u00bb global_colors_info=\u00bb{}\u00bb][et_pb_row _builder_version=\u00bb4.16&#8243; _module_preset=\u00bbdefault\u00bb width=\u00bb85%\u00bb max_width=\u00bb100%\u00bb custom_padding=\u00bb0px||0px||false|false\u00bb hover_enabled=\u00bb0&#8243; global_colors_info=\u00bb{}\u00bb sticky_enabled=\u00bb0&#8243;][et_pb_column type=\u00bb4_4&#8243; _builder_version=\u00bb4.16&#8243; _module_preset=\u00bbdefault\u00bb global_colors_info=\u00bb{}\u00bb][et_pb_text _builder_version=\u00bb4.16&#8243; _module_preset=\u00bbdefault\u00bb text_orientation=\u00bbcenter\u00bb width=\u00bb80%\u00bb module_alignment=\u00bbcenter\u00bb custom_margin=\u00bb||100px||false|false\u00bb global_colors_info=\u00bb{}\u00bb]<\/p>\n<p>En Dehispa contamos con una amplia cartera de partners contrastados, todos ellos son l\u00edderes en su sector y nos aportan<br \/>\nla m\u00e1xima garant\u00eda para nuestros clientes.<\/p>\n<p>[\/et_pb_text][et_pb_text module_class=\u00bbtitulo\u00bb _builder_version=\u00bb4.16&#8243; _module_preset=\u00bbdefault\u00bb text_font=\u00bb|700|||||||\u00bb text_text_color=\u00bb#2c2c2c\u00bb text_font_size=\u00bb36px\u00bb text_line_height=\u00bb1.1em\u00bb custom_margin=\u00bb||||false|false\u00bb animation_style=\u00bbslide\u00bb animation_direction=\u00bbleft\u00bb locked=\u00bboff\u00bb global_colors_info=\u00bb{}\u00bb]<\/p>\n<p>NUESTROS PARTNERS\u00a0<i class=\"demo-icon flecha-dehispaicon-\" aria-hidden=\"true\"><\/i><\/p>\n<p>[\/et_pb_text][et_pb_text _builder_version=\u00bb4.19.0&#8243; _module_preset=\u00bbdefault\u00bb hover_enabled=\u00bb0&#8243; global_colors_info=\u00bb{}\u00bb sticky_enabled=\u00bb0&#8243;]<\/p>\n<table id=\"ejemplo\" class=\"table table-bordered table-hover text-center\">\n<tbody>\n<tr>\n<th><\/th>\n<th>Miner\u00eda<\/th>\n<th>Infraestructuras<\/th>\n<th>Industrial<\/th>\n<th>Energ\u00eda<\/th>\n<th>Medioambiente<\/th>\n<th>Agricultura<\/th>\n<\/tr>\n<tr>\n<td class=\"align-middle\"><img decoding=\"async\" src=\"\/wp-content\/uploads\/2021\/05\/logo-arco.jpg\" \/><\/td>\n<td class=\"align-middle\"><\/td>\n<td class=\"align-middle\"><i class=\"fa fa-circle\" aria-hidden=\"true\"><\/i><\/td>\n<td class=\"align-middle\"><\/td>\n<td class=\"align-middle\"><\/td>\n<td class=\"align-middle\"><\/td>\n<td class=\"align-middle\"><\/td>\n<\/tr>\n<tr>\n<td class=\"align-middle\"><img decoding=\"async\" src=\"\/wp-content\/uploads\/2021\/05\/logo-atlascopco.jpg\" \/><\/td>\n<td class=\"align-middle\"><i class=\"fa fa-circle\" aria-hidden=\"true\"><\/i><\/td>\n<td class=\"align-middle\"><i class=\"fa fa-circle\" aria-hidden=\"true\"><\/i><\/td>\n<td class=\"align-middle\"><i class=\"fa fa-circle\" aria-hidden=\"true\"><\/i><\/td>\n<td class=\"align-middle\"><i class=\"fa fa-circle\" aria-hidden=\"true\"><\/i><\/td>\n<td class=\"align-middle\"><\/td>\n<td class=\"align-middle\"><\/td>\n<\/tr>\n<tr>\n<td class=\"align-middle\"><img decoding=\"async\" src=\"\/wp-content\/uploads\/2021\/05\/logo-avioparts.jpg\" \/><\/td>\n<td class=\"align-middle\"><\/td>\n<td class=\"align-middle\"><\/td>\n<td class=\"align-middle\"><i class=\"fa fa-circle\" aria-hidden=\"true\"><\/i><\/td>\n<td class=\"align-middle\"><\/td>\n<td class=\"align-middle\"><\/td>\n<td class=\"align-middle\"><\/td>\n<\/tr>\n<tr>\n<td class=\"align-middle\"><img decoding=\"async\" src=\"\/wp-content\/uploads\/2021\/05\/logo-blaulain.jpg\" \/><\/td>\n<td class=\"align-middle\"><\/td>\n<td class=\"align-middle\"><\/td>\n<td class=\"align-middle\"><\/td>\n<td class=\"align-middle\"><\/td>\n<td class=\"align-middle\"><i class=\"fa fa-circle\" aria-hidden=\"true\"><\/i><\/td>\n<td class=\"align-middle\"><\/td>\n<\/tr>\n<tr>\n<td class=\"align-middle\"><img decoding=\"async\" src=\"\/wp-content\/uploads\/2021\/07\/logo-acredji.jpg\" \/><\/td>\n<td class=\"align-middle\"><i class=\"fa fa-circle\" aria-hidden=\"true\"><\/i><\/td>\n<td class=\"align-middle\"><i class=\"fa fa-circle\" aria-hidden=\"true\"><\/i><\/td>\n<td class=\"align-middle\"><\/td>\n<td class=\"align-middle\"><\/td>\n<td class=\"align-middle\"><\/td>\n<td class=\"align-middle\"><i class=\"fa fa-circle\" aria-hidden=\"true\"><\/i><\/td>\n<\/tr>\n<tr>\n<td class=\"align-middle\"><img decoding=\"async\" src=\"\/wp-content\/uploads\/2021\/05\/logo-dynapac.jpg\" \/><\/td>\n<td class=\"align-middle\"><\/td>\n<td class=\"align-middle\"><i class=\"fa fa-circle\" aria-hidden=\"true\"><\/i><\/td>\n<td class=\"align-middle\"><\/td>\n<td class=\"align-middle\"><\/td>\n<td class=\"align-middle\"><\/td>\n<td class=\"align-middle\"><\/td>\n<\/tr>\n<tr>\n<td class=\"align-middle\"><img decoding=\"async\" src=\"\/wp-content\/uploads\/2021\/05\/logo-epiroc.jpg\" \/><\/td>\n<td class=\"align-middle\"><i class=\"fa fa-circle\" aria-hidden=\"true\"><\/i><\/td>\n<td class=\"align-middle\"><i class=\"fa fa-circle\" aria-hidden=\"true\"><\/i><\/td>\n<td class=\"align-middle\"><\/td>\n<td class=\"align-middle\"><\/td>\n<td class=\"align-middle\"><\/td>\n<td class=\"align-middle\"><\/td>\n<\/tr>\n<tr>\n<td class=\"align-middle\"><img decoding=\"async\" src=\"\/wp-content\/uploads\/2021\/05\/logo-fatuve.jpg\" \/><\/td>\n<td class=\"align-middle\"><\/td>\n<td class=\"align-middle\"><\/td>\n<td class=\"align-middle\"><\/td>\n<td class=\"align-middle\"><\/td>\n<td class=\"align-middle\"><\/td>\n<td class=\"align-middle\"><\/td>\n<\/tr>\n<tr>\n<td class=\"align-middle\"><img decoding=\"async\" src=\"\/wp-content\/uploads\/2021\/05\/logo-hatz.jpg\" \/><\/td>\n<td class=\"align-middle\"><\/td>\n<td class=\"align-middle\"><\/td>\n<td class=\"align-middle\"><i class=\"fa fa-circle\" aria-hidden=\"true\"><\/i><\/td>\n<td class=\"align-middle\"><\/td>\n<td class=\"align-middle\"><\/td>\n<td class=\"align-middle\"><\/td>\n<\/tr>\n<tr>\n<td class=\"align-middle\"><img decoding=\"async\" src=\"\/wp-content\/uploads\/2021\/05\/logo-henkelhausen.jpg\" \/><\/td>\n<td class=\"align-middle\"><\/td>\n<td class=\"align-middle\"><\/td>\n<td class=\"align-middle\"><i class=\"fa fa-circle\" aria-hidden=\"true\"><\/i><\/td>\n<td class=\"align-middle\"><\/td>\n<td class=\"align-middle\"><\/td>\n<td class=\"align-middle\"><\/td>\n<\/tr>\n<tr>\n<td class=\"align-middle\"><img decoding=\"async\" src=\"\/wp-content\/uploads\/2021\/05\/logo-husqvarna.jpg\" \/><\/td>\n<td class=\"align-middle\"><\/td>\n<td class=\"align-middle\"><i class=\"fa fa-circle\" aria-hidden=\"true\"><\/i><\/td>\n<td class=\"align-middle\"><i class=\"fa fa-circle\" aria-hidden=\"true\"><\/i><\/td>\n<td class=\"align-middle\"><\/td>\n<td class=\"align-middle\"><\/td>\n<td class=\"align-middle\"><\/td>\n<\/tr>\n<tr>\n<td class=\"align-middle\"><img decoding=\"async\" src=\"\/wp-content\/uploads\/2021\/05\/logo-jetarco.jpg\" \/><\/td>\n<td class=\"align-middle\"><\/td>\n<td class=\"align-middle\"><i class=\"fa fa-circle\" aria-hidden=\"true\"><\/i><\/td>\n<td class=\"align-middle\"><i class=\"fa fa-circle\" aria-hidden=\"true\"><\/i><\/td>\n<td class=\"align-middle\"><\/td>\n<td class=\"align-middle\"><\/td>\n<td class=\"align-middle\"><\/td>\n<\/tr>\n<tr>\n<td class=\"align-middle\"><img decoding=\"async\" src=\"\/wp-content\/uploads\/2021\/05\/logo-lbcranes.jpg\" \/><\/td>\n<td class=\"align-middle\"><\/td>\n<td class=\"align-middle\"><i class=\"fa fa-circle\" aria-hidden=\"true\"><\/i><\/td>\n<td class=\"align-middle\"><i class=\"fa fa-circle\" aria-hidden=\"true\"><\/i><\/td>\n<td class=\"align-middle\"><\/td>\n<td class=\"align-middle\"><\/td>\n<td class=\"align-middle\"><\/td>\n<\/tr>\n<tr>\n<td class=\"align-middle\"><img decoding=\"async\" src=\"\/wp-content\/uploads\/2021\/05\/logo-leica.jpg\" \/><\/td>\n<td class=\"align-middle\"><i class=\"fa fa-circle\" aria-hidden=\"true\"><\/i><\/td>\n<td class=\"align-middle\"><i class=\"fa fa-circle\" aria-hidden=\"true\"><\/i><\/td>\n<td class=\"align-middle\"><\/td>\n<td class=\"align-middle\"><\/td>\n<td class=\"align-middle\"><\/td>\n<td class=\"align-middle\"><i class=\"fa fa-circle\" aria-hidden=\"true\"><\/i><\/td>\n<\/tr>\n<tr>\n<td class=\"align-middle\"><img decoding=\"async\" src=\"\/wp-content\/uploads\/2021\/05\/logo-marisan.jpg\" \/><\/td>\n<td class=\"align-middle\"><\/td>\n<td class=\"align-middle\"><\/td>\n<td class=\"align-middle\"><i class=\"fa fa-circle\" aria-hidden=\"true\"><\/i><\/td>\n<td class=\"align-middle\"><\/td>\n<td class=\"align-middle\"><\/td>\n<td class=\"align-middle\"><\/td>\n<\/tr>\n<tr>\n<td class=\"align-middle\"><img decoding=\"async\" src=\"\/wp-content\/uploads\/2021\/05\/logo-nuba.jpg\" \/><\/td>\n<td class=\"align-middle\"><i class=\"fa fa-circle\" aria-hidden=\"true\"><\/i><\/td>\n<td class=\"align-middle\"><\/td>\n<td class=\"align-middle\"><\/td>\n<td class=\"align-middle\"><\/td>\n<td class=\"align-middle\"><\/td>\n<td class=\"align-middle\"><\/td>\n<\/tr>\n<tr>\n<td class=\"align-middle\"><img decoding=\"async\" src=\"\/wp-content\/uploads\/2021\/05\/logo-omnicomm.jpg\" \/><\/td>\n<td class=\"align-middle\"><\/td>\n<td class=\"align-middle\"><i class=\"fa fa-circle\" aria-hidden=\"true\"><\/i><\/td>\n<td class=\"align-middle\"><\/td>\n<td class=\"align-middle\"><i class=\"fa fa-circle\" aria-hidden=\"true\"><\/i><\/td>\n<td class=\"align-middle\"><\/td>\n<td class=\"align-middle\"><\/td>\n<\/tr>\n<tr>\n<td class=\"align-middle\"><img decoding=\"async\" src=\"\/wp-content\/uploads\/2021\/05\/logo-probst.jpg\" \/><\/td>\n<td class=\"align-middle\"><\/td>\n<td class=\"align-middle\"><i class=\"fa fa-circle\" aria-hidden=\"true\"><\/i><\/td>\n<td class=\"align-middle\"><\/td>\n<td class=\"align-middle\"><\/td>\n<td class=\"align-middle\"><\/td>\n<td class=\"align-middle\"><\/td>\n<\/tr>\n<tr>\n<td class=\"align-middle\"><img decoding=\"async\" src=\"\/wp-content\/uploads\/2021\/05\/logo-prominent.jpg\" \/><\/td>\n<td class=\"align-middle\"><\/td>\n<td class=\"align-middle\"><\/td>\n<td class=\"align-middle\"><\/td>\n<td class=\"align-middle\"><\/td>\n<td class=\"align-middle\"><i class=\"fa fa-circle\" aria-hidden=\"true\"><\/i><\/td>\n<td class=\"align-middle\"><\/td>\n<\/tr>\n<tr>\n<td class=\"align-middle\"><img decoding=\"async\" src=\"\/wp-content\/uploads\/2021\/05\/logo-blasters.jpg\" \/><\/td>\n<td class=\"align-middle\"><\/td>\n<td class=\"align-middle\"><\/td>\n<td class=\"align-middle\"><\/td>\n<td class=\"align-middle\"><\/td>\n<td class=\"align-middle\"><\/td>\n<td class=\"align-middle\"><\/td>\n<\/tr>\n<tr>\n<td class=\"align-middle\"><img decoding=\"async\" src=\"\/wp-content\/uploads\/2021\/05\/logo-schwing.jpg\" \/><\/td>\n<td class=\"align-middle\"><\/td>\n<td class=\"align-middle\"><i class=\"fa fa-circle\" aria-hidden=\"true\"><\/i><\/td>\n<td class=\"align-middle\"><\/td>\n<td class=\"align-middle\"><\/td>\n<td class=\"align-middle\"><\/td>\n<td class=\"align-middle\"><\/td>\n<\/tr>\n<tr>\n<td class=\"align-middle\"><img decoding=\"async\" src=\"\/wp-content\/uploads\/2021\/05\/logo-seba.jpg\" \/><\/td>\n<td class=\"align-middle\"><\/td>\n<td class=\"align-middle\"><i class=\"fa fa-circle\" aria-hidden=\"true\"><\/i><\/td>\n<td class=\"align-middle\"><\/td>\n<td class=\"align-middle\"><\/td>\n<td class=\"align-middle\"><i class=\"fa fa-circle\" aria-hidden=\"true\"><\/i><\/td>\n<td class=\"align-middle\"><\/td>\n<\/tr>\n<tr>\n<td class=\"align-middle\"><img decoding=\"async\" src=\"\/wp-content\/uploads\/2021\/05\/logo-tecso.jpg\" \/><\/td>\n<td class=\"align-middle\"><i class=\"fa fa-circle\" aria-hidden=\"true\"><\/i><\/td>\n<td class=\"align-middle\"><i class=\"fa fa-circle\" aria-hidden=\"true\"><\/i><\/td>\n<td class=\"align-middle\"><i class=\"fa fa-circle\" aria-hidden=\"true\"><\/i><\/td>\n<td class=\"align-middle\"><\/td>\n<td class=\"align-middle\"><\/td>\n<td class=\"align-middle\"><\/td>\n<\/tr>\n<tr>\n<td class=\"align-middle\"><img decoding=\"async\" src=\"\/wp-content\/uploads\/2021\/05\/logo-terraroc.jpg\" \/><\/td>\n<td class=\"align-middle\"><i class=\"fa fa-circle\" aria-hidden=\"true\"><\/i><\/td>\n<td class=\"align-middle\"><i class=\"fa fa-circle\" aria-hidden=\"true\"><\/i><\/td>\n<td class=\"align-middle\"><\/td>\n<td class=\"align-middle\"><\/td>\n<td class=\"align-middle\"><\/td>\n<td class=\"align-middle\"><\/td>\n<\/tr>\n<tr>\n<td class=\"align-middle\"><img decoding=\"async\" src=\"\/wp-content\/uploads\/2021\/05\/logo-weghgroup.jpg\" \/><\/td>\n<td class=\"align-middle\"><\/td>\n<td class=\"align-middle\"><i class=\"fa fa-circle\" aria-hidden=\"true\"><\/i><\/td>\n<td class=\"align-middle\"><i class=\"fa fa-circle\" aria-hidden=\"true\"><\/i><\/td>\n<td class=\"align-middle\"><\/td>\n<td class=\"align-middle\"><\/td>\n<td class=\"align-middle\"><\/td>\n<\/tr>\n<tr>\n<td class=\"align-middle\"><img decoding=\"async\" src=\"\/wp-content\/uploads\/2021\/05\/logo-zgr.jpg\" \/><\/td>\n<td class=\"align-middle\"><\/td>\n<td class=\"align-middle\"><\/td>\n<td class=\"align-middle\"><\/td>\n<td class=\"align-middle\"><i class=\"fa fa-circle\" aria-hidden=\"true\"><\/i><\/td>\n<td class=\"align-middle\"><i class=\"fa fa-circle\" aria-hidden=\"true\"><\/i><\/td>\n<td class=\"align-middle\"><\/td>\n<\/tr>\n<\/tbody>\n<\/table>\n<p>[\/et_pb_text][\/et_pb_column][\/et_pb_row][\/et_pb_section]<\/p>\n","protected":false},"excerpt":{"rendered":"<p>En Dehispa contamos con una amplia cartera de partners contrastados, todos ellos son l\u00edderes en su sector y nos aportan la m\u00e1xima garant\u00eda para nuestros clientes.NUESTROS PARTNERS\u00a0 Miner\u00eda Infraestructuras Industrial Energ\u00eda Medioambiente Agricultura<\/p>\n","protected":false},"author":1,"featured_media":0,"parent":0,"menu_order":0,"comment_status":"closed","ping_status":"closed","template":"","meta":{"_et_pb_use_builder":"on","_et_pb_old_content":"<!-- wp:divi\/placeholder \/-->","_et_gb_content_width":""},"yoast_head":"<!-- This site is optimized with the Yoast SEO plugin v20.1 - https:\/\/yoast.com\/wordpress\/plugins\/seo\/ -->\n<title>Nuestros partners - The Mining and Construction Company<\/title>\n<meta name=\"robots\" content=\"index, follow, max-snippet:-1, max-image-preview:large, max-video-preview:-1\" \/>\n<link rel=\"canonical\" href=\"https:\/\/dehispa.com\/es\/nuestros-partners\/\" \/>\n<meta property=\"og:locale\" content=\"es_ES\" \/>\n<meta property=\"og:type\" content=\"article\" \/>\n<meta property=\"og:title\" content=\"Nuestros partners - The Mining and Construction Company\" \/>\n<meta property=\"og:description\" content=\"SERVICIOS DESCARGAS Descargue nuestro folletoOPERACI\u00d3N Y MANTENIMIENTOEn Dehispa completamos el ciclo de vida de tus proyectos, estando presente en la fase de post venta y realizando la operaci\u00f3n y el mantenimiento en sus tres vertientes; predictivo, preventivo y general. Mediante esta fase de operaci\u00f3n y mantenimiento, optimizamos la inversi\u00f3n realizada en cada proyecto, disminuyendo su [&hellip;]\" \/>\n<meta property=\"og:url\" content=\"https:\/\/dehispa.com\/es\/nuestros-partners\/\" \/>\n<meta property=\"og:site_name\" content=\"The Mining and Construction Company\" \/>\n<meta property=\"article:publisher\" content=\"https:\/\/www.facebook.com\/Dehispa.Oficial\/\" \/>\n<meta property=\"article:modified_time\" content=\"2022-11-11T13:54:30+00:00\" \/>\n<meta name=\"twitter:card\" content=\"summary_large_image\" \/>\n<meta name=\"twitter:label1\" content=\"Tiempo de lectura\" \/>\n\t<meta name=\"twitter:data1\" content=\"2 minutos\" \/>\n<script type=\"application\/ld+json\" class=\"yoast-schema-graph\">{\"@context\":\"https:\/\/schema.org\",\"@graph\":[{\"@type\":\"WebPage\",\"@id\":\"https:\/\/dehispa.com\/es\/nuestros-partners\/\",\"url\":\"https:\/\/dehispa.com\/es\/nuestros-partners\/\",\"name\":\"Nuestros partners - The Mining and Construction Company\",\"isPartOf\":{\"@id\":\"https:\/\/dehispa.com\/es\/#website\"},\"datePublished\":\"2021-04-29T18:50:38+00:00\",\"dateModified\":\"2022-11-11T13:54:30+00:00\",\"breadcrumb\":{\"@id\":\"https:\/\/dehispa.com\/es\/nuestros-partners\/#breadcrumb\"},\"inLanguage\":\"es\",\"potentialAction\":[{\"@type\":\"ReadAction\",\"target\":[\"https:\/\/dehispa.com\/es\/nuestros-partners\/\"]}]},{\"@type\":\"BreadcrumbList\",\"@id\":\"https:\/\/dehispa.com\/es\/nuestros-partners\/#breadcrumb\",\"itemListElement\":[{\"@type\":\"ListItem\",\"position\":1,\"name\":\"Portada\",\"item\":\"https:\/\/dehispa.com\/es\/\"},{\"@type\":\"ListItem\",\"position\":2,\"name\":\"Nuestros partners\"}]},{\"@type\":\"WebSite\",\"@id\":\"https:\/\/dehispa.com\/es\/#website\",\"url\":\"https:\/\/dehispa.com\/es\/\",\"name\":\"Dehispa\",\"description\":\"Construcci\u00f3n, Miner\u00eda, Obra P\u00fablica e Industria\",\"publisher\":{\"@id\":\"https:\/\/dehispa.com\/es\/#organization\"},\"potentialAction\":[{\"@type\":\"SearchAction\",\"target\":{\"@type\":\"EntryPoint\",\"urlTemplate\":\"https:\/\/dehispa.com\/es\/?s={search_term_string}\"},\"query-input\":\"required name=search_term_string\"}],\"inLanguage\":\"es\"},{\"@type\":\"Organization\",\"@id\":\"https:\/\/dehispa.com\/es\/#organization\",\"name\":\"Dehispa\",\"url\":\"https:\/\/dehispa.com\/es\/\",\"logo\":{\"@type\":\"ImageObject\",\"inLanguage\":\"es\",\"@id\":\"https:\/\/dehispa.com\/es\/#\/schema\/logo\/image\/\",\"url\":\"https:\/\/dehispa.com\/wp-content\/uploads\/2021\/06\/logotipo.png\",\"contentUrl\":\"https:\/\/dehispa.com\/wp-content\/uploads\/2021\/06\/logotipo.png\",\"width\":160,\"height\":53,\"caption\":\"Dehispa\"},\"image\":{\"@id\":\"https:\/\/dehispa.com\/es\/#\/schema\/logo\/image\/\"},\"sameAs\":[\"https:\/\/www.facebook.com\/Dehispa.Oficial\/\"]}]}<\/script>\n<!-- \/ Yoast SEO plugin. -->","yoast_head_json":{"title":"Nuestros partners - The Mining and Construction Company","robots":{"index":"index","follow":"follow","max-snippet":"max-snippet:-1","max-image-preview":"max-image-preview:large","max-video-preview":"max-video-preview:-1"},"canonical":"https:\/\/dehispa.com\/es\/nuestros-partners\/","og_locale":"es_ES","og_type":"article","og_title":"Nuestros partners - The Mining and Construction Company","og_description":"SERVICIOS DESCARGAS Descargue nuestro folletoOPERACI\u00d3N Y MANTENIMIENTOEn Dehispa completamos el ciclo de vida de tus proyectos, estando presente en la fase de post venta y realizando la operaci\u00f3n y el mantenimiento en sus tres vertientes; predictivo, preventivo y general. Mediante esta fase de operaci\u00f3n y mantenimiento, optimizamos la inversi\u00f3n realizada en cada proyecto, disminuyendo su [&hellip;]","og_url":"https:\/\/dehispa.com\/es\/nuestros-partners\/","og_site_name":"The Mining and Construction Company","article_publisher":"https:\/\/www.facebook.com\/Dehispa.Oficial\/","article_modified_time":"2022-11-11T13:54:30+00:00","twitter_card":"summary_large_image","twitter_misc":{"Tiempo de lectura":"2 minutos"},"schema":{"@context":"https:\/\/schema.org","@graph":[{"@type":"WebPage","@id":"https:\/\/dehispa.com\/es\/nuestros-partners\/","url":"https:\/\/dehispa.com\/es\/nuestros-partners\/","name":"Nuestros partners - The Mining and Construction Company","isPartOf":{"@id":"https:\/\/dehispa.com\/es\/#website"},"datePublished":"2021-04-29T18:50:38+00:00","dateModified":"2022-11-11T13:54:30+00:00","breadcrumb":{"@id":"https:\/\/dehispa.com\/es\/nuestros-partners\/#breadcrumb"},"inLanguage":"es","potentialAction":[{"@type":"ReadAction","target":["https:\/\/dehispa.com\/es\/nuestros-partners\/"]}]},{"@type":"BreadcrumbList","@id":"https:\/\/dehispa.com\/es\/nuestros-partners\/#breadcrumb","itemListElement":[{"@type":"ListItem","position":1,"name":"Portada","item":"https:\/\/dehispa.com\/es\/"},{"@type":"ListItem","position":2,"name":"Nuestros partners"}]},{"@type":"WebSite","@id":"https:\/\/dehispa.com\/es\/#website","url":"https:\/\/dehispa.com\/es\/","name":"Dehispa","description":"Construcci\u00f3n, Miner\u00eda, Obra P\u00fablica e Industria","publisher":{"@id":"https:\/\/dehispa.com\/es\/#organization"},"potentialAction":[{"@type":"SearchAction","target":{"@type":"EntryPoint","urlTemplate":"https:\/\/dehispa.com\/es\/?s={search_term_string}"},"query-input":"required name=search_term_string"}],"inLanguage":"es"},{"@type":"Organization","@id":"https:\/\/dehispa.com\/es\/#organization","name":"Dehispa","url":"https:\/\/dehispa.com\/es\/","logo":{"@type":"ImageObject","inLanguage":"es","@id":"https:\/\/dehispa.com\/es\/#\/schema\/logo\/image\/","url":"https:\/\/dehispa.com\/wp-content\/uploads\/2021\/06\/logotipo.png","contentUrl":"https:\/\/dehispa.com\/wp-content\/uploads\/2021\/06\/logotipo.png","width":160,"height":53,"caption":"Dehispa"},"image":{"@id":"https:\/\/dehispa.com\/es\/#\/schema\/logo\/image\/"},"sameAs":["https:\/\/www.facebook.com\/Dehispa.Oficial\/"]}]}},"_links":{"self":[{"href":"https:\/\/dehispa.com\/es\/wp-json\/wp\/v2\/pages\/1926"}],"collection":[{"href":"https:\/\/dehispa.com\/es\/wp-json\/wp\/v2\/pages"}],"about":[{"href":"https:\/\/dehispa.com\/es\/wp-json\/wp\/v2\/types\/page"}],"author":[{"embeddable":true,"href":"https:\/\/dehispa.com\/es\/wp-json\/wp\/v2\/users\/1"}],"replies":[{"embeddable":true,"href":"https:\/\/dehispa.com\/es\/wp-json\/wp\/v2\/comments?post=1926"}],"version-history":[{"count":26,"href":"https:\/\/dehispa.com\/es\/wp-json\/wp\/v2\/pages\/1926\/revisions"}],"predecessor-version":[{"id":239583,"href":"https:\/\/dehispa.com\/es\/wp-json\/wp\/v2\/pages\/1926\/revisions\/239583"}],"wp:attachment":[{"href":"https:\/\/dehispa.com\/es\/wp-json\/wp\/v2\/media?parent=1926"}],"curies":[{"name":"wp","href":"https:\/\/api.w.org\/{rel}","templated":true}]}}