{"id":239712,"date":"2025-02-04T10:35:27","date_gmt":"2025-02-04T10:35:27","guid":{"rendered":"https:\/\/dehispa.com\/?page_id=239712"},"modified":"2025-05-22T09:23:02","modified_gmt":"2025-05-22T09:23:02","slug":"sede-cuba","status":"publish","type":"page","link":"https:\/\/dehispa.com\/es\/sede-cuba\/","title":{"rendered":"Sede Cuba"},"content":{"rendered":"<p>[et_pb_section fb_built=\u00bb1&#8243; _builder_version=\u00bb4.27.4&#8243; _module_preset=\u00bbdefault\u00bb global_colors_info=\u00bb{}\u00bb][et_pb_row _builder_version=\u00bb4.27.4&#8243; _module_preset=\u00bbdefault\u00bb global_colors_info=\u00bb{}\u00bb][et_pb_column type=\u00bb4_4&#8243; _builder_version=\u00bb4.27.4&#8243; _module_preset=\u00bbdefault\u00bb global_colors_info=\u00bb{}\u00bb][et_pb_text _builder_version=\u00bb4.27.4&#8243; _module_preset=\u00bbdefault\u00bb global_colors_info=\u00bb{}\u00bb]<\/p>\n<h1><strong>SEDE DE CUBA<\/strong><\/h1>\n<p>[\/et_pb_text][et_pb_text _builder_version=\u00bb4.27.4&#8243; _module_preset=\u00bbdefault\u00bb global_colors_info=\u00bb{}\u00bb]<\/p>\n<p>La sede de Dehispa en Cuba desempe\u00f1a un papel clave dentro de nuestra estructura global, actuando como la centralita operativa para Am\u00e9rica. Su ubicaci\u00f3n estrat\u00e9gica y su capacidad de coordinaci\u00f3n nos permiten optimizar la gesti\u00f3n de nuestras operaciones en la regi\u00f3n, asegurando una comunicaci\u00f3n fluida y una operativa eficiente entre nuestras distintas sedes.<\/p>\n<p>Desde esta central, impulsamos la integraci\u00f3n y el desarrollo de nuestros proyectos en el continente, garantizando que cada iniciativa se lleve a cabo con los m\u00e1s altos est\u00e1ndares de calidad y eficiencia. Su capacidad de gesti\u00f3n y adaptaci\u00f3n la convierten en un pilar fundamental para la expansi\u00f3n y consolidaci\u00f3n de Dehispa en los mercados internacionales.<\/p>\n<p>Nuestro compromiso con la excelencia y la innovaci\u00f3n nos motiva a seguir fortaleciendo esta sede, reafirmando su papel como un eje central dentro de nuestra red global. \u00a1En Dehispa Cuba, conectamos el presente con el futuro para seguir creciendo juntos!<\/p>\n<p>[\/et_pb_text][\/et_pb_column][\/et_pb_row][\/et_pb_section]<\/p>\n","protected":false},"excerpt":{"rendered":"<p>SEDE DE CUBALa sede de Dehispa en Cuba desempe\u00f1a un papel clave dentro de nuestra estructura global, actuando como la centralita operativa para Am\u00e9rica. Su ubicaci\u00f3n estrat\u00e9gica y su capacidad de coordinaci\u00f3n nos permiten optimizar la gesti\u00f3n de nuestras operaciones en la regi\u00f3n, asegurando una comunicaci\u00f3n fluida y una operativa eficiente entre nuestras distintas sedes. [&hellip;]<\/p>\n","protected":false},"author":2,"featured_media":0,"parent":0,"menu_order":0,"comment_status":"closed","ping_status":"closed","template":"","meta":{"_et_pb_use_builder":"on","_et_pb_old_content":"","_et_gb_content_width":""},"yoast_head":"<!-- This site is optimized with the Yoast SEO plugin v20.1 - https:\/\/yoast.com\/wordpress\/plugins\/seo\/ -->\n<title>Sede Cuba - The Mining and Construction Company<\/title>\n<meta name=\"robots\" content=\"index, follow, max-snippet:-1, max-image-preview:large, max-video-preview:-1\" \/>\n<link rel=\"canonical\" href=\"https:\/\/dehispa.com\/es\/sede-cuba\/\" \/>\n<meta property=\"og:locale\" content=\"es_ES\" \/>\n<meta property=\"og:type\" content=\"article\" \/>\n<meta property=\"og:title\" content=\"Sede Cuba - The Mining and Construction Company\" \/>\n<meta property=\"og:description\" content=\"SERVICIOS DESCARGAS Descargue nuestro folletoOPERACI\u00d3N Y MANTENIMIENTOEn Dehispa completamos el ciclo de vida de tus proyectos, estando presente en la fase de post venta y realizando la operaci\u00f3n y el mantenimiento en sus tres vertientes; predictivo, preventivo y general. Mediante esta fase de operaci\u00f3n y mantenimiento, optimizamos la inversi\u00f3n realizada en cada proyecto, disminuyendo su [&hellip;]\" \/>\n<meta property=\"og:url\" content=\"https:\/\/dehispa.com\/es\/sede-cuba\/\" \/>\n<meta property=\"og:site_name\" content=\"The Mining and Construction Company\" \/>\n<meta property=\"article:publisher\" content=\"https:\/\/www.facebook.com\/Dehispa.Oficial\/\" \/>\n<meta property=\"article:modified_time\" content=\"2025-05-22T09:23:02+00:00\" \/>\n<meta name=\"twitter:card\" content=\"summary_large_image\" \/>\n<meta name=\"twitter:label1\" content=\"Tiempo de lectura\" \/>\n\t<meta name=\"twitter:data1\" content=\"1 minuto\" \/>\n<script type=\"application\/ld+json\" class=\"yoast-schema-graph\">{\"@context\":\"https:\/\/schema.org\",\"@graph\":[{\"@type\":\"WebPage\",\"@id\":\"https:\/\/dehispa.com\/es\/sede-cuba\/\",\"url\":\"https:\/\/dehispa.com\/es\/sede-cuba\/\",\"name\":\"Sede Cuba - The Mining and Construction Company\",\"isPartOf\":{\"@id\":\"https:\/\/dehispa.com\/es\/#website\"},\"datePublished\":\"2025-02-04T10:35:27+00:00\",\"dateModified\":\"2025-05-22T09:23:02+00:00\",\"breadcrumb\":{\"@id\":\"https:\/\/dehispa.com\/es\/sede-cuba\/#breadcrumb\"},\"inLanguage\":\"es\",\"potentialAction\":[{\"@type\":\"ReadAction\",\"target\":[\"https:\/\/dehispa.com\/es\/sede-cuba\/\"]}]},{\"@type\":\"BreadcrumbList\",\"@id\":\"https:\/\/dehispa.com\/es\/sede-cuba\/#breadcrumb\",\"itemListElement\":[{\"@type\":\"ListItem\",\"position\":1,\"name\":\"Portada\",\"item\":\"https:\/\/dehispa.com\/es\/\"},{\"@type\":\"ListItem\",\"position\":2,\"name\":\"Sede Cuba\"}]},{\"@type\":\"WebSite\",\"@id\":\"https:\/\/dehispa.com\/es\/#website\",\"url\":\"https:\/\/dehispa.com\/es\/\",\"name\":\"Dehispa\",\"description\":\"Construcci\u00f3n, Miner\u00eda, Obra P\u00fablica e Industria\",\"publisher\":{\"@id\":\"https:\/\/dehispa.com\/es\/#organization\"},\"potentialAction\":[{\"@type\":\"SearchAction\",\"target\":{\"@type\":\"EntryPoint\",\"urlTemplate\":\"https:\/\/dehispa.com\/es\/?s={search_term_string}\"},\"query-input\":\"required name=search_term_string\"}],\"inLanguage\":\"es\"},{\"@type\":\"Organization\",\"@id\":\"https:\/\/dehispa.com\/es\/#organization\",\"name\":\"Dehispa\",\"url\":\"https:\/\/dehispa.com\/es\/\",\"logo\":{\"@type\":\"ImageObject\",\"inLanguage\":\"es\",\"@id\":\"https:\/\/dehispa.com\/es\/#\/schema\/logo\/image\/\",\"url\":\"https:\/\/dehispa.com\/wp-content\/uploads\/2021\/06\/logotipo.png\",\"contentUrl\":\"https:\/\/dehispa.com\/wp-content\/uploads\/2021\/06\/logotipo.png\",\"width\":160,\"height\":53,\"caption\":\"Dehispa\"},\"image\":{\"@id\":\"https:\/\/dehispa.com\/es\/#\/schema\/logo\/image\/\"},\"sameAs\":[\"https:\/\/www.facebook.com\/Dehispa.Oficial\/\"]}]}<\/script>\n<!-- \/ Yoast SEO plugin. -->","yoast_head_json":{"title":"Sede Cuba - The Mining and Construction Company","robots":{"index":"index","follow":"follow","max-snippet":"max-snippet:-1","max-image-preview":"max-image-preview:large","max-video-preview":"max-video-preview:-1"},"canonical":"https:\/\/dehispa.com\/es\/sede-cuba\/","og_locale":"es_ES","og_type":"article","og_title":"Sede Cuba - The Mining and Construction Company","og_description":"SERVICIOS DESCARGAS Descargue nuestro folletoOPERACI\u00d3N Y MANTENIMIENTOEn Dehispa completamos el ciclo de vida de tus proyectos, estando presente en la fase de post venta y realizando la operaci\u00f3n y el mantenimiento en sus tres vertientes; predictivo, preventivo y general. Mediante esta fase de operaci\u00f3n y mantenimiento, optimizamos la inversi\u00f3n realizada en cada proyecto, disminuyendo su [&hellip;]","og_url":"https:\/\/dehispa.com\/es\/sede-cuba\/","og_site_name":"The Mining and Construction Company","article_publisher":"https:\/\/www.facebook.com\/Dehispa.Oficial\/","article_modified_time":"2025-05-22T09:23:02+00:00","twitter_card":"summary_large_image","twitter_misc":{"Tiempo de lectura":"1 minuto"},"schema":{"@context":"https:\/\/schema.org","@graph":[{"@type":"WebPage","@id":"https:\/\/dehispa.com\/es\/sede-cuba\/","url":"https:\/\/dehispa.com\/es\/sede-cuba\/","name":"Sede Cuba - The Mining and Construction Company","isPartOf":{"@id":"https:\/\/dehispa.com\/es\/#website"},"datePublished":"2025-02-04T10:35:27+00:00","dateModified":"2025-05-22T09:23:02+00:00","breadcrumb":{"@id":"https:\/\/dehispa.com\/es\/sede-cuba\/#breadcrumb"},"inLanguage":"es","potentialAction":[{"@type":"ReadAction","target":["https:\/\/dehispa.com\/es\/sede-cuba\/"]}]},{"@type":"BreadcrumbList","@id":"https:\/\/dehispa.com\/es\/sede-cuba\/#breadcrumb","itemListElement":[{"@type":"ListItem","position":1,"name":"Portada","item":"https:\/\/dehispa.com\/es\/"},{"@type":"ListItem","position":2,"name":"Sede Cuba"}]},{"@type":"WebSite","@id":"https:\/\/dehispa.com\/es\/#website","url":"https:\/\/dehispa.com\/es\/","name":"Dehispa","description":"Construcci\u00f3n, Miner\u00eda, Obra P\u00fablica e Industria","publisher":{"@id":"https:\/\/dehispa.com\/es\/#organization"},"potentialAction":[{"@type":"SearchAction","target":{"@type":"EntryPoint","urlTemplate":"https:\/\/dehispa.com\/es\/?s={search_term_string}"},"query-input":"required name=search_term_string"}],"inLanguage":"es"},{"@type":"Organization","@id":"https:\/\/dehispa.com\/es\/#organization","name":"Dehispa","url":"https:\/\/dehispa.com\/es\/","logo":{"@type":"ImageObject","inLanguage":"es","@id":"https:\/\/dehispa.com\/es\/#\/schema\/logo\/image\/","url":"https:\/\/dehispa.com\/wp-content\/uploads\/2021\/06\/logotipo.png","contentUrl":"https:\/\/dehispa.com\/wp-content\/uploads\/2021\/06\/logotipo.png","width":160,"height":53,"caption":"Dehispa"},"image":{"@id":"https:\/\/dehispa.com\/es\/#\/schema\/logo\/image\/"},"sameAs":["https:\/\/www.facebook.com\/Dehispa.Oficial\/"]}]}},"_links":{"self":[{"href":"https:\/\/dehispa.com\/es\/wp-json\/wp\/v2\/pages\/239712"}],"collection":[{"href":"https:\/\/dehispa.com\/es\/wp-json\/wp\/v2\/pages"}],"about":[{"href":"https:\/\/dehispa.com\/es\/wp-json\/wp\/v2\/types\/page"}],"author":[{"embeddable":true,"href":"https:\/\/dehispa.com\/es\/wp-json\/wp\/v2\/users\/2"}],"replies":[{"embeddable":true,"href":"https:\/\/dehispa.com\/es\/wp-json\/wp\/v2\/comments?post=239712"}],"version-history":[{"count":5,"href":"https:\/\/dehispa.com\/es\/wp-json\/wp\/v2\/pages\/239712\/revisions"}],"predecessor-version":[{"id":240067,"href":"https:\/\/dehispa.com\/es\/wp-json\/wp\/v2\/pages\/239712\/revisions\/240067"}],"wp:attachment":[{"href":"https:\/\/dehispa.com\/es\/wp-json\/wp\/v2\/media?parent=239712"}],"curies":[{"name":"wp","href":"https:\/\/api.w.org\/{rel}","templated":true}]}}