{"id":240068,"date":"2025-05-26T09:40:03","date_gmt":"2025-05-26T09:40:03","guid":{"rendered":"https:\/\/dehispa.com\/?page_id=240068"},"modified":"2025-05-27T09:15:13","modified_gmt":"2025-05-27T09:15:13","slug":"equipo","status":"publish","type":"page","link":"https:\/\/dehispa.com\/es\/equipo\/","title":{"rendered":"Equipo"},"content":{"rendered":"<p>[et_pb_section fb_built=\u00bb1&#8243; _builder_version=\u00bb4.27.4&#8243; _module_preset=\u00bbdefault\u00bb global_colors_info=\u00bb{}\u00bb][et_pb_row _builder_version=\u00bb4.27.4&#8243; _module_preset=\u00bbdefault\u00bb global_colors_info=\u00bb{}\u00bb][et_pb_column type=\u00bb4_4&#8243; _builder_version=\u00bb4.27.4&#8243; _module_preset=\u00bbdefault\u00bb global_colors_info=\u00bb{}\u00bb][et_pb_text _builder_version=\u00bb4.27.4&#8243; _module_preset=\u00bbdefault\u00bb text_text_color=\u00bb#000000&#8243; text_font_size=\u00bb48px\u00bb text_line_height=\u00bb50px\u00bb text_orientation=\u00bbcenter\u00bb global_colors_info=\u00bb{}\u00bb]<\/p>\n<p><em><strong>Equipo<\/strong> <\/em>Dehispa<\/p>\n<p>[\/et_pb_text][et_pb_text _builder_version=\u00bb4.27.4&#8243; _module_preset=\u00bbdefault\u00bb text_font_size=\u00bb20px\u00bb text_line_height=\u00bb28px\u00bb hover_enabled=\u00bb0&#8243; global_colors_info=\u00bb{}\u00bb text_font_size_last_edited=\u00bbon|phone\u00bb sticky_enabled=\u00bb0&#8243; text_font_size_phone=\u00bb16px\u00bb text_font_size_tablet=\u00bb20px\u00bb]<\/p>\n<p>Detr\u00e1s de cada gran proyecto hay un equipo a\u00fan mejor. Nuestro equipo multidisciplinar de ingenieros, consultores y t\u00e9cnicos combina experiencia, visi\u00f3n estrat\u00e9gica y pasi\u00f3n por la innovaci\u00f3n.<\/p>\n<p>Cada uno de nosotros aporta su conocimiento para dise\u00f1ar soluciones eficientes, sostenibles y personalizadas, siempre con un objetivo claro: aportar valor real a nuestros clientes.<\/p>\n<p>Somos especialistas en convertir retos t\u00e9cnicos en oportunidades, y trabajamos codo con codo para que cada proyecto supere expectativas.<\/p>\n<p>Porque cuando el talento se une, la ingenier\u00eda se transforma en progreso.<\/p>\n<p>[\/et_pb_text][\/et_pb_column][\/et_pb_row][et_pb_row column_structure=\u00bb1_4,1_4,1_4,1_4&#8243; use_custom_gutter=\u00bbon\u00bb gutter_width=\u00bb2&#8243; _builder_version=\u00bb4.27.4&#8243; _module_preset=\u00bbdefault\u00bb global_colors_info=\u00bb{}\u00bb][et_pb_column type=\u00bb1_4&#8243; _builder_version=\u00bb4.27.4&#8243; _module_preset=\u00bbdefault\u00bb global_colors_info=\u00bb{}\u00bb][et_pb_blurb title=\u00bbGuillermo \u00c1lvarez\u00bb image=\u00bbhttps:\/\/dehispa.com\/wp-content\/uploads\/2025\/05\/guillermo.png\u00bb _builder_version=\u00bb4.27.4&#8243; _module_preset=\u00bbdefault\u00bb header_text_align=\u00bbcenter\u00bb body_text_align=\u00bbcenter\u00bb body_line_height=\u00bb18px\u00bb background_color=\u00bb#efefef\u00bb custom_margin=\u00bb||||false|false\u00bb custom_padding=\u00bb20px|20px|20px|20px|false|false\u00bb custom_css_free_form=\u00bbselector h4 {||  min-height: 25px !important;||}\u00bb border_radii=\u00bbon|10px|10px|10px|10px\u00bb global_colors_info=\u00bb{}\u00bb]<\/p>\n<p><span>Director ejecutivo<\/span><\/p>\n<p><span style=\"font-size: 13px;\">Al frente de nuestra visi\u00f3n, siempre est\u00e1 impulsando la innovaci\u00f3n y el crecimiento con pasi\u00f3n y compromiso<\/span><\/p>\n<p>[\/et_pb_blurb][\/et_pb_column][et_pb_column type=\u00bb1_4&#8243; _builder_version=\u00bb4.27.4&#8243; _module_preset=\u00bbdefault\u00bb global_colors_info=\u00bb{}\u00bb][et_pb_blurb title=\u00bbJos\u00e9 Luis Segura\u00bb image=\u00bbhttps:\/\/dehispa.com\/wp-content\/uploads\/2025\/05\/jose-luis.png\u00bb _builder_version=\u00bb4.27.4&#8243; _module_preset=\u00bbdefault\u00bb header_text_align=\u00bbcenter\u00bb body_text_align=\u00bbcenter\u00bb body_line_height=\u00bb18px\u00bb background_color=\u00bb#efefef\u00bb custom_margin=\u00bb||||false|false\u00bb custom_padding=\u00bb20px|20px|20px|20px|false|false\u00bb custom_css_free_form=\u00bbselector h4 {||  min-height: 25px !important;||}\u00bb border_radii=\u00bbon|10px|10px|10px|10px\u00bb global_colors_info=\u00bb{}\u00bb]<span>Director de finanzas<\/span><\/p>\n<p><span style=\"font-size: 13px;\">Lidera nuestra estrategia financiera con rigor, visi\u00f3n y enfoque en la sostenibilidad a largo plazo.<\/span>[\/et_pb_blurb][\/et_pb_column][et_pb_column type=\u00bb1_4&#8243; _builder_version=\u00bb4.27.4&#8243; _module_preset=\u00bbdefault\u00bb global_colors_info=\u00bb{}\u00bb][et_pb_blurb title=\u00bbFrancisco Morales\u00bb image=\u00bbhttps:\/\/dehispa.com\/wp-content\/uploads\/2025\/05\/fran.png\u00bb _builder_version=\u00bb4.27.4&#8243; _module_preset=\u00bbdefault\u00bb header_text_align=\u00bbcenter\u00bb body_text_align=\u00bbcenter\u00bb body_line_height=\u00bb18px\u00bb background_color=\u00bb#efefef\u00bb custom_margin=\u00bb||||false|false\u00bb custom_padding=\u00bb20px|20px|20px|20px|false|false\u00bb custom_css_free_form=\u00bbselector h4 {||  min-height: 25px !important;||}\u00bb border_radii=\u00bbon|10px|10px|10px|10px\u00bb global_colors_info=\u00bb{}\u00bb]<span>Director de marketing<\/span><\/p>\n<p><span style=\"font-size: 13px;\">Es el motor creativo detr\u00e1s de nuestra marca, combinando innovaci\u00f3n y conocimiento para conectar con cada cliente.<\/span>[\/et_pb_blurb][\/et_pb_column][et_pb_column type=\u00bb1_4&#8243; _builder_version=\u00bb4.27.4&#8243; _module_preset=\u00bbdefault\u00bb global_colors_info=\u00bb{}\u00bb][et_pb_blurb title=\u00bbMarcos Padial\u00bb image=\u00bbhttps:\/\/dehispa.com\/wp-content\/uploads\/2025\/05\/marcos.png\u00bb _builder_version=\u00bb4.27.4&#8243; _module_preset=\u00bbdefault\u00bb header_text_align=\u00bbcenter\u00bb body_text_align=\u00bbcenter\u00bb body_line_height=\u00bb18px\u00bb background_color=\u00bb#efefef\u00bb custom_margin=\u00bb||||false|false\u00bb custom_padding=\u00bb20px|20px|20px|20px|false|false\u00bb custom_css_free_form=\u00bbselector h4 {||  min-height: 25px !important;||}\u00bb border_radii=\u00bbon|10px|10px|10px|10px\u00bb global_colors_info=\u00bb{}\u00bb]<span>Log\u00edstica<\/span><\/p>\n<p><span style=\"font-size: 13px;\">Pieza clave en el engranaje de log\u00edstica, asegurando que cada proceso fluya con precisi\u00f3n y compromiso.<\/span>[\/et_pb_blurb][\/et_pb_column][\/et_pb_row][et_pb_row column_structure=\u00bb1_4,1_4,1_4,1_4&#8243; use_custom_gutter=\u00bbon\u00bb gutter_width=\u00bb2&#8243; _builder_version=\u00bb4.27.4&#8243; _module_preset=\u00bbdefault\u00bb global_colors_info=\u00bb{}\u00bb][et_pb_column type=\u00bb1_4&#8243; _builder_version=\u00bb4.27.4&#8243; _module_preset=\u00bbdefault\u00bb global_colors_info=\u00bb{}\u00bb][et_pb_blurb title=\u00bbJuan Garc\u00eda\u00bb image=\u00bbhttps:\/\/dehispa.com\/wp-content\/uploads\/2025\/05\/juan.png\u00bb _builder_version=\u00bb4.27.4&#8243; _module_preset=\u00bbdefault\u00bb header_text_align=\u00bbcenter\u00bb body_text_align=\u00bbcenter\u00bb body_line_height=\u00bb18px\u00bb background_color=\u00bb#efefef\u00bb custom_margin=\u00bb||||false|false\u00bb custom_padding=\u00bb20px|20px|20px|20px|false|false\u00bb custom_css_free_form=\u00bbselector h4 {||  min-height: 25px !important;||}\u00bb border_radii=\u00bbon|10px|10px|10px|10px\u00bb global_colors_info=\u00bb{}\u00bb]<\/p>\n<p><span>Contabilidad<\/span><\/p>\n<p><span style=\"font-size: 13px;\">Lidera nuestra estrategia financiera con rigor, visi\u00f3n y enfoque en la sostenibilidad a largo plazo.<\/span><\/p>\n<p>[\/et_pb_blurb][\/et_pb_column][et_pb_column type=\u00bb1_4&#8243; _builder_version=\u00bb4.27.4&#8243; _module_preset=\u00bbdefault\u00bb global_colors_info=\u00bb{}\u00bb][et_pb_blurb title=\u00bbOscar Mu\u00f1oz\u00bb image=\u00bbhttps:\/\/dehispa.com\/wp-content\/uploads\/2025\/05\/oscar.png\u00bb _builder_version=\u00bb4.27.4&#8243; _module_preset=\u00bbdefault\u00bb header_text_align=\u00bbcenter\u00bb body_text_align=\u00bbcenter\u00bb body_line_height=\u00bb18px\u00bb background_color=\u00bb#efefef\u00bb custom_margin=\u00bb||||false|false\u00bb custom_padding=\u00bb20px|20px|20px|20px|false|false\u00bb custom_css_free_form=\u00bbselector h4 {||  min-height: 25px !important;||}\u00bb border_radii=\u00bbon|10px|10px|10px|10px\u00bb global_colors_info=\u00bb{}\u00bb]<\/p>\n<p><span>Proyectos<\/span><\/p>\n<p><span style=\"font-size: 13px;\">Aporta frescura y energ\u00eda al equipo de proyectos, destaca por su actitud proactiva y su entusiasmo.<\/span><\/p>\n<p>[\/et_pb_blurb][\/et_pb_column][et_pb_column type=\u00bb1_4&#8243; _builder_version=\u00bb4.27.4&#8243; _module_preset=\u00bbdefault\u00bb global_colors_info=\u00bb{}\u00bb][et_pb_blurb title=\u00bbCarolina Maeso\u00bb image=\u00bbhttps:\/\/dehispa.com\/wp-content\/uploads\/2025\/05\/carolina.png\u00bb _builder_version=\u00bb4.27.4&#8243; _module_preset=\u00bbdefault\u00bb header_text_align=\u00bbcenter\u00bb body_text_align=\u00bbcenter\u00bb body_line_height=\u00bb18px\u00bb background_color=\u00bb#efefef\u00bb custom_margin=\u00bb||||false|false\u00bb custom_padding=\u00bb20px|20px|20px|20px|false|false\u00bb custom_css_free_form=\u00bbselector h4 {||  min-height: 25px !important;||}\u00bb border_radii=\u00bbon|10px|10px|10px|10px\u00bb global_colors_info=\u00bb{}\u00bb]<\/p>\n<p><span>Proyectos<\/span><\/p>\n<p><span style=\"font-size: 13px;\">Con una s\u00f3lida trayectoria en gesti\u00f3n de proyectos, es garant\u00eda de experiencia, visi\u00f3n estrat\u00e9gica y resultados.<\/span><\/p>\n<p>[\/et_pb_blurb][\/et_pb_column][et_pb_column type=\u00bb1_4&#8243; _builder_version=\u00bb4.27.4&#8243; _module_preset=\u00bbdefault\u00bb global_colors_info=\u00bb{}\u00bb][et_pb_blurb title=\u00bbDaniel Serrano\u00bb image=\u00bbhttps:\/\/dehispa.com\/wp-content\/uploads\/2025\/05\/daniel.png\u00bb _builder_version=\u00bb4.27.4&#8243; _module_preset=\u00bbdefault\u00bb header_text_align=\u00bbcenter\u00bb body_text_align=\u00bbcenter\u00bb body_line_height=\u00bb18px\u00bb background_color=\u00bb#efefef\u00bb custom_margin=\u00bb||||false|false\u00bb custom_padding=\u00bb20px|20px|20px|20px|false|false\u00bb custom_css_free_form=\u00bbselector h4 {||  min-height: 25px !important;||}\u00bb border_radii=\u00bbon|10px|10px|10px|10px\u00bb global_colors_info=\u00bb{}\u00bb]<span>Proyectos<\/span><\/p>\n<p><span style=\"font-size: 13px;\">Aporta experiencia, organizaci\u00f3n y una visi\u00f3n clara para llevar cada proyecto del papel a la realidad con \u00e9xito.<\/span>[\/et_pb_blurb][\/et_pb_column][\/et_pb_row][et_pb_row column_structure=\u00bb1_4,1_4,1_4,1_4&#8243; use_custom_gutter=\u00bbon\u00bb gutter_width=\u00bb2&#8243; _builder_version=\u00bb4.27.4&#8243; _module_preset=\u00bbdefault\u00bb global_colors_info=\u00bb{}\u00bb][et_pb_column type=\u00bb1_4&#8243; _builder_version=\u00bb4.27.4&#8243; _module_preset=\u00bbdefault\u00bb global_colors_info=\u00bb{}\u00bb][et_pb_blurb title=\u00bbRicardo Garc\u00eda\u00bb image=\u00bbhttps:\/\/dehispa.com\/wp-content\/uploads\/2025\/05\/ricardo.png\u00bb _builder_version=\u00bb4.27.4&#8243; _module_preset=\u00bbdefault\u00bb header_text_align=\u00bbcenter\u00bb body_text_align=\u00bbcenter\u00bb body_line_height=\u00bb18px\u00bb background_color=\u00bb#efefef\u00bb custom_margin=\u00bb||||false|false\u00bb custom_padding=\u00bb20px|20px|20px|20px|false|false\u00bb custom_css_free_form=\u00bbselector h4 {||  min-height: 25px !important;||}\u00bb border_radii=\u00bbon|10px|10px|10px|10px\u00bb global_colors_info=\u00bb{}\u00bb]<span>Ingenier\u00eda<\/span><\/p>\n<p><span style=\"font-size: 13px;\">Aporta d\u00e9cadas de experiencia y un enfoque brillante para encontrar soluciones t\u00e9cnicas que marcan la diferencia.<\/span>[\/et_pb_blurb][\/et_pb_column][et_pb_column type=\u00bb1_4&#8243; _builder_version=\u00bb4.27.4&#8243; _module_preset=\u00bbdefault\u00bb global_colors_info=\u00bb{}\u00bb][et_pb_blurb title=\u00bbDavid de la Vega\u00bb image=\u00bbhttps:\/\/dehispa.com\/wp-content\/uploads\/2025\/05\/david.png\u00bb _builder_version=\u00bb4.27.4&#8243; _module_preset=\u00bbdefault\u00bb header_text_align=\u00bbcenter\u00bb body_text_align=\u00bbcenter\u00bb body_line_height=\u00bb18px\u00bb background_color=\u00bb#efefef\u00bb custom_margin=\u00bb||||false|false\u00bb custom_padding=\u00bb20px|20px|20px|20px|false|false\u00bb custom_css_free_form=\u00bbselector h4 {||  min-height: 25px !important;||}\u00bb border_radii=\u00bbon|10px|10px|10px|10px\u00bb global_colors_info=\u00bb{}\u00bb]<span>Ingenier\u00eda<\/span><\/p>\n<p><span style=\"font-size: 13px;\">Combina conocimiento t\u00e9cnico y visi\u00f3n pr\u00e1ctica para impulsar soluciones eficientes y duraderas.<\/span>[\/et_pb_blurb][\/et_pb_column][et_pb_column type=\u00bb1_4&#8243; _builder_version=\u00bb4.27.4&#8243; _module_preset=\u00bbdefault\u00bb global_colors_info=\u00bb{}\u00bb][et_pb_blurb title=\u00bbDiego Mart\u00edn\u00bb image=\u00bbhttps:\/\/dehispa.com\/wp-content\/uploads\/2025\/05\/diego.png\u00bb _builder_version=\u00bb4.27.4&#8243; _module_preset=\u00bbdefault\u00bb header_text_align=\u00bbcenter\u00bb body_text_align=\u00bbcenter\u00bb body_line_height=\u00bb18px\u00bb background_color=\u00bb#efefef\u00bb custom_margin=\u00bb||||false|false\u00bb custom_padding=\u00bb20px|20px|20px|20px|false|false\u00bb custom_css_free_form=\u00bbselector h4 {||  min-height: 25px !important;||}\u00bb border_radii=\u00bbon|10px|10px|10px|10px\u00bb global_colors_info=\u00bb{}\u00bb]<\/p>\n<p><span>Desarrollador web<\/span><\/p>\n<p><span style=\"font-size: 13px;\">Con una gran experiencia en el sector, combinando t\u00e9cnica, funcionalidad y un enfoque perfeccionista.<\/span><\/p>\n<p>[\/et_pb_blurb][\/et_pb_column][et_pb_column type=\u00bb1_4&#8243; _builder_version=\u00bb4.27.4&#8243; _module_preset=\u00bbdefault\u00bb global_colors_info=\u00bb{}\u00bb][et_pb_blurb title=\u00bbCiprian\u00bb image=\u00bbhttps:\/\/dehispa.com\/wp-content\/uploads\/2025\/05\/ciprian.png\u00bb _builder_version=\u00bb4.27.4&#8243; _module_preset=\u00bbdefault\u00bb header_text_align=\u00bbcenter\u00bb body_text_align=\u00bbcenter\u00bb body_line_height=\u00bb18px\u00bb background_color=\u00bb#efefef\u00bb custom_margin=\u00bb||||false|false\u00bb custom_padding=\u00bb20px|20px|20px|20px|false|false\u00bb custom_css_free_form=\u00bbselector h4 {||  min-height: 25px !important;||}\u00bb border_radii=\u00bbon|10px|10px|10px|10px\u00bb global_colors_info=\u00bb{}\u00bb]<span>Jefe de Almac\u00e9n<\/span><\/p>\n<p><span style=\"font-size: 13px;\">Es sin\u00f3nimo de orden, eficiencia y compromiso, asegurando que todo funcione siempre como debe.<\/span>[\/et_pb_blurb][\/et_pb_column][\/et_pb_row][\/et_pb_section]<\/p>\n","protected":false},"excerpt":{"rendered":"<p>Equipo DehispaDetr\u00e1s de cada gran proyecto hay un equipo a\u00fan mejor. Nuestro equipo multidisciplinar de ingenieros, consultores y t\u00e9cnicos combina experiencia, visi\u00f3n estrat\u00e9gica y pasi\u00f3n por la innovaci\u00f3n. Cada uno de nosotros aporta su conocimiento para dise\u00f1ar soluciones eficientes, sostenibles y personalizadas, siempre con un objetivo claro: aportar valor real a nuestros clientes. Somos especialistas [&hellip;]<\/p>\n","protected":false},"author":2,"featured_media":0,"parent":0,"menu_order":0,"comment_status":"closed","ping_status":"closed","template":"","meta":{"_et_pb_use_builder":"on","_et_pb_old_content":"","_et_gb_content_width":""},"yoast_head":"<!-- This site is optimized with the Yoast SEO plugin v20.1 - https:\/\/yoast.com\/wordpress\/plugins\/seo\/ -->\n<title>Equipo - The Mining and Construction Company<\/title>\n<meta name=\"robots\" content=\"index, follow, max-snippet:-1, max-image-preview:large, max-video-preview:-1\" \/>\n<link rel=\"canonical\" href=\"https:\/\/dehispa.com\/es\/equipo\/\" \/>\n<meta property=\"og:locale\" content=\"es_ES\" \/>\n<meta property=\"og:type\" content=\"article\" \/>\n<meta property=\"og:title\" content=\"Equipo - The Mining and Construction Company\" \/>\n<meta property=\"og:description\" content=\"SERVICIOS DESCARGAS Descargue nuestro folletoOPERACI\u00d3N Y MANTENIMIENTOEn Dehispa completamos el ciclo de vida de tus proyectos, estando presente en la fase de post venta y realizando la operaci\u00f3n y el mantenimiento en sus tres vertientes; predictivo, preventivo y general. Mediante esta fase de operaci\u00f3n y mantenimiento, optimizamos la inversi\u00f3n realizada en cada proyecto, disminuyendo su [&hellip;]\" \/>\n<meta property=\"og:url\" content=\"https:\/\/dehispa.com\/es\/equipo\/\" \/>\n<meta property=\"og:site_name\" content=\"The Mining and Construction Company\" \/>\n<meta property=\"article:publisher\" content=\"https:\/\/www.facebook.com\/Dehispa.Oficial\/\" \/>\n<meta property=\"article:modified_time\" content=\"2025-05-27T09:15:13+00:00\" \/>\n<meta name=\"twitter:card\" content=\"summary_large_image\" \/>\n<meta name=\"twitter:label1\" content=\"Tiempo de lectura\" \/>\n\t<meta name=\"twitter:data1\" content=\"1 minuto\" \/>\n<script type=\"application\/ld+json\" class=\"yoast-schema-graph\">{\"@context\":\"https:\/\/schema.org\",\"@graph\":[{\"@type\":\"WebPage\",\"@id\":\"https:\/\/dehispa.com\/es\/equipo\/\",\"url\":\"https:\/\/dehispa.com\/es\/equipo\/\",\"name\":\"Equipo - The Mining and Construction Company\",\"isPartOf\":{\"@id\":\"https:\/\/dehispa.com\/es\/#website\"},\"datePublished\":\"2025-05-26T09:40:03+00:00\",\"dateModified\":\"2025-05-27T09:15:13+00:00\",\"breadcrumb\":{\"@id\":\"https:\/\/dehispa.com\/es\/equipo\/#breadcrumb\"},\"inLanguage\":\"es\",\"potentialAction\":[{\"@type\":\"ReadAction\",\"target\":[\"https:\/\/dehispa.com\/es\/equipo\/\"]}]},{\"@type\":\"BreadcrumbList\",\"@id\":\"https:\/\/dehispa.com\/es\/equipo\/#breadcrumb\",\"itemListElement\":[{\"@type\":\"ListItem\",\"position\":1,\"name\":\"Portada\",\"item\":\"https:\/\/dehispa.com\/es\/\"},{\"@type\":\"ListItem\",\"position\":2,\"name\":\"Equipo\"}]},{\"@type\":\"WebSite\",\"@id\":\"https:\/\/dehispa.com\/es\/#website\",\"url\":\"https:\/\/dehispa.com\/es\/\",\"name\":\"Dehispa\",\"description\":\"Construcci\u00f3n, Miner\u00eda, Obra P\u00fablica e Industria\",\"publisher\":{\"@id\":\"https:\/\/dehispa.com\/es\/#organization\"},\"potentialAction\":[{\"@type\":\"SearchAction\",\"target\":{\"@type\":\"EntryPoint\",\"urlTemplate\":\"https:\/\/dehispa.com\/es\/?s={search_term_string}\"},\"query-input\":\"required name=search_term_string\"}],\"inLanguage\":\"es\"},{\"@type\":\"Organization\",\"@id\":\"https:\/\/dehispa.com\/es\/#organization\",\"name\":\"Dehispa\",\"url\":\"https:\/\/dehispa.com\/es\/\",\"logo\":{\"@type\":\"ImageObject\",\"inLanguage\":\"es\",\"@id\":\"https:\/\/dehispa.com\/es\/#\/schema\/logo\/image\/\",\"url\":\"https:\/\/dehispa.com\/wp-content\/uploads\/2021\/06\/logotipo.png\",\"contentUrl\":\"https:\/\/dehispa.com\/wp-content\/uploads\/2021\/06\/logotipo.png\",\"width\":160,\"height\":53,\"caption\":\"Dehispa\"},\"image\":{\"@id\":\"https:\/\/dehispa.com\/es\/#\/schema\/logo\/image\/\"},\"sameAs\":[\"https:\/\/www.facebook.com\/Dehispa.Oficial\/\"]}]}<\/script>\n<!-- \/ Yoast SEO plugin. -->","yoast_head_json":{"title":"Equipo - The Mining and Construction Company","robots":{"index":"index","follow":"follow","max-snippet":"max-snippet:-1","max-image-preview":"max-image-preview:large","max-video-preview":"max-video-preview:-1"},"canonical":"https:\/\/dehispa.com\/es\/equipo\/","og_locale":"es_ES","og_type":"article","og_title":"Equipo - The Mining and Construction Company","og_description":"SERVICIOS DESCARGAS Descargue nuestro folletoOPERACI\u00d3N Y MANTENIMIENTOEn Dehispa completamos el ciclo de vida de tus proyectos, estando presente en la fase de post venta y realizando la operaci\u00f3n y el mantenimiento en sus tres vertientes; predictivo, preventivo y general. Mediante esta fase de operaci\u00f3n y mantenimiento, optimizamos la inversi\u00f3n realizada en cada proyecto, disminuyendo su [&hellip;]","og_url":"https:\/\/dehispa.com\/es\/equipo\/","og_site_name":"The Mining and Construction Company","article_publisher":"https:\/\/www.facebook.com\/Dehispa.Oficial\/","article_modified_time":"2025-05-27T09:15:13+00:00","twitter_card":"summary_large_image","twitter_misc":{"Tiempo de lectura":"1 minuto"},"schema":{"@context":"https:\/\/schema.org","@graph":[{"@type":"WebPage","@id":"https:\/\/dehispa.com\/es\/equipo\/","url":"https:\/\/dehispa.com\/es\/equipo\/","name":"Equipo - The Mining and Construction Company","isPartOf":{"@id":"https:\/\/dehispa.com\/es\/#website"},"datePublished":"2025-05-26T09:40:03+00:00","dateModified":"2025-05-27T09:15:13+00:00","breadcrumb":{"@id":"https:\/\/dehispa.com\/es\/equipo\/#breadcrumb"},"inLanguage":"es","potentialAction":[{"@type":"ReadAction","target":["https:\/\/dehispa.com\/es\/equipo\/"]}]},{"@type":"BreadcrumbList","@id":"https:\/\/dehispa.com\/es\/equipo\/#breadcrumb","itemListElement":[{"@type":"ListItem","position":1,"name":"Portada","item":"https:\/\/dehispa.com\/es\/"},{"@type":"ListItem","position":2,"name":"Equipo"}]},{"@type":"WebSite","@id":"https:\/\/dehispa.com\/es\/#website","url":"https:\/\/dehispa.com\/es\/","name":"Dehispa","description":"Construcci\u00f3n, Miner\u00eda, Obra P\u00fablica e Industria","publisher":{"@id":"https:\/\/dehispa.com\/es\/#organization"},"potentialAction":[{"@type":"SearchAction","target":{"@type":"EntryPoint","urlTemplate":"https:\/\/dehispa.com\/es\/?s={search_term_string}"},"query-input":"required name=search_term_string"}],"inLanguage":"es"},{"@type":"Organization","@id":"https:\/\/dehispa.com\/es\/#organization","name":"Dehispa","url":"https:\/\/dehispa.com\/es\/","logo":{"@type":"ImageObject","inLanguage":"es","@id":"https:\/\/dehispa.com\/es\/#\/schema\/logo\/image\/","url":"https:\/\/dehispa.com\/wp-content\/uploads\/2021\/06\/logotipo.png","contentUrl":"https:\/\/dehispa.com\/wp-content\/uploads\/2021\/06\/logotipo.png","width":160,"height":53,"caption":"Dehispa"},"image":{"@id":"https:\/\/dehispa.com\/es\/#\/schema\/logo\/image\/"},"sameAs":["https:\/\/www.facebook.com\/Dehispa.Oficial\/"]}]}},"_links":{"self":[{"href":"https:\/\/dehispa.com\/es\/wp-json\/wp\/v2\/pages\/240068"}],"collection":[{"href":"https:\/\/dehispa.com\/es\/wp-json\/wp\/v2\/pages"}],"about":[{"href":"https:\/\/dehispa.com\/es\/wp-json\/wp\/v2\/types\/page"}],"author":[{"embeddable":true,"href":"https:\/\/dehispa.com\/es\/wp-json\/wp\/v2\/users\/2"}],"replies":[{"embeddable":true,"href":"https:\/\/dehispa.com\/es\/wp-json\/wp\/v2\/comments?post=240068"}],"version-history":[{"count":32,"href":"https:\/\/dehispa.com\/es\/wp-json\/wp\/v2\/pages\/240068\/revisions"}],"predecessor-version":[{"id":240136,"href":"https:\/\/dehispa.com\/es\/wp-json\/wp\/v2\/pages\/240068\/revisions\/240136"}],"wp:attachment":[{"href":"https:\/\/dehispa.com\/es\/wp-json\/wp\/v2\/media?parent=240068"}],"curies":[{"name":"wp","href":"https:\/\/api.w.org\/{rel}","templated":true}]}}