{"id":240296,"date":"2026-04-20T09:03:29","date_gmt":"2026-04-20T09:03:29","guid":{"rendered":"https:\/\/dehispa.com\/?post_type=product&#038;p=240296"},"modified":"2026-04-20T09:08:49","modified_gmt":"2026-04-20T09:08:49","slug":"dumper-truck-d12","status":"publish","type":"product","link":"https:\/\/dehispa.com\/es\/producto\/dumper-truck-d12\/","title":{"rendered":"Dumper Truck D12"},"content":{"rendered":"<p>El puesto de conducci\u00f3n es reversible montado sobre cojinete de bolas y de empuje. Adem\u00e1s tiene asiento anat\u00f3mico con suspensi\u00f3n el\u00e1stica y cintur\u00f3n de seguridad. Asimismo  tiene amplia visibilidad, ya sea en la fase de traslado como en la fase de trabajo.<\/p>\n<p>Otros elementos son la columna de direcci\u00f3n en ABS termoformado con pantalla electr\u00f3nica e instrumentos de control de f\u00e1cil acceso y lectura. La cabina est\u00e1 cerrada por tres lados con limpiaparabrisas el\u00e9ctrico en el vidrio delantero.<\/p>\n<p>Carga m\u00e1xima: 6.700 litros (colmada 8.300 litros)<br \/>\nMotor: 115 cv.<br \/>\nTransmisi\u00f3n: Integral 4&#215;4<br \/>\nDescarga: Trasera<\/p>\n","protected":false},"excerpt":{"rendered":"<p>El puesto de conducci\u00f3n es reversible montado sobre cojinete de bolas y de empuje. Adem\u00e1s tiene asiento anat\u00f3mico con suspensi\u00f3n el\u00e1stica y cintur\u00f3n de seguridad. Asimismo tiene amplia visibilidad, ya sea en la fase de traslado como en la fase de trabajo. Otros elementos son la columna de direcci\u00f3n en ABS termoformado con pantalla electr\u00f3nica [&hellip;]<\/p>\n","protected":false},"featured_media":240298,"template":"","meta":{"_et_pb_use_builder":"","_et_pb_old_content":"","_et_gb_content_width":""},"product_cat":[321,259],"product_tag":[240],"yoast_head":"<!-- This site is optimized with the Yoast SEO plugin v20.1 - https:\/\/yoast.com\/wordpress\/plugins\/seo\/ -->\n<title>Dumper Truck D12 - The Mining and Construction Company<\/title>\n<meta name=\"robots\" content=\"index, follow, max-snippet:-1, max-image-preview:large, max-video-preview:-1\" \/>\n<link rel=\"canonical\" href=\"https:\/\/dehispa.com\/es\/producto\/dumper-truck-d12\/\" \/>\n<meta property=\"og:locale\" content=\"es_ES\" \/>\n<meta property=\"og:type\" content=\"article\" \/>\n<meta property=\"og:title\" content=\"Dumper Truck D12 - The Mining and Construction Company\" \/>\n<meta property=\"og:description\" content=\"El puesto de conducci\u00f3n es reversible montado sobre cojinete de bolas y de empuje. Adem\u00e1s tiene asiento anat\u00f3mico con suspensi\u00f3n el\u00e1stica y cintur\u00f3n de seguridad. Asimismo tiene amplia visibilidad, ya sea en la fase de traslado como en la fase de trabajo. Otros elementos son la columna de direcci\u00f3n en ABS termoformado con pantalla electr\u00f3nica [&hellip;]\" \/>\n<meta property=\"og:url\" content=\"https:\/\/dehispa.com\/es\/producto\/dumper-truck-d12\/\" \/>\n<meta property=\"og:site_name\" content=\"The Mining and Construction Company\" \/>\n<meta property=\"article:publisher\" content=\"https:\/\/www.facebook.com\/Dehispa.Oficial\/\" \/>\n<meta property=\"article:modified_time\" content=\"2026-04-20T09:08:49+00:00\" \/>\n<meta property=\"og:image\" content=\"https:\/\/dehispa.com\/wp-content\/uploads\/2026\/04\/davino-d12-001.jpg\" \/>\n\t<meta property=\"og:image:width\" content=\"700\" \/>\n\t<meta property=\"og:image:height\" content=\"700\" \/>\n\t<meta property=\"og:image:type\" content=\"image\/jpeg\" \/>\n<meta name=\"twitter:card\" content=\"summary_large_image\" \/>\n<meta name=\"twitter:label1\" content=\"Tiempo de lectura\" \/>\n\t<meta name=\"twitter:data1\" content=\"1 minuto\" \/>\n<script type=\"application\/ld+json\" class=\"yoast-schema-graph\">{\"@context\":\"https:\/\/schema.org\",\"@graph\":[{\"@type\":\"WebPage\",\"@id\":\"https:\/\/dehispa.com\/es\/producto\/dumper-truck-d12\/\",\"url\":\"https:\/\/dehispa.com\/es\/producto\/dumper-truck-d12\/\",\"name\":\"Dumper Truck D12 - The Mining and Construction Company\",\"isPartOf\":{\"@id\":\"https:\/\/dehispa.com\/es\/#website\"},\"datePublished\":\"2026-04-20T09:03:29+00:00\",\"dateModified\":\"2026-04-20T09:08:49+00:00\",\"breadcrumb\":{\"@id\":\"https:\/\/dehispa.com\/es\/producto\/dumper-truck-d12\/#breadcrumb\"},\"inLanguage\":\"es\",\"potentialAction\":[{\"@type\":\"ReadAction\",\"target\":[\"https:\/\/dehispa.com\/es\/producto\/dumper-truck-d12\/\"]}]},{\"@type\":\"BreadcrumbList\",\"@id\":\"https:\/\/dehispa.com\/es\/producto\/dumper-truck-d12\/#breadcrumb\",\"itemListElement\":[{\"@type\":\"ListItem\",\"position\":1,\"name\":\"Portada\",\"item\":\"https:\/\/dehispa.com\/es\/\"},{\"@type\":\"ListItem\",\"position\":2,\"name\":\"Productos\",\"item\":\"https:\/\/dehispa.com\/es\/productos\/\"},{\"@type\":\"ListItem\",\"position\":3,\"name\":\"Dumper Truck D12\"}]},{\"@type\":\"WebSite\",\"@id\":\"https:\/\/dehispa.com\/es\/#website\",\"url\":\"https:\/\/dehispa.com\/es\/\",\"name\":\"Dehispa\",\"description\":\"Construcci\u00f3n, Miner\u00eda, Obra P\u00fablica e Industria\",\"publisher\":{\"@id\":\"https:\/\/dehispa.com\/es\/#organization\"},\"potentialAction\":[{\"@type\":\"SearchAction\",\"target\":{\"@type\":\"EntryPoint\",\"urlTemplate\":\"https:\/\/dehispa.com\/es\/?s={search_term_string}\"},\"query-input\":\"required name=search_term_string\"}],\"inLanguage\":\"es\"},{\"@type\":\"Organization\",\"@id\":\"https:\/\/dehispa.com\/es\/#organization\",\"name\":\"Dehispa\",\"url\":\"https:\/\/dehispa.com\/es\/\",\"logo\":{\"@type\":\"ImageObject\",\"inLanguage\":\"es\",\"@id\":\"https:\/\/dehispa.com\/es\/#\/schema\/logo\/image\/\",\"url\":\"https:\/\/dehispa.com\/wp-content\/uploads\/2021\/06\/logotipo.png\",\"contentUrl\":\"https:\/\/dehispa.com\/wp-content\/uploads\/2021\/06\/logotipo.png\",\"width\":160,\"height\":53,\"caption\":\"Dehispa\"},\"image\":{\"@id\":\"https:\/\/dehispa.com\/es\/#\/schema\/logo\/image\/\"},\"sameAs\":[\"https:\/\/www.facebook.com\/Dehispa.Oficial\/\"]}]}<\/script>\n<!-- \/ Yoast SEO plugin. -->","yoast_head_json":{"title":"Dumper Truck D12 - The Mining and Construction Company","robots":{"index":"index","follow":"follow","max-snippet":"max-snippet:-1","max-image-preview":"max-image-preview:large","max-video-preview":"max-video-preview:-1"},"canonical":"https:\/\/dehispa.com\/es\/producto\/dumper-truck-d12\/","og_locale":"es_ES","og_type":"article","og_title":"Dumper Truck D12 - The Mining and Construction Company","og_description":"El puesto de conducci\u00f3n es reversible montado sobre cojinete de bolas y de empuje. Adem\u00e1s tiene asiento anat\u00f3mico con suspensi\u00f3n el\u00e1stica y cintur\u00f3n de seguridad. Asimismo tiene amplia visibilidad, ya sea en la fase de traslado como en la fase de trabajo. Otros elementos son la columna de direcci\u00f3n en ABS termoformado con pantalla electr\u00f3nica [&hellip;]","og_url":"https:\/\/dehispa.com\/es\/producto\/dumper-truck-d12\/","og_site_name":"The Mining and Construction Company","article_publisher":"https:\/\/www.facebook.com\/Dehispa.Oficial\/","article_modified_time":"2026-04-20T09:08:49+00:00","og_image":[{"width":700,"height":700,"url":"https:\/\/dehispa.com\/wp-content\/uploads\/2026\/04\/davino-d12-001.jpg","type":"image\/jpeg"}],"twitter_card":"summary_large_image","twitter_misc":{"Tiempo de lectura":"1 minuto"},"schema":{"@context":"https:\/\/schema.org","@graph":[{"@type":"WebPage","@id":"https:\/\/dehispa.com\/es\/producto\/dumper-truck-d12\/","url":"https:\/\/dehispa.com\/es\/producto\/dumper-truck-d12\/","name":"Dumper Truck D12 - The Mining and Construction Company","isPartOf":{"@id":"https:\/\/dehispa.com\/es\/#website"},"datePublished":"2026-04-20T09:03:29+00:00","dateModified":"2026-04-20T09:08:49+00:00","breadcrumb":{"@id":"https:\/\/dehispa.com\/es\/producto\/dumper-truck-d12\/#breadcrumb"},"inLanguage":"es","potentialAction":[{"@type":"ReadAction","target":["https:\/\/dehispa.com\/es\/producto\/dumper-truck-d12\/"]}]},{"@type":"BreadcrumbList","@id":"https:\/\/dehispa.com\/es\/producto\/dumper-truck-d12\/#breadcrumb","itemListElement":[{"@type":"ListItem","position":1,"name":"Portada","item":"https:\/\/dehispa.com\/es\/"},{"@type":"ListItem","position":2,"name":"Productos","item":"https:\/\/dehispa.com\/es\/productos\/"},{"@type":"ListItem","position":3,"name":"Dumper Truck D12"}]},{"@type":"WebSite","@id":"https:\/\/dehispa.com\/es\/#website","url":"https:\/\/dehispa.com\/es\/","name":"Dehispa","description":"Construcci\u00f3n, Miner\u00eda, Obra P\u00fablica e Industria","publisher":{"@id":"https:\/\/dehispa.com\/es\/#organization"},"potentialAction":[{"@type":"SearchAction","target":{"@type":"EntryPoint","urlTemplate":"https:\/\/dehispa.com\/es\/?s={search_term_string}"},"query-input":"required name=search_term_string"}],"inLanguage":"es"},{"@type":"Organization","@id":"https:\/\/dehispa.com\/es\/#organization","name":"Dehispa","url":"https:\/\/dehispa.com\/es\/","logo":{"@type":"ImageObject","inLanguage":"es","@id":"https:\/\/dehispa.com\/es\/#\/schema\/logo\/image\/","url":"https:\/\/dehispa.com\/wp-content\/uploads\/2021\/06\/logotipo.png","contentUrl":"https:\/\/dehispa.com\/wp-content\/uploads\/2021\/06\/logotipo.png","width":160,"height":53,"caption":"Dehispa"},"image":{"@id":"https:\/\/dehispa.com\/es\/#\/schema\/logo\/image\/"},"sameAs":["https:\/\/www.facebook.com\/Dehispa.Oficial\/"]}]}},"_links":{"self":[{"href":"https:\/\/dehispa.com\/es\/wp-json\/wp\/v2\/product\/240296"}],"collection":[{"href":"https:\/\/dehispa.com\/es\/wp-json\/wp\/v2\/product"}],"about":[{"href":"https:\/\/dehispa.com\/es\/wp-json\/wp\/v2\/types\/product"}],"wp:featuredmedia":[{"embeddable":true,"href":"https:\/\/dehispa.com\/es\/wp-json\/wp\/v2\/media\/240298"}],"wp:attachment":[{"href":"https:\/\/dehispa.com\/es\/wp-json\/wp\/v2\/media?parent=240296"}],"wp:term":[{"taxonomy":"product_cat","embeddable":true,"href":"https:\/\/dehispa.com\/es\/wp-json\/wp\/v2\/product_cat?post=240296"},{"taxonomy":"product_tag","embeddable":true,"href":"https:\/\/dehispa.com\/es\/wp-json\/wp\/v2\/product_tag?post=240296"}],"curies":[{"name":"wp","href":"https:\/\/api.w.org\/{rel}","templated":true}]}}