{"id":240371,"date":"2026-04-21T10:18:59","date_gmt":"2026-04-21T10:18:59","guid":{"rendered":"https:\/\/dehispa.com\/?post_type=product&#038;p=240371"},"modified":"2026-04-21T10:19:00","modified_gmt":"2026-04-21T10:19:00","slug":"th-5-5-19-p","status":"publish","type":"product","link":"https:\/\/dehispa.com\/es\/producto\/th-5-5-19-p\/","title":{"rendered":"TH 5.5.19 P"},"content":{"rendered":"<p>El modelo TH 5,5.19 P es un manipulador telesc\u00f3pico fijo ideal para obras de construcci\u00f3n de la industria ligera exigentes. Impulsado por un motor Deutz de 74,4 kW, alcanza alturas de hasta 18,80 m con seguridad en terrenos dif\u00edciles gracias a la nivelaci\u00f3n autom\u00e1tica, que funciona en ambas ruedas y estabilizadores, y a la tracci\u00f3n a las cuatro ruedas.<br \/>\nLa transmisi\u00f3n hidrost\u00e1tica ofrece precisi\u00f3n y agilidad. Es compatible con una amplia gama de accesorios y est\u00e1 equipada con un sistema RFID que permite el reconocimiento autom\u00e1tico de los accesorios y la consiguiente creaci\u00f3n de diagramas de carga.<\/p>\n","protected":false},"excerpt":{"rendered":"<p>El modelo TH 5,5.19 P es un manipulador telesc\u00f3pico fijo ideal para obras de construcci\u00f3n de la industria ligera exigentes. Impulsado por un motor Deutz de 74,4 kW, alcanza alturas de hasta 18,80 m con seguridad en terrenos dif\u00edciles gracias a la nivelaci\u00f3n autom\u00e1tica, que funciona en ambas ruedas y estabilizadores, y a la tracci\u00f3n [&hellip;]<\/p>\n","protected":false},"featured_media":240372,"template":"","meta":{"_et_pb_use_builder":"","_et_pb_old_content":"","_et_gb_content_width":""},"product_cat":[319,259],"product_tag":[240],"yoast_head":"<!-- This site is optimized with the Yoast SEO plugin v20.1 - https:\/\/yoast.com\/wordpress\/plugins\/seo\/ -->\n<title>TH 5.5.19 P - The Mining and Construction Company<\/title>\n<meta name=\"robots\" content=\"index, follow, max-snippet:-1, max-image-preview:large, max-video-preview:-1\" \/>\n<link rel=\"canonical\" href=\"https:\/\/dehispa.com\/es\/producto\/th-5-5-19-p\/\" \/>\n<meta property=\"og:locale\" content=\"es_ES\" \/>\n<meta property=\"og:type\" content=\"article\" \/>\n<meta property=\"og:title\" content=\"TH 5.5.19 P - The Mining and Construction Company\" \/>\n<meta property=\"og:description\" content=\"El modelo TH 5,5.19 P es un manipulador telesc\u00f3pico fijo ideal para obras de construcci\u00f3n de la industria ligera exigentes. Impulsado por un motor Deutz de 74,4 kW, alcanza alturas de hasta 18,80 m con seguridad en terrenos dif\u00edciles gracias a la nivelaci\u00f3n autom\u00e1tica, que funciona en ambas ruedas y estabilizadores, y a la tracci\u00f3n [&hellip;]\" \/>\n<meta property=\"og:url\" content=\"https:\/\/dehispa.com\/es\/producto\/th-5-5-19-p\/\" \/>\n<meta property=\"og:site_name\" content=\"The Mining and Construction Company\" \/>\n<meta property=\"article:publisher\" content=\"https:\/\/www.facebook.com\/Dehispa.Oficial\/\" \/>\n<meta property=\"article:modified_time\" content=\"2026-04-21T10:19:00+00:00\" \/>\n<meta property=\"og:image\" content=\"https:\/\/dehispa.com\/wp-content\/uploads\/2026\/04\/TH55.19P_Coppprod.png\" \/>\n\t<meta property=\"og:image:width\" content=\"800\" \/>\n\t<meta property=\"og:image:height\" content=\"800\" \/>\n\t<meta property=\"og:image:type\" content=\"image\/png\" \/>\n<meta name=\"twitter:card\" content=\"summary_large_image\" \/>\n<script type=\"application\/ld+json\" class=\"yoast-schema-graph\">{\"@context\":\"https:\/\/schema.org\",\"@graph\":[{\"@type\":\"WebPage\",\"@id\":\"https:\/\/dehispa.com\/es\/producto\/th-5-5-19-p\/\",\"url\":\"https:\/\/dehispa.com\/es\/producto\/th-5-5-19-p\/\",\"name\":\"TH 5.5.19 P - The Mining and Construction Company\",\"isPartOf\":{\"@id\":\"https:\/\/dehispa.com\/es\/#website\"},\"datePublished\":\"2026-04-21T10:18:59+00:00\",\"dateModified\":\"2026-04-21T10:19:00+00:00\",\"breadcrumb\":{\"@id\":\"https:\/\/dehispa.com\/es\/producto\/th-5-5-19-p\/#breadcrumb\"},\"inLanguage\":\"es\",\"potentialAction\":[{\"@type\":\"ReadAction\",\"target\":[\"https:\/\/dehispa.com\/es\/producto\/th-5-5-19-p\/\"]}]},{\"@type\":\"BreadcrumbList\",\"@id\":\"https:\/\/dehispa.com\/es\/producto\/th-5-5-19-p\/#breadcrumb\",\"itemListElement\":[{\"@type\":\"ListItem\",\"position\":1,\"name\":\"Portada\",\"item\":\"https:\/\/dehispa.com\/es\/\"},{\"@type\":\"ListItem\",\"position\":2,\"name\":\"Productos\",\"item\":\"https:\/\/dehispa.com\/es\/productos\/\"},{\"@type\":\"ListItem\",\"position\":3,\"name\":\"TH 5.5.19 P\"}]},{\"@type\":\"WebSite\",\"@id\":\"https:\/\/dehispa.com\/es\/#website\",\"url\":\"https:\/\/dehispa.com\/es\/\",\"name\":\"Dehispa\",\"description\":\"Construcci\u00f3n, Miner\u00eda, Obra P\u00fablica e Industria\",\"publisher\":{\"@id\":\"https:\/\/dehispa.com\/es\/#organization\"},\"potentialAction\":[{\"@type\":\"SearchAction\",\"target\":{\"@type\":\"EntryPoint\",\"urlTemplate\":\"https:\/\/dehispa.com\/es\/?s={search_term_string}\"},\"query-input\":\"required name=search_term_string\"}],\"inLanguage\":\"es\"},{\"@type\":\"Organization\",\"@id\":\"https:\/\/dehispa.com\/es\/#organization\",\"name\":\"Dehispa\",\"url\":\"https:\/\/dehispa.com\/es\/\",\"logo\":{\"@type\":\"ImageObject\",\"inLanguage\":\"es\",\"@id\":\"https:\/\/dehispa.com\/es\/#\/schema\/logo\/image\/\",\"url\":\"https:\/\/dehispa.com\/wp-content\/uploads\/2021\/06\/logotipo.png\",\"contentUrl\":\"https:\/\/dehispa.com\/wp-content\/uploads\/2021\/06\/logotipo.png\",\"width\":160,\"height\":53,\"caption\":\"Dehispa\"},\"image\":{\"@id\":\"https:\/\/dehispa.com\/es\/#\/schema\/logo\/image\/\"},\"sameAs\":[\"https:\/\/www.facebook.com\/Dehispa.Oficial\/\"]}]}<\/script>\n<!-- \/ Yoast SEO plugin. -->","yoast_head_json":{"title":"TH 5.5.19 P - The Mining and Construction Company","robots":{"index":"index","follow":"follow","max-snippet":"max-snippet:-1","max-image-preview":"max-image-preview:large","max-video-preview":"max-video-preview:-1"},"canonical":"https:\/\/dehispa.com\/es\/producto\/th-5-5-19-p\/","og_locale":"es_ES","og_type":"article","og_title":"TH 5.5.19 P - The Mining and Construction Company","og_description":"El modelo TH 5,5.19 P es un manipulador telesc\u00f3pico fijo ideal para obras de construcci\u00f3n de la industria ligera exigentes. Impulsado por un motor Deutz de 74,4 kW, alcanza alturas de hasta 18,80 m con seguridad en terrenos dif\u00edciles gracias a la nivelaci\u00f3n autom\u00e1tica, que funciona en ambas ruedas y estabilizadores, y a la tracci\u00f3n [&hellip;]","og_url":"https:\/\/dehispa.com\/es\/producto\/th-5-5-19-p\/","og_site_name":"The Mining and Construction Company","article_publisher":"https:\/\/www.facebook.com\/Dehispa.Oficial\/","article_modified_time":"2026-04-21T10:19:00+00:00","og_image":[{"width":800,"height":800,"url":"https:\/\/dehispa.com\/wp-content\/uploads\/2026\/04\/TH55.19P_Coppprod.png","type":"image\/png"}],"twitter_card":"summary_large_image","schema":{"@context":"https:\/\/schema.org","@graph":[{"@type":"WebPage","@id":"https:\/\/dehispa.com\/es\/producto\/th-5-5-19-p\/","url":"https:\/\/dehispa.com\/es\/producto\/th-5-5-19-p\/","name":"TH 5.5.19 P - The Mining and Construction Company","isPartOf":{"@id":"https:\/\/dehispa.com\/es\/#website"},"datePublished":"2026-04-21T10:18:59+00:00","dateModified":"2026-04-21T10:19:00+00:00","breadcrumb":{"@id":"https:\/\/dehispa.com\/es\/producto\/th-5-5-19-p\/#breadcrumb"},"inLanguage":"es","potentialAction":[{"@type":"ReadAction","target":["https:\/\/dehispa.com\/es\/producto\/th-5-5-19-p\/"]}]},{"@type":"BreadcrumbList","@id":"https:\/\/dehispa.com\/es\/producto\/th-5-5-19-p\/#breadcrumb","itemListElement":[{"@type":"ListItem","position":1,"name":"Portada","item":"https:\/\/dehispa.com\/es\/"},{"@type":"ListItem","position":2,"name":"Productos","item":"https:\/\/dehispa.com\/es\/productos\/"},{"@type":"ListItem","position":3,"name":"TH 5.5.19 P"}]},{"@type":"WebSite","@id":"https:\/\/dehispa.com\/es\/#website","url":"https:\/\/dehispa.com\/es\/","name":"Dehispa","description":"Construcci\u00f3n, Miner\u00eda, Obra P\u00fablica e Industria","publisher":{"@id":"https:\/\/dehispa.com\/es\/#organization"},"potentialAction":[{"@type":"SearchAction","target":{"@type":"EntryPoint","urlTemplate":"https:\/\/dehispa.com\/es\/?s={search_term_string}"},"query-input":"required name=search_term_string"}],"inLanguage":"es"},{"@type":"Organization","@id":"https:\/\/dehispa.com\/es\/#organization","name":"Dehispa","url":"https:\/\/dehispa.com\/es\/","logo":{"@type":"ImageObject","inLanguage":"es","@id":"https:\/\/dehispa.com\/es\/#\/schema\/logo\/image\/","url":"https:\/\/dehispa.com\/wp-content\/uploads\/2021\/06\/logotipo.png","contentUrl":"https:\/\/dehispa.com\/wp-content\/uploads\/2021\/06\/logotipo.png","width":160,"height":53,"caption":"Dehispa"},"image":{"@id":"https:\/\/dehispa.com\/es\/#\/schema\/logo\/image\/"},"sameAs":["https:\/\/www.facebook.com\/Dehispa.Oficial\/"]}]}},"_links":{"self":[{"href":"https:\/\/dehispa.com\/es\/wp-json\/wp\/v2\/product\/240371"}],"collection":[{"href":"https:\/\/dehispa.com\/es\/wp-json\/wp\/v2\/product"}],"about":[{"href":"https:\/\/dehispa.com\/es\/wp-json\/wp\/v2\/types\/product"}],"wp:featuredmedia":[{"embeddable":true,"href":"https:\/\/dehispa.com\/es\/wp-json\/wp\/v2\/media\/240372"}],"wp:attachment":[{"href":"https:\/\/dehispa.com\/es\/wp-json\/wp\/v2\/media?parent=240371"}],"wp:term":[{"taxonomy":"product_cat","embeddable":true,"href":"https:\/\/dehispa.com\/es\/wp-json\/wp\/v2\/product_cat?post=240371"},{"taxonomy":"product_tag","embeddable":true,"href":"https:\/\/dehispa.com\/es\/wp-json\/wp\/v2\/product_tag?post=240371"}],"curies":[{"name":"wp","href":"https:\/\/api.w.org\/{rel}","templated":true}]}}