{"id":240387,"date":"2026-04-21T13:50:45","date_gmt":"2026-04-21T13:50:45","guid":{"rendered":"https:\/\/dehispa.com\/?post_type=product&#038;p=240387"},"modified":"2026-04-21T13:52:39","modified_gmt":"2026-04-21T13:52:39","slug":"howo-6x4-tractor-truck","status":"publish","type":"product","link":"https:\/\/dehispa.com\/es\/producto\/howo-6x4-tractor-truck\/","title":{"rendered":"Howo 6X4 Tractor Truck"},"content":{"rendered":"<p>Howo Tractor Truck, el modelo m\u00e1s popular, grandioso, fortaleza y fluidez al mismo tiempo, majestuoso y elegante, muestra su temperamento de liderazgo \u00fanico, especialmente en la comodidad, seguridad y conveniencia del dise\u00f1o humano para apuntar al nivel de cami\u00f3n pesado de clase mundial.<\/p>\n","protected":false},"excerpt":{"rendered":"<p>Howo Tractor Truck, el modelo m\u00e1s popular, grandioso, fortaleza y fluidez al mismo tiempo, majestuoso y elegante, muestra su temperamento de liderazgo \u00fanico, especialmente en la comodidad, seguridad y conveniencia del dise\u00f1o humano para apuntar al nivel de cami\u00f3n pesado de clase mundial.<\/p>\n","protected":false},"featured_media":240388,"template":"","meta":{"_et_pb_use_builder":"","_et_pb_old_content":"","_et_gb_content_width":""},"product_cat":[259,322],"product_tag":[],"yoast_head":"<!-- This site is optimized with the Yoast SEO plugin v20.1 - https:\/\/yoast.com\/wordpress\/plugins\/seo\/ -->\n<title>Howo 6X4 Tractor Truck - The Mining and Construction Company<\/title>\n<meta name=\"robots\" content=\"index, follow, max-snippet:-1, max-image-preview:large, max-video-preview:-1\" \/>\n<link rel=\"canonical\" href=\"https:\/\/dehispa.com\/es\/producto\/howo-6x4-tractor-truck\/\" \/>\n<meta property=\"og:locale\" content=\"es_ES\" \/>\n<meta property=\"og:type\" content=\"article\" \/>\n<meta property=\"og:title\" content=\"Howo 6X4 Tractor Truck - The Mining and Construction Company\" \/>\n<meta property=\"og:description\" content=\"Howo Tractor Truck, el modelo m\u00e1s popular, grandioso, fortaleza y fluidez al mismo tiempo, majestuoso y elegante, muestra su temperamento de liderazgo \u00fanico, especialmente en la comodidad, seguridad y conveniencia del dise\u00f1o humano para apuntar al nivel de cami\u00f3n pesado de clase mundial.\" \/>\n<meta property=\"og:url\" content=\"https:\/\/dehispa.com\/es\/producto\/howo-6x4-tractor-truck\/\" \/>\n<meta property=\"og:site_name\" content=\"The Mining and Construction Company\" \/>\n<meta property=\"article:publisher\" content=\"https:\/\/www.facebook.com\/Dehispa.Oficial\/\" \/>\n<meta property=\"article:modified_time\" content=\"2026-04-21T13:52:39+00:00\" \/>\n<meta property=\"og:image\" content=\"https:\/\/dehispa.com\/wp-content\/uploads\/2026\/04\/Sinotruk-HOWO-6X4-Brand-New-Tractor-Truck.jpg\" \/>\n\t<meta property=\"og:image:width\" content=\"800\" \/>\n\t<meta property=\"og:image:height\" content=\"800\" \/>\n\t<meta property=\"og:image:type\" content=\"image\/jpeg\" \/>\n<meta name=\"twitter:card\" content=\"summary_large_image\" \/>\n<meta name=\"twitter:label1\" content=\"Tiempo de lectura\" \/>\n\t<meta name=\"twitter:data1\" content=\"1 minuto\" \/>\n<script type=\"application\/ld+json\" class=\"yoast-schema-graph\">{\"@context\":\"https:\/\/schema.org\",\"@graph\":[{\"@type\":\"WebPage\",\"@id\":\"https:\/\/dehispa.com\/es\/producto\/howo-6x4-tractor-truck\/\",\"url\":\"https:\/\/dehispa.com\/es\/producto\/howo-6x4-tractor-truck\/\",\"name\":\"Howo 6X4 Tractor Truck - The Mining and Construction Company\",\"isPartOf\":{\"@id\":\"https:\/\/dehispa.com\/es\/#website\"},\"datePublished\":\"2026-04-21T13:50:45+00:00\",\"dateModified\":\"2026-04-21T13:52:39+00:00\",\"breadcrumb\":{\"@id\":\"https:\/\/dehispa.com\/es\/producto\/howo-6x4-tractor-truck\/#breadcrumb\"},\"inLanguage\":\"es\",\"potentialAction\":[{\"@type\":\"ReadAction\",\"target\":[\"https:\/\/dehispa.com\/es\/producto\/howo-6x4-tractor-truck\/\"]}]},{\"@type\":\"BreadcrumbList\",\"@id\":\"https:\/\/dehispa.com\/es\/producto\/howo-6x4-tractor-truck\/#breadcrumb\",\"itemListElement\":[{\"@type\":\"ListItem\",\"position\":1,\"name\":\"Portada\",\"item\":\"https:\/\/dehispa.com\/es\/\"},{\"@type\":\"ListItem\",\"position\":2,\"name\":\"Productos\",\"item\":\"https:\/\/dehispa.com\/es\/productos\/\"},{\"@type\":\"ListItem\",\"position\":3,\"name\":\"Howo 6X4 Tractor Truck\"}]},{\"@type\":\"WebSite\",\"@id\":\"https:\/\/dehispa.com\/es\/#website\",\"url\":\"https:\/\/dehispa.com\/es\/\",\"name\":\"Dehispa\",\"description\":\"Construcci\u00f3n, Miner\u00eda, Obra P\u00fablica e Industria\",\"publisher\":{\"@id\":\"https:\/\/dehispa.com\/es\/#organization\"},\"potentialAction\":[{\"@type\":\"SearchAction\",\"target\":{\"@type\":\"EntryPoint\",\"urlTemplate\":\"https:\/\/dehispa.com\/es\/?s={search_term_string}\"},\"query-input\":\"required name=search_term_string\"}],\"inLanguage\":\"es\"},{\"@type\":\"Organization\",\"@id\":\"https:\/\/dehispa.com\/es\/#organization\",\"name\":\"Dehispa\",\"url\":\"https:\/\/dehispa.com\/es\/\",\"logo\":{\"@type\":\"ImageObject\",\"inLanguage\":\"es\",\"@id\":\"https:\/\/dehispa.com\/es\/#\/schema\/logo\/image\/\",\"url\":\"https:\/\/dehispa.com\/wp-content\/uploads\/2021\/06\/logotipo.png\",\"contentUrl\":\"https:\/\/dehispa.com\/wp-content\/uploads\/2021\/06\/logotipo.png\",\"width\":160,\"height\":53,\"caption\":\"Dehispa\"},\"image\":{\"@id\":\"https:\/\/dehispa.com\/es\/#\/schema\/logo\/image\/\"},\"sameAs\":[\"https:\/\/www.facebook.com\/Dehispa.Oficial\/\"]}]}<\/script>\n<!-- \/ Yoast SEO plugin. -->","yoast_head_json":{"title":"Howo 6X4 Tractor Truck - The Mining and Construction Company","robots":{"index":"index","follow":"follow","max-snippet":"max-snippet:-1","max-image-preview":"max-image-preview:large","max-video-preview":"max-video-preview:-1"},"canonical":"https:\/\/dehispa.com\/es\/producto\/howo-6x4-tractor-truck\/","og_locale":"es_ES","og_type":"article","og_title":"Howo 6X4 Tractor Truck - The Mining and Construction Company","og_description":"Howo Tractor Truck, el modelo m\u00e1s popular, grandioso, fortaleza y fluidez al mismo tiempo, majestuoso y elegante, muestra su temperamento de liderazgo \u00fanico, especialmente en la comodidad, seguridad y conveniencia del dise\u00f1o humano para apuntar al nivel de cami\u00f3n pesado de clase mundial.","og_url":"https:\/\/dehispa.com\/es\/producto\/howo-6x4-tractor-truck\/","og_site_name":"The Mining and Construction Company","article_publisher":"https:\/\/www.facebook.com\/Dehispa.Oficial\/","article_modified_time":"2026-04-21T13:52:39+00:00","og_image":[{"width":800,"height":800,"url":"https:\/\/dehispa.com\/wp-content\/uploads\/2026\/04\/Sinotruk-HOWO-6X4-Brand-New-Tractor-Truck.jpg","type":"image\/jpeg"}],"twitter_card":"summary_large_image","twitter_misc":{"Tiempo de lectura":"1 minuto"},"schema":{"@context":"https:\/\/schema.org","@graph":[{"@type":"WebPage","@id":"https:\/\/dehispa.com\/es\/producto\/howo-6x4-tractor-truck\/","url":"https:\/\/dehispa.com\/es\/producto\/howo-6x4-tractor-truck\/","name":"Howo 6X4 Tractor Truck - The Mining and Construction Company","isPartOf":{"@id":"https:\/\/dehispa.com\/es\/#website"},"datePublished":"2026-04-21T13:50:45+00:00","dateModified":"2026-04-21T13:52:39+00:00","breadcrumb":{"@id":"https:\/\/dehispa.com\/es\/producto\/howo-6x4-tractor-truck\/#breadcrumb"},"inLanguage":"es","potentialAction":[{"@type":"ReadAction","target":["https:\/\/dehispa.com\/es\/producto\/howo-6x4-tractor-truck\/"]}]},{"@type":"BreadcrumbList","@id":"https:\/\/dehispa.com\/es\/producto\/howo-6x4-tractor-truck\/#breadcrumb","itemListElement":[{"@type":"ListItem","position":1,"name":"Portada","item":"https:\/\/dehispa.com\/es\/"},{"@type":"ListItem","position":2,"name":"Productos","item":"https:\/\/dehispa.com\/es\/productos\/"},{"@type":"ListItem","position":3,"name":"Howo 6X4 Tractor Truck"}]},{"@type":"WebSite","@id":"https:\/\/dehispa.com\/es\/#website","url":"https:\/\/dehispa.com\/es\/","name":"Dehispa","description":"Construcci\u00f3n, Miner\u00eda, Obra P\u00fablica e Industria","publisher":{"@id":"https:\/\/dehispa.com\/es\/#organization"},"potentialAction":[{"@type":"SearchAction","target":{"@type":"EntryPoint","urlTemplate":"https:\/\/dehispa.com\/es\/?s={search_term_string}"},"query-input":"required name=search_term_string"}],"inLanguage":"es"},{"@type":"Organization","@id":"https:\/\/dehispa.com\/es\/#organization","name":"Dehispa","url":"https:\/\/dehispa.com\/es\/","logo":{"@type":"ImageObject","inLanguage":"es","@id":"https:\/\/dehispa.com\/es\/#\/schema\/logo\/image\/","url":"https:\/\/dehispa.com\/wp-content\/uploads\/2021\/06\/logotipo.png","contentUrl":"https:\/\/dehispa.com\/wp-content\/uploads\/2021\/06\/logotipo.png","width":160,"height":53,"caption":"Dehispa"},"image":{"@id":"https:\/\/dehispa.com\/es\/#\/schema\/logo\/image\/"},"sameAs":["https:\/\/www.facebook.com\/Dehispa.Oficial\/"]}]}},"_links":{"self":[{"href":"https:\/\/dehispa.com\/es\/wp-json\/wp\/v2\/product\/240387"}],"collection":[{"href":"https:\/\/dehispa.com\/es\/wp-json\/wp\/v2\/product"}],"about":[{"href":"https:\/\/dehispa.com\/es\/wp-json\/wp\/v2\/types\/product"}],"wp:featuredmedia":[{"embeddable":true,"href":"https:\/\/dehispa.com\/es\/wp-json\/wp\/v2\/media\/240388"}],"wp:attachment":[{"href":"https:\/\/dehispa.com\/es\/wp-json\/wp\/v2\/media?parent=240387"}],"wp:term":[{"taxonomy":"product_cat","embeddable":true,"href":"https:\/\/dehispa.com\/es\/wp-json\/wp\/v2\/product_cat?post=240387"},{"taxonomy":"product_tag","embeddable":true,"href":"https:\/\/dehispa.com\/es\/wp-json\/wp\/v2\/product_tag?post=240387"}],"curies":[{"name":"wp","href":"https:\/\/api.w.org\/{rel}","templated":true}]}}