{"id":3896,"date":"2021-05-31T09:05:01","date_gmt":"2021-05-31T09:05:01","guid":{"rendered":"https:\/\/dehispa.com\/?post_type=product&#038;p=3896"},"modified":"2021-06-23T23:21:35","modified_gmt":"2021-06-23T23:21:35","slug":"estaciones-de-ventilacion-epiroc-serpent","status":"publish","type":"product","link":"https:\/\/dehispa.com\/es\/producto\/estaciones-de-ventilacion-epiroc-serpent\/","title":{"rendered":"Estaciones de Ventilaci\u00f3n Epiroc Serpent"},"content":{"rendered":"<p>Los ventiladores de alta presi\u00f3n Serpent de Epiroc est\u00e1n dise\u00f1ados para suministrar aire a trav\u00e9s de mangueras en proyectos mineros y de t\u00faneles. Nuestros ventiladores est\u00e1n disponibles en diferentes tama\u00f1os y combinaciones para adaptarse a sus necesidades, desde proyectos peque\u00f1os hasta grandes operaciones subterr\u00e1neas profundas. Los ventiladores est\u00e1n equilibrados est\u00e1tica y din\u00e1micamente, tienen sistemas de lubricaci\u00f3n autom\u00e1tica y se fabrican con carcasa de acero soldada y un recubrimiento anticorrosivo para proporcionar un alto rendimiento de forma constante, incluso en los entornos m\u00e1s duros.<\/p>\n","protected":false},"excerpt":{"rendered":"<p>Los ventiladores de alta presi\u00f3n Serpent de Epiroc est\u00e1n dise\u00f1ados para suministrar aire a trav\u00e9s de mangueras en proyectos mineros.<\/p>\n","protected":false},"featured_media":3897,"template":"","meta":{"_et_pb_use_builder":"","_et_pb_old_content":"","_et_gb_content_width":""},"product_cat":[222,258,249,259],"product_tag":[226,240],"yoast_head":"<!-- This site is optimized with the Yoast SEO plugin v20.1 - https:\/\/yoast.com\/wordpress\/plugins\/seo\/ -->\n<title>Estaciones de Ventilaci\u00f3n Epiroc Serpent - The Mining and Construction Company<\/title>\n<meta name=\"robots\" content=\"index, follow, max-snippet:-1, max-image-preview:large, max-video-preview:-1\" \/>\n<link rel=\"canonical\" href=\"https:\/\/dehispa.com\/es\/producto\/estaciones-de-ventilacion-epiroc-serpent\/\" \/>\n<meta property=\"og:locale\" content=\"es_ES\" \/>\n<meta property=\"og:type\" content=\"article\" \/>\n<meta property=\"og:title\" content=\"Estaciones de Ventilaci\u00f3n Epiroc Serpent - The Mining and Construction Company\" \/>\n<meta property=\"og:description\" content=\"Los ventiladores de alta presi\u00f3n Serpent de Epiroc est\u00e1n dise\u00f1ados para suministrar aire a trav\u00e9s de mangueras en proyectos mineros.\" \/>\n<meta property=\"og:url\" content=\"https:\/\/dehispa.com\/es\/producto\/estaciones-de-ventilacion-epiroc-serpent\/\" \/>\n<meta property=\"og:site_name\" content=\"The Mining and Construction Company\" \/>\n<meta property=\"article:publisher\" content=\"https:\/\/www.facebook.com\/Dehispa.Oficial\/\" \/>\n<meta property=\"article:modified_time\" content=\"2021-06-23T23:21:35+00:00\" \/>\n<meta property=\"og:image\" content=\"https:\/\/dehispa.com\/wp-content\/uploads\/2021\/05\/Estaciones-de-Ventilacion-Epiroc-Serpent.jpeg\" \/>\n\t<meta property=\"og:image:width\" content=\"1200\" \/>\n\t<meta property=\"og:image:height\" content=\"1200\" \/>\n\t<meta property=\"og:image:type\" content=\"image\/jpeg\" \/>\n<meta name=\"twitter:card\" content=\"summary_large_image\" \/>\n<script type=\"application\/ld+json\" class=\"yoast-schema-graph\">{\"@context\":\"https:\/\/schema.org\",\"@graph\":[{\"@type\":\"WebPage\",\"@id\":\"https:\/\/dehispa.com\/es\/producto\/estaciones-de-ventilacion-epiroc-serpent\/\",\"url\":\"https:\/\/dehispa.com\/es\/producto\/estaciones-de-ventilacion-epiroc-serpent\/\",\"name\":\"Estaciones de Ventilaci\u00f3n Epiroc Serpent - The Mining and Construction Company\",\"isPartOf\":{\"@id\":\"https:\/\/dehispa.com\/es\/#website\"},\"datePublished\":\"2021-05-31T09:05:01+00:00\",\"dateModified\":\"2021-06-23T23:21:35+00:00\",\"breadcrumb\":{\"@id\":\"https:\/\/dehispa.com\/es\/producto\/estaciones-de-ventilacion-epiroc-serpent\/#breadcrumb\"},\"inLanguage\":\"es\",\"potentialAction\":[{\"@type\":\"ReadAction\",\"target\":[\"https:\/\/dehispa.com\/es\/producto\/estaciones-de-ventilacion-epiroc-serpent\/\"]}]},{\"@type\":\"BreadcrumbList\",\"@id\":\"https:\/\/dehispa.com\/es\/producto\/estaciones-de-ventilacion-epiroc-serpent\/#breadcrumb\",\"itemListElement\":[{\"@type\":\"ListItem\",\"position\":1,\"name\":\"Portada\",\"item\":\"https:\/\/dehispa.com\/es\/\"},{\"@type\":\"ListItem\",\"position\":2,\"name\":\"Productos\",\"item\":\"https:\/\/dehispa.com\/es\/productos\/\"},{\"@type\":\"ListItem\",\"position\":3,\"name\":\"Estaciones de Ventilaci\u00f3n Epiroc Serpent\"}]},{\"@type\":\"WebSite\",\"@id\":\"https:\/\/dehispa.com\/es\/#website\",\"url\":\"https:\/\/dehispa.com\/es\/\",\"name\":\"Dehispa\",\"description\":\"Construcci\u00f3n, Miner\u00eda, Obra P\u00fablica e Industria\",\"publisher\":{\"@id\":\"https:\/\/dehispa.com\/es\/#organization\"},\"potentialAction\":[{\"@type\":\"SearchAction\",\"target\":{\"@type\":\"EntryPoint\",\"urlTemplate\":\"https:\/\/dehispa.com\/es\/?s={search_term_string}\"},\"query-input\":\"required name=search_term_string\"}],\"inLanguage\":\"es\"},{\"@type\":\"Organization\",\"@id\":\"https:\/\/dehispa.com\/es\/#organization\",\"name\":\"Dehispa\",\"url\":\"https:\/\/dehispa.com\/es\/\",\"logo\":{\"@type\":\"ImageObject\",\"inLanguage\":\"es\",\"@id\":\"https:\/\/dehispa.com\/es\/#\/schema\/logo\/image\/\",\"url\":\"https:\/\/dehispa.com\/wp-content\/uploads\/2021\/06\/logotipo.png\",\"contentUrl\":\"https:\/\/dehispa.com\/wp-content\/uploads\/2021\/06\/logotipo.png\",\"width\":160,\"height\":53,\"caption\":\"Dehispa\"},\"image\":{\"@id\":\"https:\/\/dehispa.com\/es\/#\/schema\/logo\/image\/\"},\"sameAs\":[\"https:\/\/www.facebook.com\/Dehispa.Oficial\/\"]}]}<\/script>\n<!-- \/ Yoast SEO plugin. -->","yoast_head_json":{"title":"Estaciones de Ventilaci\u00f3n Epiroc Serpent - The Mining and Construction Company","robots":{"index":"index","follow":"follow","max-snippet":"max-snippet:-1","max-image-preview":"max-image-preview:large","max-video-preview":"max-video-preview:-1"},"canonical":"https:\/\/dehispa.com\/es\/producto\/estaciones-de-ventilacion-epiroc-serpent\/","og_locale":"es_ES","og_type":"article","og_title":"Estaciones de Ventilaci\u00f3n Epiroc Serpent - The Mining and Construction Company","og_description":"Los ventiladores de alta presi\u00f3n Serpent de Epiroc est\u00e1n dise\u00f1ados para suministrar aire a trav\u00e9s de mangueras en proyectos mineros.","og_url":"https:\/\/dehispa.com\/es\/producto\/estaciones-de-ventilacion-epiroc-serpent\/","og_site_name":"The Mining and Construction Company","article_publisher":"https:\/\/www.facebook.com\/Dehispa.Oficial\/","article_modified_time":"2021-06-23T23:21:35+00:00","og_image":[{"width":1200,"height":1200,"url":"https:\/\/dehispa.com\/wp-content\/uploads\/2021\/05\/Estaciones-de-Ventilacion-Epiroc-Serpent.jpeg","type":"image\/jpeg"}],"twitter_card":"summary_large_image","schema":{"@context":"https:\/\/schema.org","@graph":[{"@type":"WebPage","@id":"https:\/\/dehispa.com\/es\/producto\/estaciones-de-ventilacion-epiroc-serpent\/","url":"https:\/\/dehispa.com\/es\/producto\/estaciones-de-ventilacion-epiroc-serpent\/","name":"Estaciones de Ventilaci\u00f3n Epiroc Serpent - The Mining and Construction Company","isPartOf":{"@id":"https:\/\/dehispa.com\/es\/#website"},"datePublished":"2021-05-31T09:05:01+00:00","dateModified":"2021-06-23T23:21:35+00:00","breadcrumb":{"@id":"https:\/\/dehispa.com\/es\/producto\/estaciones-de-ventilacion-epiroc-serpent\/#breadcrumb"},"inLanguage":"es","potentialAction":[{"@type":"ReadAction","target":["https:\/\/dehispa.com\/es\/producto\/estaciones-de-ventilacion-epiroc-serpent\/"]}]},{"@type":"BreadcrumbList","@id":"https:\/\/dehispa.com\/es\/producto\/estaciones-de-ventilacion-epiroc-serpent\/#breadcrumb","itemListElement":[{"@type":"ListItem","position":1,"name":"Portada","item":"https:\/\/dehispa.com\/es\/"},{"@type":"ListItem","position":2,"name":"Productos","item":"https:\/\/dehispa.com\/es\/productos\/"},{"@type":"ListItem","position":3,"name":"Estaciones de Ventilaci\u00f3n Epiroc Serpent"}]},{"@type":"WebSite","@id":"https:\/\/dehispa.com\/es\/#website","url":"https:\/\/dehispa.com\/es\/","name":"Dehispa","description":"Construcci\u00f3n, Miner\u00eda, Obra P\u00fablica e Industria","publisher":{"@id":"https:\/\/dehispa.com\/es\/#organization"},"potentialAction":[{"@type":"SearchAction","target":{"@type":"EntryPoint","urlTemplate":"https:\/\/dehispa.com\/es\/?s={search_term_string}"},"query-input":"required name=search_term_string"}],"inLanguage":"es"},{"@type":"Organization","@id":"https:\/\/dehispa.com\/es\/#organization","name":"Dehispa","url":"https:\/\/dehispa.com\/es\/","logo":{"@type":"ImageObject","inLanguage":"es","@id":"https:\/\/dehispa.com\/es\/#\/schema\/logo\/image\/","url":"https:\/\/dehispa.com\/wp-content\/uploads\/2021\/06\/logotipo.png","contentUrl":"https:\/\/dehispa.com\/wp-content\/uploads\/2021\/06\/logotipo.png","width":160,"height":53,"caption":"Dehispa"},"image":{"@id":"https:\/\/dehispa.com\/es\/#\/schema\/logo\/image\/"},"sameAs":["https:\/\/www.facebook.com\/Dehispa.Oficial\/"]}]}},"_links":{"self":[{"href":"https:\/\/dehispa.com\/es\/wp-json\/wp\/v2\/product\/3896"}],"collection":[{"href":"https:\/\/dehispa.com\/es\/wp-json\/wp\/v2\/product"}],"about":[{"href":"https:\/\/dehispa.com\/es\/wp-json\/wp\/v2\/types\/product"}],"wp:featuredmedia":[{"embeddable":true,"href":"https:\/\/dehispa.com\/es\/wp-json\/wp\/v2\/media\/3897"}],"wp:attachment":[{"href":"https:\/\/dehispa.com\/es\/wp-json\/wp\/v2\/media?parent=3896"}],"wp:term":[{"taxonomy":"product_cat","embeddable":true,"href":"https:\/\/dehispa.com\/es\/wp-json\/wp\/v2\/product_cat?post=3896"},{"taxonomy":"product_tag","embeddable":true,"href":"https:\/\/dehispa.com\/es\/wp-json\/wp\/v2\/product_tag?post=3896"}],"curies":[{"name":"wp","href":"https:\/\/api.w.org\/{rel}","templated":true}]}}