{"id":3903,"date":"2021-05-31T09:10:54","date_gmt":"2021-05-31T09:10:54","guid":{"rendered":"https:\/\/dehispa.com\/?post_type=product&#038;p=3903"},"modified":"2021-06-23T23:19:23","modified_gmt":"2021-06-23T23:19:23","slug":"plantas-de-hormigon-m225-y-m330","status":"publish","type":"product","link":"https:\/\/dehispa.com\/es\/producto\/plantas-de-hormigon-m225-y-m330\/","title":{"rendered":"Plantas de hormig\u00f3n M2,25 y M3,30"},"content":{"rendered":"<p>Durante d\u00e9cadas, las plantas de hormig\u00f3n Stetter han establecido un referente a nivel mundial.<br \/>\nSeguridad, calidad, facilidad de uso, mantenimiento sencillo y, por supuesto, eficiencia econ\u00f3mica, han estado siempre presentes en el desarrollo de nuestros productos. Las plantas de hormig\u00f3n Stetter est\u00e1n disponibles en versi\u00f3n m\u00f3vil, estacionaria y semi m\u00f3vil. El rango est\u00e1ndar de nuestras plantas comprende producciones desde 30 a 160 m\u00b3\/h.<br \/>\nStetter ofrece plantas de hormig\u00f3n dise\u00f1adas casi completamente a medida, en funci\u00f3n de las necesidades del cliente.<\/p>\n","protected":false},"excerpt":{"rendered":"<p>Seguridad, calidad, facilidad de uso, mantenimiento sencillo y, por supuesto, eficiencia econ\u00f3mica, han estado siempre presentes en el desarrollo de nuestros productos.<\/p>\n","protected":false},"featured_media":3906,"template":"","meta":{"_et_pb_use_builder":"","_et_pb_old_content":"","_et_gb_content_width":""},"product_cat":[258,250,21],"product_tag":[226],"yoast_head":"<!-- This site is optimized with the Yoast SEO plugin v20.1 - https:\/\/yoast.com\/wordpress\/plugins\/seo\/ -->\n<title>Plantas de hormig\u00f3n M2,25 y M3,30 - The Mining and Construction Company<\/title>\n<meta name=\"robots\" content=\"index, follow, max-snippet:-1, max-image-preview:large, max-video-preview:-1\" \/>\n<link rel=\"canonical\" href=\"https:\/\/dehispa.com\/es\/producto\/plantas-de-hormigon-m225-y-m330\/\" \/>\n<meta property=\"og:locale\" content=\"es_ES\" \/>\n<meta property=\"og:type\" content=\"article\" \/>\n<meta property=\"og:title\" content=\"Plantas de hormig\u00f3n M2,25 y M3,30 - The Mining and Construction Company\" \/>\n<meta property=\"og:description\" content=\"Seguridad, calidad, facilidad de uso, mantenimiento sencillo y, por supuesto, eficiencia econ\u00f3mica, han estado siempre presentes en el desarrollo de nuestros productos.\" \/>\n<meta property=\"og:url\" content=\"https:\/\/dehispa.com\/es\/producto\/plantas-de-hormigon-m225-y-m330\/\" \/>\n<meta property=\"og:site_name\" content=\"The Mining and Construction Company\" \/>\n<meta property=\"article:publisher\" content=\"https:\/\/www.facebook.com\/Dehispa.Oficial\/\" \/>\n<meta property=\"article:modified_time\" content=\"2021-06-23T23:19:23+00:00\" \/>\n<meta property=\"og:image\" content=\"https:\/\/dehispa.com\/wp-content\/uploads\/2021\/05\/Plantas-de-hormigon-225-y-330.jpg\" \/>\n\t<meta property=\"og:image:width\" content=\"1200\" \/>\n\t<meta property=\"og:image:height\" content=\"1200\" \/>\n\t<meta property=\"og:image:type\" content=\"image\/jpeg\" \/>\n<meta name=\"twitter:card\" content=\"summary_large_image\" \/>\n<script type=\"application\/ld+json\" class=\"yoast-schema-graph\">{\"@context\":\"https:\/\/schema.org\",\"@graph\":[{\"@type\":\"WebPage\",\"@id\":\"https:\/\/dehispa.com\/es\/producto\/plantas-de-hormigon-m225-y-m330\/\",\"url\":\"https:\/\/dehispa.com\/es\/producto\/plantas-de-hormigon-m225-y-m330\/\",\"name\":\"Plantas de hormig\u00f3n M2,25 y M3,30 - The Mining and Construction Company\",\"isPartOf\":{\"@id\":\"https:\/\/dehispa.com\/es\/#website\"},\"datePublished\":\"2021-05-31T09:10:54+00:00\",\"dateModified\":\"2021-06-23T23:19:23+00:00\",\"breadcrumb\":{\"@id\":\"https:\/\/dehispa.com\/es\/producto\/plantas-de-hormigon-m225-y-m330\/#breadcrumb\"},\"inLanguage\":\"es\",\"potentialAction\":[{\"@type\":\"ReadAction\",\"target\":[\"https:\/\/dehispa.com\/es\/producto\/plantas-de-hormigon-m225-y-m330\/\"]}]},{\"@type\":\"BreadcrumbList\",\"@id\":\"https:\/\/dehispa.com\/es\/producto\/plantas-de-hormigon-m225-y-m330\/#breadcrumb\",\"itemListElement\":[{\"@type\":\"ListItem\",\"position\":1,\"name\":\"Portada\",\"item\":\"https:\/\/dehispa.com\/es\/\"},{\"@type\":\"ListItem\",\"position\":2,\"name\":\"Productos\",\"item\":\"https:\/\/dehispa.com\/es\/productos\/\"},{\"@type\":\"ListItem\",\"position\":3,\"name\":\"Plantas de hormig\u00f3n M2,25 y M3,30\"}]},{\"@type\":\"WebSite\",\"@id\":\"https:\/\/dehispa.com\/es\/#website\",\"url\":\"https:\/\/dehispa.com\/es\/\",\"name\":\"Dehispa\",\"description\":\"Construcci\u00f3n, Miner\u00eda, Obra P\u00fablica e Industria\",\"publisher\":{\"@id\":\"https:\/\/dehispa.com\/es\/#organization\"},\"potentialAction\":[{\"@type\":\"SearchAction\",\"target\":{\"@type\":\"EntryPoint\",\"urlTemplate\":\"https:\/\/dehispa.com\/es\/?s={search_term_string}\"},\"query-input\":\"required name=search_term_string\"}],\"inLanguage\":\"es\"},{\"@type\":\"Organization\",\"@id\":\"https:\/\/dehispa.com\/es\/#organization\",\"name\":\"Dehispa\",\"url\":\"https:\/\/dehispa.com\/es\/\",\"logo\":{\"@type\":\"ImageObject\",\"inLanguage\":\"es\",\"@id\":\"https:\/\/dehispa.com\/es\/#\/schema\/logo\/image\/\",\"url\":\"https:\/\/dehispa.com\/wp-content\/uploads\/2021\/06\/logotipo.png\",\"contentUrl\":\"https:\/\/dehispa.com\/wp-content\/uploads\/2021\/06\/logotipo.png\",\"width\":160,\"height\":53,\"caption\":\"Dehispa\"},\"image\":{\"@id\":\"https:\/\/dehispa.com\/es\/#\/schema\/logo\/image\/\"},\"sameAs\":[\"https:\/\/www.facebook.com\/Dehispa.Oficial\/\"]}]}<\/script>\n<!-- \/ Yoast SEO plugin. -->","yoast_head_json":{"title":"Plantas de hormig\u00f3n M2,25 y M3,30 - The Mining and Construction Company","robots":{"index":"index","follow":"follow","max-snippet":"max-snippet:-1","max-image-preview":"max-image-preview:large","max-video-preview":"max-video-preview:-1"},"canonical":"https:\/\/dehispa.com\/es\/producto\/plantas-de-hormigon-m225-y-m330\/","og_locale":"es_ES","og_type":"article","og_title":"Plantas de hormig\u00f3n M2,25 y M3,30 - The Mining and Construction Company","og_description":"Seguridad, calidad, facilidad de uso, mantenimiento sencillo y, por supuesto, eficiencia econ\u00f3mica, han estado siempre presentes en el desarrollo de nuestros productos.","og_url":"https:\/\/dehispa.com\/es\/producto\/plantas-de-hormigon-m225-y-m330\/","og_site_name":"The Mining and Construction Company","article_publisher":"https:\/\/www.facebook.com\/Dehispa.Oficial\/","article_modified_time":"2021-06-23T23:19:23+00:00","og_image":[{"width":1200,"height":1200,"url":"https:\/\/dehispa.com\/wp-content\/uploads\/2021\/05\/Plantas-de-hormigon-225-y-330.jpg","type":"image\/jpeg"}],"twitter_card":"summary_large_image","schema":{"@context":"https:\/\/schema.org","@graph":[{"@type":"WebPage","@id":"https:\/\/dehispa.com\/es\/producto\/plantas-de-hormigon-m225-y-m330\/","url":"https:\/\/dehispa.com\/es\/producto\/plantas-de-hormigon-m225-y-m330\/","name":"Plantas de hormig\u00f3n M2,25 y M3,30 - The Mining and Construction Company","isPartOf":{"@id":"https:\/\/dehispa.com\/es\/#website"},"datePublished":"2021-05-31T09:10:54+00:00","dateModified":"2021-06-23T23:19:23+00:00","breadcrumb":{"@id":"https:\/\/dehispa.com\/es\/producto\/plantas-de-hormigon-m225-y-m330\/#breadcrumb"},"inLanguage":"es","potentialAction":[{"@type":"ReadAction","target":["https:\/\/dehispa.com\/es\/producto\/plantas-de-hormigon-m225-y-m330\/"]}]},{"@type":"BreadcrumbList","@id":"https:\/\/dehispa.com\/es\/producto\/plantas-de-hormigon-m225-y-m330\/#breadcrumb","itemListElement":[{"@type":"ListItem","position":1,"name":"Portada","item":"https:\/\/dehispa.com\/es\/"},{"@type":"ListItem","position":2,"name":"Productos","item":"https:\/\/dehispa.com\/es\/productos\/"},{"@type":"ListItem","position":3,"name":"Plantas de hormig\u00f3n M2,25 y M3,30"}]},{"@type":"WebSite","@id":"https:\/\/dehispa.com\/es\/#website","url":"https:\/\/dehispa.com\/es\/","name":"Dehispa","description":"Construcci\u00f3n, Miner\u00eda, Obra P\u00fablica e Industria","publisher":{"@id":"https:\/\/dehispa.com\/es\/#organization"},"potentialAction":[{"@type":"SearchAction","target":{"@type":"EntryPoint","urlTemplate":"https:\/\/dehispa.com\/es\/?s={search_term_string}"},"query-input":"required name=search_term_string"}],"inLanguage":"es"},{"@type":"Organization","@id":"https:\/\/dehispa.com\/es\/#organization","name":"Dehispa","url":"https:\/\/dehispa.com\/es\/","logo":{"@type":"ImageObject","inLanguage":"es","@id":"https:\/\/dehispa.com\/es\/#\/schema\/logo\/image\/","url":"https:\/\/dehispa.com\/wp-content\/uploads\/2021\/06\/logotipo.png","contentUrl":"https:\/\/dehispa.com\/wp-content\/uploads\/2021\/06\/logotipo.png","width":160,"height":53,"caption":"Dehispa"},"image":{"@id":"https:\/\/dehispa.com\/es\/#\/schema\/logo\/image\/"},"sameAs":["https:\/\/www.facebook.com\/Dehispa.Oficial\/"]}]}},"_links":{"self":[{"href":"https:\/\/dehispa.com\/es\/wp-json\/wp\/v2\/product\/3903"}],"collection":[{"href":"https:\/\/dehispa.com\/es\/wp-json\/wp\/v2\/product"}],"about":[{"href":"https:\/\/dehispa.com\/es\/wp-json\/wp\/v2\/types\/product"}],"wp:featuredmedia":[{"embeddable":true,"href":"https:\/\/dehispa.com\/es\/wp-json\/wp\/v2\/media\/3906"}],"wp:attachment":[{"href":"https:\/\/dehispa.com\/es\/wp-json\/wp\/v2\/media?parent=3903"}],"wp:term":[{"taxonomy":"product_cat","embeddable":true,"href":"https:\/\/dehispa.com\/es\/wp-json\/wp\/v2\/product_cat?post=3903"},{"taxonomy":"product_tag","embeddable":true,"href":"https:\/\/dehispa.com\/es\/wp-json\/wp\/v2\/product_tag?post=3903"}],"curies":[{"name":"wp","href":"https:\/\/api.w.org\/{rel}","templated":true}]}}