{"id":3908,"date":"2021-05-31T09:12:33","date_gmt":"2021-05-31T09:12:33","guid":{"rendered":"https:\/\/dehispa.com\/?post_type=product&#038;p=3908"},"modified":"2021-06-23T23:17:33","modified_gmt":"2021-06-23T23:17:33","slug":"bombas-de-hormigon-s36x-sobre-camion-man","status":"publish","type":"product","link":"https:\/\/dehispa.com\/es\/producto\/bombas-de-hormigon-s36x-sobre-camion-man\/","title":{"rendered":"Bombas de hormig\u00f3n  S36X sobre cami\u00f3n MAN"},"content":{"rendered":"<p>Desde hace d\u00e9cadas, la autobomba de hormig\u00f3n S 36 X de SCHWING demuestra su eficacia en obras de todo el mundo merced a su rendimiento y fiabilidad para el bombeo de hormig\u00f3n. SCHWING fabrica la estructura de acero robusta a partir del acero de los principales productores de Europa Occidental y, gracias a que renuncia a realizar experimentos constructivos, garantiza una seguridad duradera y<br \/>\nuna conservaci\u00f3n del valor excelente. El sistema hidr\u00e1ulico abierto con los componentes hidr\u00e1ulicos de SCHWING ampliamente dimensionados aporta un potente rendimiento de bombeo y un consumo de combustible altamente eficaz. Adem\u00e1s, gracias a las correderas ROCK con desgaste reducido y mantenimiento sencillo, los costes permanecen bajos y los beneficios altos. La S 36 X de SCHWING: eficacia y fiabilidad para el bombeo de hormig\u00f3n<\/p>\n","protected":false},"excerpt":{"rendered":"<p>La S 36 X de SCHWING: eficacia y fiabilidad para el bombeo de hormig\u00f3n.<\/p>\n","protected":false},"featured_media":237830,"template":"","meta":{"_et_pb_use_builder":"","_et_pb_old_content":"","_et_gb_content_width":""},"product_cat":[258,250,21],"product_tag":[226],"yoast_head":"<!-- This site is optimized with the Yoast SEO plugin v20.1 - https:\/\/yoast.com\/wordpress\/plugins\/seo\/ -->\n<title>Bombas de hormig\u00f3n S36X sobre cami\u00f3n MAN - The Mining and Construction Company<\/title>\n<meta name=\"robots\" content=\"index, follow, max-snippet:-1, max-image-preview:large, max-video-preview:-1\" \/>\n<link rel=\"canonical\" href=\"https:\/\/dehispa.com\/es\/producto\/bombas-de-hormigon-s36x-sobre-camion-man\/\" \/>\n<meta property=\"og:locale\" content=\"es_ES\" \/>\n<meta property=\"og:type\" content=\"article\" \/>\n<meta property=\"og:title\" content=\"Bombas de hormig\u00f3n S36X sobre cami\u00f3n MAN - The Mining and Construction Company\" \/>\n<meta property=\"og:description\" content=\"La S 36 X de SCHWING: eficacia y fiabilidad para el bombeo de hormig\u00f3n.\" \/>\n<meta property=\"og:url\" content=\"https:\/\/dehispa.com\/es\/producto\/bombas-de-hormigon-s36x-sobre-camion-man\/\" \/>\n<meta property=\"og:site_name\" content=\"The Mining and Construction Company\" \/>\n<meta property=\"article:publisher\" content=\"https:\/\/www.facebook.com\/Dehispa.Oficial\/\" \/>\n<meta property=\"article:modified_time\" content=\"2021-06-23T23:17:33+00:00\" \/>\n<meta property=\"og:image\" content=\"https:\/\/dehispa.com\/wp-content\/uploads\/2021\/05\/BombadehormigonS_36_Xsombrecamionman.jpg\" \/>\n\t<meta property=\"og:image:width\" content=\"1200\" \/>\n\t<meta property=\"og:image:height\" content=\"1200\" \/>\n\t<meta property=\"og:image:type\" content=\"image\/jpeg\" \/>\n<meta name=\"twitter:card\" content=\"summary_large_image\" \/>\n<meta name=\"twitter:label1\" content=\"Tiempo de lectura\" \/>\n\t<meta name=\"twitter:data1\" content=\"1 minuto\" \/>\n<script type=\"application\/ld+json\" class=\"yoast-schema-graph\">{\"@context\":\"https:\/\/schema.org\",\"@graph\":[{\"@type\":\"WebPage\",\"@id\":\"https:\/\/dehispa.com\/es\/producto\/bombas-de-hormigon-s36x-sobre-camion-man\/\",\"url\":\"https:\/\/dehispa.com\/es\/producto\/bombas-de-hormigon-s36x-sobre-camion-man\/\",\"name\":\"Bombas de hormig\u00f3n S36X sobre cami\u00f3n MAN - The Mining and Construction Company\",\"isPartOf\":{\"@id\":\"https:\/\/dehispa.com\/es\/#website\"},\"datePublished\":\"2021-05-31T09:12:33+00:00\",\"dateModified\":\"2021-06-23T23:17:33+00:00\",\"breadcrumb\":{\"@id\":\"https:\/\/dehispa.com\/es\/producto\/bombas-de-hormigon-s36x-sobre-camion-man\/#breadcrumb\"},\"inLanguage\":\"es\",\"potentialAction\":[{\"@type\":\"ReadAction\",\"target\":[\"https:\/\/dehispa.com\/es\/producto\/bombas-de-hormigon-s36x-sobre-camion-man\/\"]}]},{\"@type\":\"BreadcrumbList\",\"@id\":\"https:\/\/dehispa.com\/es\/producto\/bombas-de-hormigon-s36x-sobre-camion-man\/#breadcrumb\",\"itemListElement\":[{\"@type\":\"ListItem\",\"position\":1,\"name\":\"Portada\",\"item\":\"https:\/\/dehispa.com\/es\/\"},{\"@type\":\"ListItem\",\"position\":2,\"name\":\"Productos\",\"item\":\"https:\/\/dehispa.com\/es\/productos\/\"},{\"@type\":\"ListItem\",\"position\":3,\"name\":\"Bombas de hormig\u00f3n S36X sobre cami\u00f3n MAN\"}]},{\"@type\":\"WebSite\",\"@id\":\"https:\/\/dehispa.com\/es\/#website\",\"url\":\"https:\/\/dehispa.com\/es\/\",\"name\":\"Dehispa\",\"description\":\"Construcci\u00f3n, Miner\u00eda, Obra P\u00fablica e Industria\",\"publisher\":{\"@id\":\"https:\/\/dehispa.com\/es\/#organization\"},\"potentialAction\":[{\"@type\":\"SearchAction\",\"target\":{\"@type\":\"EntryPoint\",\"urlTemplate\":\"https:\/\/dehispa.com\/es\/?s={search_term_string}\"},\"query-input\":\"required name=search_term_string\"}],\"inLanguage\":\"es\"},{\"@type\":\"Organization\",\"@id\":\"https:\/\/dehispa.com\/es\/#organization\",\"name\":\"Dehispa\",\"url\":\"https:\/\/dehispa.com\/es\/\",\"logo\":{\"@type\":\"ImageObject\",\"inLanguage\":\"es\",\"@id\":\"https:\/\/dehispa.com\/es\/#\/schema\/logo\/image\/\",\"url\":\"https:\/\/dehispa.com\/wp-content\/uploads\/2021\/06\/logotipo.png\",\"contentUrl\":\"https:\/\/dehispa.com\/wp-content\/uploads\/2021\/06\/logotipo.png\",\"width\":160,\"height\":53,\"caption\":\"Dehispa\"},\"image\":{\"@id\":\"https:\/\/dehispa.com\/es\/#\/schema\/logo\/image\/\"},\"sameAs\":[\"https:\/\/www.facebook.com\/Dehispa.Oficial\/\"]}]}<\/script>\n<!-- \/ Yoast SEO plugin. -->","yoast_head_json":{"title":"Bombas de hormig\u00f3n S36X sobre cami\u00f3n MAN - The Mining and Construction Company","robots":{"index":"index","follow":"follow","max-snippet":"max-snippet:-1","max-image-preview":"max-image-preview:large","max-video-preview":"max-video-preview:-1"},"canonical":"https:\/\/dehispa.com\/es\/producto\/bombas-de-hormigon-s36x-sobre-camion-man\/","og_locale":"es_ES","og_type":"article","og_title":"Bombas de hormig\u00f3n S36X sobre cami\u00f3n MAN - The Mining and Construction Company","og_description":"La S 36 X de SCHWING: eficacia y fiabilidad para el bombeo de hormig\u00f3n.","og_url":"https:\/\/dehispa.com\/es\/producto\/bombas-de-hormigon-s36x-sobre-camion-man\/","og_site_name":"The Mining and Construction Company","article_publisher":"https:\/\/www.facebook.com\/Dehispa.Oficial\/","article_modified_time":"2021-06-23T23:17:33+00:00","og_image":[{"width":1200,"height":1200,"url":"https:\/\/dehispa.com\/wp-content\/uploads\/2021\/05\/BombadehormigonS_36_Xsombrecamionman.jpg","type":"image\/jpeg"}],"twitter_card":"summary_large_image","twitter_misc":{"Tiempo de lectura":"1 minuto"},"schema":{"@context":"https:\/\/schema.org","@graph":[{"@type":"WebPage","@id":"https:\/\/dehispa.com\/es\/producto\/bombas-de-hormigon-s36x-sobre-camion-man\/","url":"https:\/\/dehispa.com\/es\/producto\/bombas-de-hormigon-s36x-sobre-camion-man\/","name":"Bombas de hormig\u00f3n S36X sobre cami\u00f3n MAN - The Mining and Construction Company","isPartOf":{"@id":"https:\/\/dehispa.com\/es\/#website"},"datePublished":"2021-05-31T09:12:33+00:00","dateModified":"2021-06-23T23:17:33+00:00","breadcrumb":{"@id":"https:\/\/dehispa.com\/es\/producto\/bombas-de-hormigon-s36x-sobre-camion-man\/#breadcrumb"},"inLanguage":"es","potentialAction":[{"@type":"ReadAction","target":["https:\/\/dehispa.com\/es\/producto\/bombas-de-hormigon-s36x-sobre-camion-man\/"]}]},{"@type":"BreadcrumbList","@id":"https:\/\/dehispa.com\/es\/producto\/bombas-de-hormigon-s36x-sobre-camion-man\/#breadcrumb","itemListElement":[{"@type":"ListItem","position":1,"name":"Portada","item":"https:\/\/dehispa.com\/es\/"},{"@type":"ListItem","position":2,"name":"Productos","item":"https:\/\/dehispa.com\/es\/productos\/"},{"@type":"ListItem","position":3,"name":"Bombas de hormig\u00f3n S36X sobre cami\u00f3n MAN"}]},{"@type":"WebSite","@id":"https:\/\/dehispa.com\/es\/#website","url":"https:\/\/dehispa.com\/es\/","name":"Dehispa","description":"Construcci\u00f3n, Miner\u00eda, Obra P\u00fablica e Industria","publisher":{"@id":"https:\/\/dehispa.com\/es\/#organization"},"potentialAction":[{"@type":"SearchAction","target":{"@type":"EntryPoint","urlTemplate":"https:\/\/dehispa.com\/es\/?s={search_term_string}"},"query-input":"required name=search_term_string"}],"inLanguage":"es"},{"@type":"Organization","@id":"https:\/\/dehispa.com\/es\/#organization","name":"Dehispa","url":"https:\/\/dehispa.com\/es\/","logo":{"@type":"ImageObject","inLanguage":"es","@id":"https:\/\/dehispa.com\/es\/#\/schema\/logo\/image\/","url":"https:\/\/dehispa.com\/wp-content\/uploads\/2021\/06\/logotipo.png","contentUrl":"https:\/\/dehispa.com\/wp-content\/uploads\/2021\/06\/logotipo.png","width":160,"height":53,"caption":"Dehispa"},"image":{"@id":"https:\/\/dehispa.com\/es\/#\/schema\/logo\/image\/"},"sameAs":["https:\/\/www.facebook.com\/Dehispa.Oficial\/"]}]}},"_links":{"self":[{"href":"https:\/\/dehispa.com\/es\/wp-json\/wp\/v2\/product\/3908"}],"collection":[{"href":"https:\/\/dehispa.com\/es\/wp-json\/wp\/v2\/product"}],"about":[{"href":"https:\/\/dehispa.com\/es\/wp-json\/wp\/v2\/types\/product"}],"wp:featuredmedia":[{"embeddable":true,"href":"https:\/\/dehispa.com\/es\/wp-json\/wp\/v2\/media\/237830"}],"wp:attachment":[{"href":"https:\/\/dehispa.com\/es\/wp-json\/wp\/v2\/media?parent=3908"}],"wp:term":[{"taxonomy":"product_cat","embeddable":true,"href":"https:\/\/dehispa.com\/es\/wp-json\/wp\/v2\/product_cat?post=3908"},{"taxonomy":"product_tag","embeddable":true,"href":"https:\/\/dehispa.com\/es\/wp-json\/wp\/v2\/product_tag?post=3908"}],"curies":[{"name":"wp","href":"https:\/\/api.w.org\/{rel}","templated":true}]}}