{"id":3922,"date":"2021-05-31T09:31:09","date_gmt":"2021-05-31T09:31:09","guid":{"rendered":"https:\/\/dehispa.com\/?post_type=product&#038;p=3922"},"modified":"2021-06-23T23:13:00","modified_gmt":"2021-06-23T23:13:00","slug":"generadores-qes-16-qes-35-y-qes-75","status":"publish","type":"product","link":"https:\/\/dehispa.com\/es\/producto\/generadores-qes-16-qes-35-y-qes-75\/","title":{"rendered":"Generadores  QES-16, QES-35 y QES 75"},"content":{"rendered":"<p>La gama de generadores QES, f\u00e1ciles de usar y mantener, se ha desarrollado espec\u00edficamente para las industrias de la construcci\u00f3n y alquiler de equipos. Se trata de la mejor opci\u00f3n de potencia predecible, incluso para las obras m\u00e1s exigentes. La carrocer\u00eda impermeable con tratamiento anticorrosi\u00f3n as\u00ed como la posibilidad de trabajar a altas y bajas temperaturas convierten a la gama QES en una elecci\u00f3n extraordinaria. Esta gama, que se presenta con<br \/>\ntodas las opciones que pueda necesitar y lista para funcionar en cuesti\u00f3n de segundos, tambi\u00e9n es capaz de soportar cualquier tipo de inclemencia meteorol\u00f3gica.<\/p>\n","protected":false},"excerpt":{"rendered":"<p>Se trata de la mejor opci\u00f3n de potencia predecible, incluso para las obras m\u00e1s exigentes.<\/p>\n","protected":false},"featured_media":3913,"template":"","meta":{"_et_pb_use_builder":"","_et_pb_old_content":"","_et_gb_content_width":""},"product_cat":[20,260,261,258,259],"product_tag":[242,241,226,240],"yoast_head":"<!-- This site is optimized with the Yoast SEO plugin v20.1 - https:\/\/yoast.com\/wordpress\/plugins\/seo\/ -->\n<title>Generadores QES-16, QES-35 y QES 75 - The Mining and Construction Company<\/title>\n<meta name=\"robots\" content=\"index, follow, max-snippet:-1, max-image-preview:large, max-video-preview:-1\" \/>\n<link rel=\"canonical\" href=\"https:\/\/dehispa.com\/es\/producto\/generadores-qes-16-qes-35-y-qes-75\/\" \/>\n<meta property=\"og:locale\" content=\"es_ES\" \/>\n<meta property=\"og:type\" content=\"article\" \/>\n<meta property=\"og:title\" content=\"Generadores QES-16, QES-35 y QES 75 - The Mining and Construction Company\" \/>\n<meta property=\"og:description\" content=\"Se trata de la mejor opci\u00f3n de potencia predecible, incluso para las obras m\u00e1s exigentes.\" \/>\n<meta property=\"og:url\" content=\"https:\/\/dehispa.com\/es\/producto\/generadores-qes-16-qes-35-y-qes-75\/\" \/>\n<meta property=\"og:site_name\" content=\"The Mining and Construction Company\" \/>\n<meta property=\"article:publisher\" content=\"https:\/\/www.facebook.com\/Dehispa.Oficial\/\" \/>\n<meta property=\"article:modified_time\" content=\"2021-06-23T23:13:00+00:00\" \/>\n<meta property=\"og:image\" content=\"https:\/\/dehispa.com\/wp-content\/uploads\/2021\/05\/Generadores-QES-16-QES-35-y-QES-75.jpeg\" \/>\n\t<meta property=\"og:image:width\" content=\"950\" \/>\n\t<meta property=\"og:image:height\" content=\"950\" \/>\n\t<meta property=\"og:image:type\" content=\"image\/jpeg\" \/>\n<meta name=\"twitter:card\" content=\"summary_large_image\" \/>\n<meta name=\"twitter:label1\" content=\"Tiempo de lectura\" \/>\n\t<meta name=\"twitter:data1\" content=\"1 minuto\" \/>\n<script type=\"application\/ld+json\" class=\"yoast-schema-graph\">{\"@context\":\"https:\/\/schema.org\",\"@graph\":[{\"@type\":\"WebPage\",\"@id\":\"https:\/\/dehispa.com\/es\/producto\/generadores-qes-16-qes-35-y-qes-75\/\",\"url\":\"https:\/\/dehispa.com\/es\/producto\/generadores-qes-16-qes-35-y-qes-75\/\",\"name\":\"Generadores QES-16, QES-35 y QES 75 - The Mining and Construction Company\",\"isPartOf\":{\"@id\":\"https:\/\/dehispa.com\/es\/#website\"},\"datePublished\":\"2021-05-31T09:31:09+00:00\",\"dateModified\":\"2021-06-23T23:13:00+00:00\",\"breadcrumb\":{\"@id\":\"https:\/\/dehispa.com\/es\/producto\/generadores-qes-16-qes-35-y-qes-75\/#breadcrumb\"},\"inLanguage\":\"es\",\"potentialAction\":[{\"@type\":\"ReadAction\",\"target\":[\"https:\/\/dehispa.com\/es\/producto\/generadores-qes-16-qes-35-y-qes-75\/\"]}]},{\"@type\":\"BreadcrumbList\",\"@id\":\"https:\/\/dehispa.com\/es\/producto\/generadores-qes-16-qes-35-y-qes-75\/#breadcrumb\",\"itemListElement\":[{\"@type\":\"ListItem\",\"position\":1,\"name\":\"Portada\",\"item\":\"https:\/\/dehispa.com\/es\/\"},{\"@type\":\"ListItem\",\"position\":2,\"name\":\"Productos\",\"item\":\"https:\/\/dehispa.com\/es\/productos\/\"},{\"@type\":\"ListItem\",\"position\":3,\"name\":\"Generadores QES-16, QES-35 y QES 75\"}]},{\"@type\":\"WebSite\",\"@id\":\"https:\/\/dehispa.com\/es\/#website\",\"url\":\"https:\/\/dehispa.com\/es\/\",\"name\":\"Dehispa\",\"description\":\"Construcci\u00f3n, Miner\u00eda, Obra P\u00fablica e Industria\",\"publisher\":{\"@id\":\"https:\/\/dehispa.com\/es\/#organization\"},\"potentialAction\":[{\"@type\":\"SearchAction\",\"target\":{\"@type\":\"EntryPoint\",\"urlTemplate\":\"https:\/\/dehispa.com\/es\/?s={search_term_string}\"},\"query-input\":\"required name=search_term_string\"}],\"inLanguage\":\"es\"},{\"@type\":\"Organization\",\"@id\":\"https:\/\/dehispa.com\/es\/#organization\",\"name\":\"Dehispa\",\"url\":\"https:\/\/dehispa.com\/es\/\",\"logo\":{\"@type\":\"ImageObject\",\"inLanguage\":\"es\",\"@id\":\"https:\/\/dehispa.com\/es\/#\/schema\/logo\/image\/\",\"url\":\"https:\/\/dehispa.com\/wp-content\/uploads\/2021\/06\/logotipo.png\",\"contentUrl\":\"https:\/\/dehispa.com\/wp-content\/uploads\/2021\/06\/logotipo.png\",\"width\":160,\"height\":53,\"caption\":\"Dehispa\"},\"image\":{\"@id\":\"https:\/\/dehispa.com\/es\/#\/schema\/logo\/image\/\"},\"sameAs\":[\"https:\/\/www.facebook.com\/Dehispa.Oficial\/\"]}]}<\/script>\n<!-- \/ Yoast SEO plugin. -->","yoast_head_json":{"title":"Generadores QES-16, QES-35 y QES 75 - The Mining and Construction Company","robots":{"index":"index","follow":"follow","max-snippet":"max-snippet:-1","max-image-preview":"max-image-preview:large","max-video-preview":"max-video-preview:-1"},"canonical":"https:\/\/dehispa.com\/es\/producto\/generadores-qes-16-qes-35-y-qes-75\/","og_locale":"es_ES","og_type":"article","og_title":"Generadores QES-16, QES-35 y QES 75 - The Mining and Construction Company","og_description":"Se trata de la mejor opci\u00f3n de potencia predecible, incluso para las obras m\u00e1s exigentes.","og_url":"https:\/\/dehispa.com\/es\/producto\/generadores-qes-16-qes-35-y-qes-75\/","og_site_name":"The Mining and Construction Company","article_publisher":"https:\/\/www.facebook.com\/Dehispa.Oficial\/","article_modified_time":"2021-06-23T23:13:00+00:00","og_image":[{"width":950,"height":950,"url":"https:\/\/dehispa.com\/wp-content\/uploads\/2021\/05\/Generadores-QES-16-QES-35-y-QES-75.jpeg","type":"image\/jpeg"}],"twitter_card":"summary_large_image","twitter_misc":{"Tiempo de lectura":"1 minuto"},"schema":{"@context":"https:\/\/schema.org","@graph":[{"@type":"WebPage","@id":"https:\/\/dehispa.com\/es\/producto\/generadores-qes-16-qes-35-y-qes-75\/","url":"https:\/\/dehispa.com\/es\/producto\/generadores-qes-16-qes-35-y-qes-75\/","name":"Generadores QES-16, QES-35 y QES 75 - The Mining and Construction Company","isPartOf":{"@id":"https:\/\/dehispa.com\/es\/#website"},"datePublished":"2021-05-31T09:31:09+00:00","dateModified":"2021-06-23T23:13:00+00:00","breadcrumb":{"@id":"https:\/\/dehispa.com\/es\/producto\/generadores-qes-16-qes-35-y-qes-75\/#breadcrumb"},"inLanguage":"es","potentialAction":[{"@type":"ReadAction","target":["https:\/\/dehispa.com\/es\/producto\/generadores-qes-16-qes-35-y-qes-75\/"]}]},{"@type":"BreadcrumbList","@id":"https:\/\/dehispa.com\/es\/producto\/generadores-qes-16-qes-35-y-qes-75\/#breadcrumb","itemListElement":[{"@type":"ListItem","position":1,"name":"Portada","item":"https:\/\/dehispa.com\/es\/"},{"@type":"ListItem","position":2,"name":"Productos","item":"https:\/\/dehispa.com\/es\/productos\/"},{"@type":"ListItem","position":3,"name":"Generadores QES-16, QES-35 y QES 75"}]},{"@type":"WebSite","@id":"https:\/\/dehispa.com\/es\/#website","url":"https:\/\/dehispa.com\/es\/","name":"Dehispa","description":"Construcci\u00f3n, Miner\u00eda, Obra P\u00fablica e Industria","publisher":{"@id":"https:\/\/dehispa.com\/es\/#organization"},"potentialAction":[{"@type":"SearchAction","target":{"@type":"EntryPoint","urlTemplate":"https:\/\/dehispa.com\/es\/?s={search_term_string}"},"query-input":"required name=search_term_string"}],"inLanguage":"es"},{"@type":"Organization","@id":"https:\/\/dehispa.com\/es\/#organization","name":"Dehispa","url":"https:\/\/dehispa.com\/es\/","logo":{"@type":"ImageObject","inLanguage":"es","@id":"https:\/\/dehispa.com\/es\/#\/schema\/logo\/image\/","url":"https:\/\/dehispa.com\/wp-content\/uploads\/2021\/06\/logotipo.png","contentUrl":"https:\/\/dehispa.com\/wp-content\/uploads\/2021\/06\/logotipo.png","width":160,"height":53,"caption":"Dehispa"},"image":{"@id":"https:\/\/dehispa.com\/es\/#\/schema\/logo\/image\/"},"sameAs":["https:\/\/www.facebook.com\/Dehispa.Oficial\/"]}]}},"_links":{"self":[{"href":"https:\/\/dehispa.com\/es\/wp-json\/wp\/v2\/product\/3922"}],"collection":[{"href":"https:\/\/dehispa.com\/es\/wp-json\/wp\/v2\/product"}],"about":[{"href":"https:\/\/dehispa.com\/es\/wp-json\/wp\/v2\/types\/product"}],"wp:featuredmedia":[{"embeddable":true,"href":"https:\/\/dehispa.com\/es\/wp-json\/wp\/v2\/media\/3913"}],"wp:attachment":[{"href":"https:\/\/dehispa.com\/es\/wp-json\/wp\/v2\/media?parent=3922"}],"wp:term":[{"taxonomy":"product_cat","embeddable":true,"href":"https:\/\/dehispa.com\/es\/wp-json\/wp\/v2\/product_cat?post=3922"},{"taxonomy":"product_tag","embeddable":true,"href":"https:\/\/dehispa.com\/es\/wp-json\/wp\/v2\/product_tag?post=3922"}],"curies":[{"name":"wp","href":"https:\/\/api.w.org\/{rel}","templated":true}]}}