{"id":3923,"date":"2021-05-31T09:32:14","date_gmt":"2021-05-31T09:32:14","guid":{"rendered":"https:\/\/dehispa.com\/?post_type=product&#038;p=3923"},"modified":"2021-06-23T23:11:55","modified_gmt":"2021-06-23T23:11:55","slug":"torre-de-iluminacion-qlts-4-solar","status":"publish","type":"product","link":"https:\/\/dehispa.com\/es\/producto\/torre-de-iluminacion-qlts-4-solar\/","title":{"rendered":"Torre de iluminaci\u00f3n QLTS-4 Solar"},"content":{"rendered":"<p>Cero emisiones, cero ruido y cero derrames de li\u0301quido. La torre de iluminacio\u0301n QLTS de Atlas Copco ofrece lo mejor de ambos mundos: un rendimiento impresionante y el ma\u0301ximo respeto por el medio ambiente. La QLTS es flexible, requiere poco mantenimiento y ofrece una luz LED brillante y el coste ma\u0301s bajo de operacio\u0301n posible para una torre de iluminacio\u0301n<\/p>\n","protected":false},"excerpt":{"rendered":"<p>La QLTS es flexible, requiere poco mantenimiento y ofrece una luz LED brillante y el coste ma\u0301s bajo de operacio\u0301n posible para una torre de iluminacio\u0301n<\/p>\n","protected":false},"featured_media":3917,"template":"","meta":{"_et_pb_use_builder":"","_et_pb_old_content":"","_et_gb_content_width":""},"product_cat":[20,260,261,258,259],"product_tag":[242,241,226,240],"yoast_head":"<!-- This site is optimized with the Yoast SEO plugin v20.1 - https:\/\/yoast.com\/wordpress\/plugins\/seo\/ -->\n<title>Torre de iluminaci\u00f3n QLTS-4 Solar - The Mining and Construction Company<\/title>\n<meta name=\"robots\" content=\"index, follow, max-snippet:-1, max-image-preview:large, max-video-preview:-1\" \/>\n<link rel=\"canonical\" href=\"https:\/\/dehispa.com\/es\/producto\/torre-de-iluminacion-qlts-4-solar\/\" \/>\n<meta property=\"og:locale\" content=\"es_ES\" \/>\n<meta property=\"og:type\" content=\"article\" \/>\n<meta property=\"og:title\" content=\"Torre de iluminaci\u00f3n QLTS-4 Solar - The Mining and Construction Company\" \/>\n<meta property=\"og:description\" content=\"La QLTS es flexible, requiere poco mantenimiento y ofrece una luz LED brillante y el coste ma\u0301s bajo de operacio\u0301n posible para una torre de iluminacio\u0301n\" \/>\n<meta property=\"og:url\" content=\"https:\/\/dehispa.com\/es\/producto\/torre-de-iluminacion-qlts-4-solar\/\" \/>\n<meta property=\"og:site_name\" content=\"The Mining and Construction Company\" \/>\n<meta property=\"article:publisher\" content=\"https:\/\/www.facebook.com\/Dehispa.Oficial\/\" \/>\n<meta property=\"article:modified_time\" content=\"2021-06-23T23:11:55+00:00\" \/>\n<meta property=\"og:image\" content=\"https:\/\/dehispa.com\/wp-content\/uploads\/2021\/05\/Torre-de-iluminacion-QLTS-4.jpg\" \/>\n\t<meta property=\"og:image:width\" content=\"1200\" \/>\n\t<meta property=\"og:image:height\" content=\"1200\" \/>\n\t<meta property=\"og:image:type\" content=\"image\/jpeg\" \/>\n<meta name=\"twitter:card\" content=\"summary_large_image\" \/>\n<script type=\"application\/ld+json\" class=\"yoast-schema-graph\">{\"@context\":\"https:\/\/schema.org\",\"@graph\":[{\"@type\":\"WebPage\",\"@id\":\"https:\/\/dehispa.com\/es\/producto\/torre-de-iluminacion-qlts-4-solar\/\",\"url\":\"https:\/\/dehispa.com\/es\/producto\/torre-de-iluminacion-qlts-4-solar\/\",\"name\":\"Torre de iluminaci\u00f3n QLTS-4 Solar - The Mining and Construction Company\",\"isPartOf\":{\"@id\":\"https:\/\/dehispa.com\/es\/#website\"},\"datePublished\":\"2021-05-31T09:32:14+00:00\",\"dateModified\":\"2021-06-23T23:11:55+00:00\",\"breadcrumb\":{\"@id\":\"https:\/\/dehispa.com\/es\/producto\/torre-de-iluminacion-qlts-4-solar\/#breadcrumb\"},\"inLanguage\":\"es\",\"potentialAction\":[{\"@type\":\"ReadAction\",\"target\":[\"https:\/\/dehispa.com\/es\/producto\/torre-de-iluminacion-qlts-4-solar\/\"]}]},{\"@type\":\"BreadcrumbList\",\"@id\":\"https:\/\/dehispa.com\/es\/producto\/torre-de-iluminacion-qlts-4-solar\/#breadcrumb\",\"itemListElement\":[{\"@type\":\"ListItem\",\"position\":1,\"name\":\"Portada\",\"item\":\"https:\/\/dehispa.com\/es\/\"},{\"@type\":\"ListItem\",\"position\":2,\"name\":\"Productos\",\"item\":\"https:\/\/dehispa.com\/es\/productos\/\"},{\"@type\":\"ListItem\",\"position\":3,\"name\":\"Torre de iluminaci\u00f3n QLTS-4 Solar\"}]},{\"@type\":\"WebSite\",\"@id\":\"https:\/\/dehispa.com\/es\/#website\",\"url\":\"https:\/\/dehispa.com\/es\/\",\"name\":\"Dehispa\",\"description\":\"Construcci\u00f3n, Miner\u00eda, Obra P\u00fablica e Industria\",\"publisher\":{\"@id\":\"https:\/\/dehispa.com\/es\/#organization\"},\"potentialAction\":[{\"@type\":\"SearchAction\",\"target\":{\"@type\":\"EntryPoint\",\"urlTemplate\":\"https:\/\/dehispa.com\/es\/?s={search_term_string}\"},\"query-input\":\"required name=search_term_string\"}],\"inLanguage\":\"es\"},{\"@type\":\"Organization\",\"@id\":\"https:\/\/dehispa.com\/es\/#organization\",\"name\":\"Dehispa\",\"url\":\"https:\/\/dehispa.com\/es\/\",\"logo\":{\"@type\":\"ImageObject\",\"inLanguage\":\"es\",\"@id\":\"https:\/\/dehispa.com\/es\/#\/schema\/logo\/image\/\",\"url\":\"https:\/\/dehispa.com\/wp-content\/uploads\/2021\/06\/logotipo.png\",\"contentUrl\":\"https:\/\/dehispa.com\/wp-content\/uploads\/2021\/06\/logotipo.png\",\"width\":160,\"height\":53,\"caption\":\"Dehispa\"},\"image\":{\"@id\":\"https:\/\/dehispa.com\/es\/#\/schema\/logo\/image\/\"},\"sameAs\":[\"https:\/\/www.facebook.com\/Dehispa.Oficial\/\"]}]}<\/script>\n<!-- \/ Yoast SEO plugin. -->","yoast_head_json":{"title":"Torre de iluminaci\u00f3n QLTS-4 Solar - The Mining and Construction Company","robots":{"index":"index","follow":"follow","max-snippet":"max-snippet:-1","max-image-preview":"max-image-preview:large","max-video-preview":"max-video-preview:-1"},"canonical":"https:\/\/dehispa.com\/es\/producto\/torre-de-iluminacion-qlts-4-solar\/","og_locale":"es_ES","og_type":"article","og_title":"Torre de iluminaci\u00f3n QLTS-4 Solar - The Mining and Construction Company","og_description":"La QLTS es flexible, requiere poco mantenimiento y ofrece una luz LED brillante y el coste ma\u0301s bajo de operacio\u0301n posible para una torre de iluminacio\u0301n","og_url":"https:\/\/dehispa.com\/es\/producto\/torre-de-iluminacion-qlts-4-solar\/","og_site_name":"The Mining and Construction Company","article_publisher":"https:\/\/www.facebook.com\/Dehispa.Oficial\/","article_modified_time":"2021-06-23T23:11:55+00:00","og_image":[{"width":1200,"height":1200,"url":"https:\/\/dehispa.com\/wp-content\/uploads\/2021\/05\/Torre-de-iluminacion-QLTS-4.jpg","type":"image\/jpeg"}],"twitter_card":"summary_large_image","schema":{"@context":"https:\/\/schema.org","@graph":[{"@type":"WebPage","@id":"https:\/\/dehispa.com\/es\/producto\/torre-de-iluminacion-qlts-4-solar\/","url":"https:\/\/dehispa.com\/es\/producto\/torre-de-iluminacion-qlts-4-solar\/","name":"Torre de iluminaci\u00f3n QLTS-4 Solar - The Mining and Construction Company","isPartOf":{"@id":"https:\/\/dehispa.com\/es\/#website"},"datePublished":"2021-05-31T09:32:14+00:00","dateModified":"2021-06-23T23:11:55+00:00","breadcrumb":{"@id":"https:\/\/dehispa.com\/es\/producto\/torre-de-iluminacion-qlts-4-solar\/#breadcrumb"},"inLanguage":"es","potentialAction":[{"@type":"ReadAction","target":["https:\/\/dehispa.com\/es\/producto\/torre-de-iluminacion-qlts-4-solar\/"]}]},{"@type":"BreadcrumbList","@id":"https:\/\/dehispa.com\/es\/producto\/torre-de-iluminacion-qlts-4-solar\/#breadcrumb","itemListElement":[{"@type":"ListItem","position":1,"name":"Portada","item":"https:\/\/dehispa.com\/es\/"},{"@type":"ListItem","position":2,"name":"Productos","item":"https:\/\/dehispa.com\/es\/productos\/"},{"@type":"ListItem","position":3,"name":"Torre de iluminaci\u00f3n QLTS-4 Solar"}]},{"@type":"WebSite","@id":"https:\/\/dehispa.com\/es\/#website","url":"https:\/\/dehispa.com\/es\/","name":"Dehispa","description":"Construcci\u00f3n, Miner\u00eda, Obra P\u00fablica e Industria","publisher":{"@id":"https:\/\/dehispa.com\/es\/#organization"},"potentialAction":[{"@type":"SearchAction","target":{"@type":"EntryPoint","urlTemplate":"https:\/\/dehispa.com\/es\/?s={search_term_string}"},"query-input":"required name=search_term_string"}],"inLanguage":"es"},{"@type":"Organization","@id":"https:\/\/dehispa.com\/es\/#organization","name":"Dehispa","url":"https:\/\/dehispa.com\/es\/","logo":{"@type":"ImageObject","inLanguage":"es","@id":"https:\/\/dehispa.com\/es\/#\/schema\/logo\/image\/","url":"https:\/\/dehispa.com\/wp-content\/uploads\/2021\/06\/logotipo.png","contentUrl":"https:\/\/dehispa.com\/wp-content\/uploads\/2021\/06\/logotipo.png","width":160,"height":53,"caption":"Dehispa"},"image":{"@id":"https:\/\/dehispa.com\/es\/#\/schema\/logo\/image\/"},"sameAs":["https:\/\/www.facebook.com\/Dehispa.Oficial\/"]}]}},"_links":{"self":[{"href":"https:\/\/dehispa.com\/es\/wp-json\/wp\/v2\/product\/3923"}],"collection":[{"href":"https:\/\/dehispa.com\/es\/wp-json\/wp\/v2\/product"}],"about":[{"href":"https:\/\/dehispa.com\/es\/wp-json\/wp\/v2\/types\/product"}],"wp:featuredmedia":[{"embeddable":true,"href":"https:\/\/dehispa.com\/es\/wp-json\/wp\/v2\/media\/3917"}],"wp:attachment":[{"href":"https:\/\/dehispa.com\/es\/wp-json\/wp\/v2\/media?parent=3923"}],"wp:term":[{"taxonomy":"product_cat","embeddable":true,"href":"https:\/\/dehispa.com\/es\/wp-json\/wp\/v2\/product_cat?post=3923"},{"taxonomy":"product_tag","embeddable":true,"href":"https:\/\/dehispa.com\/es\/wp-json\/wp\/v2\/product_tag?post=3923"}],"curies":[{"name":"wp","href":"https:\/\/api.w.org\/{rel}","templated":true}]}}