{"id":3937,"date":"2021-05-31T09:38:45","date_gmt":"2021-05-31T09:38:45","guid":{"rendered":"https:\/\/dehispa.com\/?post_type=product&#038;p=3937"},"modified":"2021-11-26T08:14:58","modified_gmt":"2021-11-26T08:14:58","slug":"estacion-total-ts16","status":"publish","type":"product","link":"https:\/\/dehispa.com\/es\/producto\/estacion-total-ts16\/","title":{"rendered":"Estaci\u00f3n total TS16"},"content":{"rendered":"<p>Descubra la primera estaci\u00f3n total del mundo con autoaprendizaje. Al adaptarse autom\u00e1ticamente a cualquier condici\u00f3n medioambiental, la Leica Viva TS16 sigue solo su prisma y nada m\u00e1s que el suyo. No importa la dificultad de la tarea o la cantidad de obstrucciones que haya en el lugar, esta estaci\u00f3n total superar\u00e1 sus expectativas.<\/p>\n<p>Cubre una amplia gama de aplicaciones, pues esta estaci\u00f3n total ve exactamente lo mismo que usted. Conocida por su \u00f3ptima capacidad de crear im\u00e1genes integrales, puede capturar las condiciones exactas de cualquier lugar de trabajo a trav\u00e9s de la capacidad de autoaprendizaje de la Viva TS16.<\/p>\n","protected":false},"excerpt":{"rendered":"<p>Descubra la primera estaci\u00f3n total del mundo con autoaprendizaje. Al adaptarse autom\u00e1ticamente a cualquier condici\u00f3n medioambiental, la Leica Viva TS16 sigue solo su prisma y nada m\u00e1s que el suyo. No importa la dificultad de la tarea o la cantidad de obstrucciones que haya en el lugar, esta estaci\u00f3n total superar\u00e1 sus expectativas. Cubre una [&hellip;]<\/p>\n","protected":false},"featured_media":3982,"template":"","meta":{"_et_pb_use_builder":"","_et_pb_old_content":"","_et_gb_content_width":""},"product_cat":[263,252,258,18,259,254],"product_tag":[226,240],"yoast_head":"<!-- This site is optimized with the Yoast SEO plugin v20.1 - https:\/\/yoast.com\/wordpress\/plugins\/seo\/ -->\n<title>Estaci\u00f3n total TS16 - The Mining and Construction Company<\/title>\n<meta name=\"robots\" content=\"index, follow, max-snippet:-1, max-image-preview:large, max-video-preview:-1\" \/>\n<link rel=\"canonical\" href=\"https:\/\/dehispa.com\/es\/producto\/estacion-total-ts16\/\" \/>\n<meta property=\"og:locale\" content=\"es_ES\" \/>\n<meta property=\"og:type\" content=\"article\" \/>\n<meta property=\"og:title\" content=\"Estaci\u00f3n total TS16 - The Mining and Construction Company\" \/>\n<meta property=\"og:description\" content=\"Descubra la primera estaci\u00f3n total del mundo con autoaprendizaje. Al adaptarse autom\u00e1ticamente a cualquier condici\u00f3n medioambiental, la Leica Viva TS16 sigue solo su prisma y nada m\u00e1s que el suyo. No importa la dificultad de la tarea o la cantidad de obstrucciones que haya en el lugar, esta estaci\u00f3n total superar\u00e1 sus expectativas. Cubre una [&hellip;]\" \/>\n<meta property=\"og:url\" content=\"https:\/\/dehispa.com\/es\/producto\/estacion-total-ts16\/\" \/>\n<meta property=\"og:site_name\" content=\"The Mining and Construction Company\" \/>\n<meta property=\"article:publisher\" content=\"https:\/\/www.facebook.com\/Dehispa.Oficial\/\" \/>\n<meta property=\"article:modified_time\" content=\"2021-11-26T08:14:58+00:00\" \/>\n<meta property=\"og:image\" content=\"https:\/\/dehispa.com\/wp-content\/uploads\/2021\/05\/Estacio\u0301n-total-TS16.jpg\" \/>\n\t<meta property=\"og:image:width\" content=\"1200\" \/>\n\t<meta property=\"og:image:height\" content=\"1200\" \/>\n\t<meta property=\"og:image:type\" content=\"image\/jpeg\" \/>\n<meta name=\"twitter:card\" content=\"summary_large_image\" \/>\n<meta name=\"twitter:label1\" content=\"Tiempo de lectura\" \/>\n\t<meta name=\"twitter:data1\" content=\"1 minuto\" \/>\n<script type=\"application\/ld+json\" class=\"yoast-schema-graph\">{\"@context\":\"https:\/\/schema.org\",\"@graph\":[{\"@type\":\"WebPage\",\"@id\":\"https:\/\/dehispa.com\/es\/producto\/estacion-total-ts16\/\",\"url\":\"https:\/\/dehispa.com\/es\/producto\/estacion-total-ts16\/\",\"name\":\"Estaci\u00f3n total TS16 - The Mining and Construction Company\",\"isPartOf\":{\"@id\":\"https:\/\/dehispa.com\/es\/#website\"},\"datePublished\":\"2021-05-31T09:38:45+00:00\",\"dateModified\":\"2021-11-26T08:14:58+00:00\",\"breadcrumb\":{\"@id\":\"https:\/\/dehispa.com\/es\/producto\/estacion-total-ts16\/#breadcrumb\"},\"inLanguage\":\"es\",\"potentialAction\":[{\"@type\":\"ReadAction\",\"target\":[\"https:\/\/dehispa.com\/es\/producto\/estacion-total-ts16\/\"]}]},{\"@type\":\"BreadcrumbList\",\"@id\":\"https:\/\/dehispa.com\/es\/producto\/estacion-total-ts16\/#breadcrumb\",\"itemListElement\":[{\"@type\":\"ListItem\",\"position\":1,\"name\":\"Portada\",\"item\":\"https:\/\/dehispa.com\/es\/\"},{\"@type\":\"ListItem\",\"position\":2,\"name\":\"Productos\",\"item\":\"https:\/\/dehispa.com\/es\/productos\/\"},{\"@type\":\"ListItem\",\"position\":3,\"name\":\"Estaci\u00f3n total TS16\"}]},{\"@type\":\"WebSite\",\"@id\":\"https:\/\/dehispa.com\/es\/#website\",\"url\":\"https:\/\/dehispa.com\/es\/\",\"name\":\"Dehispa\",\"description\":\"Construcci\u00f3n, Miner\u00eda, Obra P\u00fablica e Industria\",\"publisher\":{\"@id\":\"https:\/\/dehispa.com\/es\/#organization\"},\"potentialAction\":[{\"@type\":\"SearchAction\",\"target\":{\"@type\":\"EntryPoint\",\"urlTemplate\":\"https:\/\/dehispa.com\/es\/?s={search_term_string}\"},\"query-input\":\"required name=search_term_string\"}],\"inLanguage\":\"es\"},{\"@type\":\"Organization\",\"@id\":\"https:\/\/dehispa.com\/es\/#organization\",\"name\":\"Dehispa\",\"url\":\"https:\/\/dehispa.com\/es\/\",\"logo\":{\"@type\":\"ImageObject\",\"inLanguage\":\"es\",\"@id\":\"https:\/\/dehispa.com\/es\/#\/schema\/logo\/image\/\",\"url\":\"https:\/\/dehispa.com\/wp-content\/uploads\/2021\/06\/logotipo.png\",\"contentUrl\":\"https:\/\/dehispa.com\/wp-content\/uploads\/2021\/06\/logotipo.png\",\"width\":160,\"height\":53,\"caption\":\"Dehispa\"},\"image\":{\"@id\":\"https:\/\/dehispa.com\/es\/#\/schema\/logo\/image\/\"},\"sameAs\":[\"https:\/\/www.facebook.com\/Dehispa.Oficial\/\"]}]}<\/script>\n<!-- \/ Yoast SEO plugin. -->","yoast_head_json":{"title":"Estaci\u00f3n total TS16 - The Mining and Construction Company","robots":{"index":"index","follow":"follow","max-snippet":"max-snippet:-1","max-image-preview":"max-image-preview:large","max-video-preview":"max-video-preview:-1"},"canonical":"https:\/\/dehispa.com\/es\/producto\/estacion-total-ts16\/","og_locale":"es_ES","og_type":"article","og_title":"Estaci\u00f3n total TS16 - The Mining and Construction Company","og_description":"Descubra la primera estaci\u00f3n total del mundo con autoaprendizaje. Al adaptarse autom\u00e1ticamente a cualquier condici\u00f3n medioambiental, la Leica Viva TS16 sigue solo su prisma y nada m\u00e1s que el suyo. No importa la dificultad de la tarea o la cantidad de obstrucciones que haya en el lugar, esta estaci\u00f3n total superar\u00e1 sus expectativas. Cubre una [&hellip;]","og_url":"https:\/\/dehispa.com\/es\/producto\/estacion-total-ts16\/","og_site_name":"The Mining and Construction Company","article_publisher":"https:\/\/www.facebook.com\/Dehispa.Oficial\/","article_modified_time":"2021-11-26T08:14:58+00:00","og_image":[{"width":1200,"height":1200,"url":"https:\/\/dehispa.com\/wp-content\/uploads\/2021\/05\/Estacio\u0301n-total-TS16.jpg","type":"image\/jpeg"}],"twitter_card":"summary_large_image","twitter_misc":{"Tiempo de lectura":"1 minuto"},"schema":{"@context":"https:\/\/schema.org","@graph":[{"@type":"WebPage","@id":"https:\/\/dehispa.com\/es\/producto\/estacion-total-ts16\/","url":"https:\/\/dehispa.com\/es\/producto\/estacion-total-ts16\/","name":"Estaci\u00f3n total TS16 - The Mining and Construction Company","isPartOf":{"@id":"https:\/\/dehispa.com\/es\/#website"},"datePublished":"2021-05-31T09:38:45+00:00","dateModified":"2021-11-26T08:14:58+00:00","breadcrumb":{"@id":"https:\/\/dehispa.com\/es\/producto\/estacion-total-ts16\/#breadcrumb"},"inLanguage":"es","potentialAction":[{"@type":"ReadAction","target":["https:\/\/dehispa.com\/es\/producto\/estacion-total-ts16\/"]}]},{"@type":"BreadcrumbList","@id":"https:\/\/dehispa.com\/es\/producto\/estacion-total-ts16\/#breadcrumb","itemListElement":[{"@type":"ListItem","position":1,"name":"Portada","item":"https:\/\/dehispa.com\/es\/"},{"@type":"ListItem","position":2,"name":"Productos","item":"https:\/\/dehispa.com\/es\/productos\/"},{"@type":"ListItem","position":3,"name":"Estaci\u00f3n total TS16"}]},{"@type":"WebSite","@id":"https:\/\/dehispa.com\/es\/#website","url":"https:\/\/dehispa.com\/es\/","name":"Dehispa","description":"Construcci\u00f3n, Miner\u00eda, Obra P\u00fablica e Industria","publisher":{"@id":"https:\/\/dehispa.com\/es\/#organization"},"potentialAction":[{"@type":"SearchAction","target":{"@type":"EntryPoint","urlTemplate":"https:\/\/dehispa.com\/es\/?s={search_term_string}"},"query-input":"required name=search_term_string"}],"inLanguage":"es"},{"@type":"Organization","@id":"https:\/\/dehispa.com\/es\/#organization","name":"Dehispa","url":"https:\/\/dehispa.com\/es\/","logo":{"@type":"ImageObject","inLanguage":"es","@id":"https:\/\/dehispa.com\/es\/#\/schema\/logo\/image\/","url":"https:\/\/dehispa.com\/wp-content\/uploads\/2021\/06\/logotipo.png","contentUrl":"https:\/\/dehispa.com\/wp-content\/uploads\/2021\/06\/logotipo.png","width":160,"height":53,"caption":"Dehispa"},"image":{"@id":"https:\/\/dehispa.com\/es\/#\/schema\/logo\/image\/"},"sameAs":["https:\/\/www.facebook.com\/Dehispa.Oficial\/"]}]}},"_links":{"self":[{"href":"https:\/\/dehispa.com\/es\/wp-json\/wp\/v2\/product\/3937"}],"collection":[{"href":"https:\/\/dehispa.com\/es\/wp-json\/wp\/v2\/product"}],"about":[{"href":"https:\/\/dehispa.com\/es\/wp-json\/wp\/v2\/types\/product"}],"wp:featuredmedia":[{"embeddable":true,"href":"https:\/\/dehispa.com\/es\/wp-json\/wp\/v2\/media\/3982"}],"wp:attachment":[{"href":"https:\/\/dehispa.com\/es\/wp-json\/wp\/v2\/media?parent=3937"}],"wp:term":[{"taxonomy":"product_cat","embeddable":true,"href":"https:\/\/dehispa.com\/es\/wp-json\/wp\/v2\/product_cat?post=3937"},{"taxonomy":"product_tag","embeddable":true,"href":"https:\/\/dehispa.com\/es\/wp-json\/wp\/v2\/product_tag?post=3937"}],"curies":[{"name":"wp","href":"https:\/\/api.w.org\/{rel}","templated":true}]}}