{"id":3952,"date":"2021-05-31T09:50:41","date_gmt":"2021-05-31T09:50:41","guid":{"rendered":"https:\/\/dehispa.com\/?post_type=product&#038;p=3952"},"modified":"2021-07-07T11:56:15","modified_gmt":"2021-07-07T11:56:15","slug":"sensor-de-nivel-de-combustible-omnicomm-lss4","status":"publish","type":"product","link":"https:\/\/dehispa.com\/es\/producto\/sensor-de-nivel-de-combustible-omnicomm-lss4\/","title":{"rendered":"Sensor de nivel de combustible Omnicomm LSS4"},"content":{"rendered":"<p>El nuevo Omnicomm LLS 4 es extremadamente resistente, preciso y confiable, con una mayor protecci\u00f3n integral, incluso contra interferencias electrost\u00e1ticas, electromagn\u00e9ticas y conducidas.<\/p>\n<p>El cabezal del sensor est\u00e1 dise\u00f1ado para mejorar la resistencia a los golpes, mientras que su tama\u00f1o compacto facilita la instalaci\u00f3n incluso en unidades muy cerca del tanque de combustible. La nueva ranura mejorada para la conexi\u00f3n de los cables sobremoldeada es ultra resistente a la humedad y brinda protecci\u00f3n incluso cuando se la somete a lavados con alta presi\u00f3n.<\/p>\n<p>El LLS 4 tiene un \u00edndice de protecci\u00f3n de ingreso mejorado del IP-69K.<\/p>\n","protected":false},"excerpt":{"rendered":"<p>El LLS 4 tiene un \u00edndice de protecci\u00f3n de ingreso mejorado del IP-69K.<\/p>\n","protected":false},"featured_media":238682,"template":"","meta":{"_et_pb_use_builder":"","_et_pb_old_content":"","_et_gb_content_width":""},"product_cat":[260,258,19,257],"product_tag":[242,226],"yoast_head":"<!-- This site is optimized with the Yoast SEO plugin v20.1 - https:\/\/yoast.com\/wordpress\/plugins\/seo\/ -->\n<title>Sensor de nivel de combustible Omnicomm LSS4 - The Mining and Construction Company<\/title>\n<meta name=\"robots\" content=\"index, follow, max-snippet:-1, max-image-preview:large, max-video-preview:-1\" \/>\n<link rel=\"canonical\" href=\"https:\/\/dehispa.com\/es\/producto\/sensor-de-nivel-de-combustible-omnicomm-lss4\/\" \/>\n<meta property=\"og:locale\" content=\"es_ES\" \/>\n<meta property=\"og:type\" content=\"article\" \/>\n<meta property=\"og:title\" content=\"Sensor de nivel de combustible Omnicomm LSS4 - The Mining and Construction Company\" \/>\n<meta property=\"og:description\" content=\"El LLS 4 tiene un \u00edndice de protecci\u00f3n de ingreso mejorado del IP-69K.\" \/>\n<meta property=\"og:url\" content=\"https:\/\/dehispa.com\/es\/producto\/sensor-de-nivel-de-combustible-omnicomm-lss4\/\" \/>\n<meta property=\"og:site_name\" content=\"The Mining and Construction Company\" \/>\n<meta property=\"article:publisher\" content=\"https:\/\/www.facebook.com\/Dehispa.Oficial\/\" \/>\n<meta property=\"article:modified_time\" content=\"2021-07-07T11:56:15+00:00\" \/>\n<meta property=\"og:image\" content=\"https:\/\/dehispa.com\/wp-content\/uploads\/2021\/05\/Sensor-de-nivel-de-combustible-Omnicomm-LSS4.jpg\" \/>\n\t<meta property=\"og:image:width\" content=\"1200\" \/>\n\t<meta property=\"og:image:height\" content=\"1200\" \/>\n\t<meta property=\"og:image:type\" content=\"image\/jpeg\" \/>\n<meta name=\"twitter:card\" content=\"summary_large_image\" \/>\n<meta name=\"twitter:label1\" content=\"Tiempo de lectura\" \/>\n\t<meta name=\"twitter:data1\" content=\"1 minuto\" \/>\n<script type=\"application\/ld+json\" class=\"yoast-schema-graph\">{\"@context\":\"https:\/\/schema.org\",\"@graph\":[{\"@type\":\"WebPage\",\"@id\":\"https:\/\/dehispa.com\/es\/producto\/sensor-de-nivel-de-combustible-omnicomm-lss4\/\",\"url\":\"https:\/\/dehispa.com\/es\/producto\/sensor-de-nivel-de-combustible-omnicomm-lss4\/\",\"name\":\"Sensor de nivel de combustible Omnicomm LSS4 - The Mining and Construction Company\",\"isPartOf\":{\"@id\":\"https:\/\/dehispa.com\/es\/#website\"},\"datePublished\":\"2021-05-31T09:50:41+00:00\",\"dateModified\":\"2021-07-07T11:56:15+00:00\",\"breadcrumb\":{\"@id\":\"https:\/\/dehispa.com\/es\/producto\/sensor-de-nivel-de-combustible-omnicomm-lss4\/#breadcrumb\"},\"inLanguage\":\"es\",\"potentialAction\":[{\"@type\":\"ReadAction\",\"target\":[\"https:\/\/dehispa.com\/es\/producto\/sensor-de-nivel-de-combustible-omnicomm-lss4\/\"]}]},{\"@type\":\"BreadcrumbList\",\"@id\":\"https:\/\/dehispa.com\/es\/producto\/sensor-de-nivel-de-combustible-omnicomm-lss4\/#breadcrumb\",\"itemListElement\":[{\"@type\":\"ListItem\",\"position\":1,\"name\":\"Portada\",\"item\":\"https:\/\/dehispa.com\/es\/\"},{\"@type\":\"ListItem\",\"position\":2,\"name\":\"Productos\",\"item\":\"https:\/\/dehispa.com\/es\/productos\/\"},{\"@type\":\"ListItem\",\"position\":3,\"name\":\"Sensor de nivel de combustible Omnicomm LSS4\"}]},{\"@type\":\"WebSite\",\"@id\":\"https:\/\/dehispa.com\/es\/#website\",\"url\":\"https:\/\/dehispa.com\/es\/\",\"name\":\"Dehispa\",\"description\":\"Construcci\u00f3n, Miner\u00eda, Obra P\u00fablica e Industria\",\"publisher\":{\"@id\":\"https:\/\/dehispa.com\/es\/#organization\"},\"potentialAction\":[{\"@type\":\"SearchAction\",\"target\":{\"@type\":\"EntryPoint\",\"urlTemplate\":\"https:\/\/dehispa.com\/es\/?s={search_term_string}\"},\"query-input\":\"required name=search_term_string\"}],\"inLanguage\":\"es\"},{\"@type\":\"Organization\",\"@id\":\"https:\/\/dehispa.com\/es\/#organization\",\"name\":\"Dehispa\",\"url\":\"https:\/\/dehispa.com\/es\/\",\"logo\":{\"@type\":\"ImageObject\",\"inLanguage\":\"es\",\"@id\":\"https:\/\/dehispa.com\/es\/#\/schema\/logo\/image\/\",\"url\":\"https:\/\/dehispa.com\/wp-content\/uploads\/2021\/06\/logotipo.png\",\"contentUrl\":\"https:\/\/dehispa.com\/wp-content\/uploads\/2021\/06\/logotipo.png\",\"width\":160,\"height\":53,\"caption\":\"Dehispa\"},\"image\":{\"@id\":\"https:\/\/dehispa.com\/es\/#\/schema\/logo\/image\/\"},\"sameAs\":[\"https:\/\/www.facebook.com\/Dehispa.Oficial\/\"]}]}<\/script>\n<!-- \/ Yoast SEO plugin. -->","yoast_head_json":{"title":"Sensor de nivel de combustible Omnicomm LSS4 - The Mining and Construction Company","robots":{"index":"index","follow":"follow","max-snippet":"max-snippet:-1","max-image-preview":"max-image-preview:large","max-video-preview":"max-video-preview:-1"},"canonical":"https:\/\/dehispa.com\/es\/producto\/sensor-de-nivel-de-combustible-omnicomm-lss4\/","og_locale":"es_ES","og_type":"article","og_title":"Sensor de nivel de combustible Omnicomm LSS4 - The Mining and Construction Company","og_description":"El LLS 4 tiene un \u00edndice de protecci\u00f3n de ingreso mejorado del IP-69K.","og_url":"https:\/\/dehispa.com\/es\/producto\/sensor-de-nivel-de-combustible-omnicomm-lss4\/","og_site_name":"The Mining and Construction Company","article_publisher":"https:\/\/www.facebook.com\/Dehispa.Oficial\/","article_modified_time":"2021-07-07T11:56:15+00:00","og_image":[{"width":1200,"height":1200,"url":"https:\/\/dehispa.com\/wp-content\/uploads\/2021\/05\/Sensor-de-nivel-de-combustible-Omnicomm-LSS4.jpg","type":"image\/jpeg"}],"twitter_card":"summary_large_image","twitter_misc":{"Tiempo de lectura":"1 minuto"},"schema":{"@context":"https:\/\/schema.org","@graph":[{"@type":"WebPage","@id":"https:\/\/dehispa.com\/es\/producto\/sensor-de-nivel-de-combustible-omnicomm-lss4\/","url":"https:\/\/dehispa.com\/es\/producto\/sensor-de-nivel-de-combustible-omnicomm-lss4\/","name":"Sensor de nivel de combustible Omnicomm LSS4 - The Mining and Construction Company","isPartOf":{"@id":"https:\/\/dehispa.com\/es\/#website"},"datePublished":"2021-05-31T09:50:41+00:00","dateModified":"2021-07-07T11:56:15+00:00","breadcrumb":{"@id":"https:\/\/dehispa.com\/es\/producto\/sensor-de-nivel-de-combustible-omnicomm-lss4\/#breadcrumb"},"inLanguage":"es","potentialAction":[{"@type":"ReadAction","target":["https:\/\/dehispa.com\/es\/producto\/sensor-de-nivel-de-combustible-omnicomm-lss4\/"]}]},{"@type":"BreadcrumbList","@id":"https:\/\/dehispa.com\/es\/producto\/sensor-de-nivel-de-combustible-omnicomm-lss4\/#breadcrumb","itemListElement":[{"@type":"ListItem","position":1,"name":"Portada","item":"https:\/\/dehispa.com\/es\/"},{"@type":"ListItem","position":2,"name":"Productos","item":"https:\/\/dehispa.com\/es\/productos\/"},{"@type":"ListItem","position":3,"name":"Sensor de nivel de combustible Omnicomm LSS4"}]},{"@type":"WebSite","@id":"https:\/\/dehispa.com\/es\/#website","url":"https:\/\/dehispa.com\/es\/","name":"Dehispa","description":"Construcci\u00f3n, Miner\u00eda, Obra P\u00fablica e Industria","publisher":{"@id":"https:\/\/dehispa.com\/es\/#organization"},"potentialAction":[{"@type":"SearchAction","target":{"@type":"EntryPoint","urlTemplate":"https:\/\/dehispa.com\/es\/?s={search_term_string}"},"query-input":"required name=search_term_string"}],"inLanguage":"es"},{"@type":"Organization","@id":"https:\/\/dehispa.com\/es\/#organization","name":"Dehispa","url":"https:\/\/dehispa.com\/es\/","logo":{"@type":"ImageObject","inLanguage":"es","@id":"https:\/\/dehispa.com\/es\/#\/schema\/logo\/image\/","url":"https:\/\/dehispa.com\/wp-content\/uploads\/2021\/06\/logotipo.png","contentUrl":"https:\/\/dehispa.com\/wp-content\/uploads\/2021\/06\/logotipo.png","width":160,"height":53,"caption":"Dehispa"},"image":{"@id":"https:\/\/dehispa.com\/es\/#\/schema\/logo\/image\/"},"sameAs":["https:\/\/www.facebook.com\/Dehispa.Oficial\/"]}]}},"_links":{"self":[{"href":"https:\/\/dehispa.com\/es\/wp-json\/wp\/v2\/product\/3952"}],"collection":[{"href":"https:\/\/dehispa.com\/es\/wp-json\/wp\/v2\/product"}],"about":[{"href":"https:\/\/dehispa.com\/es\/wp-json\/wp\/v2\/types\/product"}],"wp:featuredmedia":[{"embeddable":true,"href":"https:\/\/dehispa.com\/es\/wp-json\/wp\/v2\/media\/238682"}],"wp:attachment":[{"href":"https:\/\/dehispa.com\/es\/wp-json\/wp\/v2\/media?parent=3952"}],"wp:term":[{"taxonomy":"product_cat","embeddable":true,"href":"https:\/\/dehispa.com\/es\/wp-json\/wp\/v2\/product_cat?post=3952"},{"taxonomy":"product_tag","embeddable":true,"href":"https:\/\/dehispa.com\/es\/wp-json\/wp\/v2\/product_tag?post=3952"}],"curies":[{"name":"wp","href":"https:\/\/api.w.org\/{rel}","templated":true}]}}