{"id":3972,"date":"2021-05-31T09:55:56","date_gmt":"2021-05-31T09:55:56","guid":{"rendered":"https:\/\/dehispa.com\/?post_type=product&#038;p=3972"},"modified":"2021-07-07T11:57:59","modified_gmt":"2021-07-07T11:57:59","slug":"transmobil-tm","status":"publish","type":"product","link":"https:\/\/dehispa.com\/es\/producto\/transmobil-tm\/","title":{"rendered":"TRANSMOBIL TM"},"content":{"rendered":"<p>Una m\u00e1quina universal compacta: transporte y manipulaci\u00f3n de material de construcci\u00f3n paletizado e instalaci\u00f3n al vac\u00edo, todo en uno. Con un peso muerto de aprox. Solo 1.300 kg (2.850 Ibs), el transporte se realiza f\u00e1cilmente con un remolque est\u00e1ndar. La potente unidad de colocaci\u00f3n por vac\u00edo permite la instalaci\u00f3n inmediata de elementos de construcci\u00f3n pesados, sin esfuerzo y sin esfuerzo f\u00edsico.<br \/>\nLa unidad de elevaci\u00f3n est\u00e1 equipada con 2 p\u00faas de horquilla. Longitud de trabajo 1.090 mm (43 \u201d), ajustable horizontalmente. Altura de elevaci\u00f3n de la unidad de elevaci\u00f3n 340 mm (131\/2 \u201d), capacidad de elevaci\u00f3n 1.500 kg (3.300 Ibs).<br \/>\nPara un ancho m\u00e1ximo de paleta de 1.300 mm (51 \u201d).<br \/>\nDimensiones: Ancho total 1.910 mm (75 \u201d). Altura total en posici\u00f3n de transporte 2.280 mm (90 \u201d). Longitud total en posici\u00f3n de transporte 2.300 mm (91 \u201d).<br \/>\nOfrecemos dos modelos:<br \/>\nTM-150-DA-XL: con motor diesel Hatz Silent Pack insonorizado.<br \/>\nTM-150-DA-SILENT-XL: con motor diesel Hatz Silent Pack insonorizado con medidas adicionales de insonorizaci\u00f3n. Emisi\u00f3n de ruido <80 dB.\nAmbos modelos est\u00e1n equipados con alineaci\u00f3n electr\u00f3nica de la pluma completamente autom\u00e1tica, lo que hace que el trabajo sea a\u00fan m\u00e1s r\u00e1pido y particularmente f\u00e1cil de usar. Colocaci\u00f3n de elementos de colocaci\u00f3n sin esfuerzo f\u00edsico.\n<\/p>\n","protected":false},"excerpt":{"rendered":"<p>Colocaci\u00f3n de elementos de colocaci\u00f3n sin esfuerzo f\u00edsico.<\/p>\n","protected":false},"featured_media":238683,"template":"","meta":{"_et_pb_use_builder":"","_et_pb_old_content":"","_et_gb_content_width":""},"product_cat":[258,223],"product_tag":[226],"yoast_head":"<!-- This site is optimized with the Yoast SEO plugin v20.1 - https:\/\/yoast.com\/wordpress\/plugins\/seo\/ -->\n<title>TRANSMOBIL TM - The Mining and Construction Company<\/title>\n<meta name=\"robots\" content=\"index, follow, max-snippet:-1, max-image-preview:large, max-video-preview:-1\" \/>\n<link rel=\"canonical\" href=\"https:\/\/dehispa.com\/es\/producto\/transmobil-tm\/\" \/>\n<meta property=\"og:locale\" content=\"es_ES\" \/>\n<meta property=\"og:type\" content=\"article\" \/>\n<meta property=\"og:title\" content=\"TRANSMOBIL TM - The Mining and Construction Company\" \/>\n<meta property=\"og:description\" content=\"Colocaci\u00f3n de elementos de colocaci\u00f3n sin esfuerzo f\u00edsico.\" \/>\n<meta property=\"og:url\" content=\"https:\/\/dehispa.com\/es\/producto\/transmobil-tm\/\" \/>\n<meta property=\"og:site_name\" content=\"The Mining and Construction Company\" \/>\n<meta property=\"article:publisher\" content=\"https:\/\/www.facebook.com\/Dehispa.Oficial\/\" \/>\n<meta property=\"article:modified_time\" content=\"2021-07-07T11:57:59+00:00\" \/>\n<meta property=\"og:image\" content=\"https:\/\/dehispa.com\/wp-content\/uploads\/2021\/05\/TRANSMOBIL-TM.jpg\" \/>\n\t<meta property=\"og:image:width\" content=\"1200\" \/>\n\t<meta property=\"og:image:height\" content=\"1200\" \/>\n\t<meta property=\"og:image:type\" content=\"image\/jpeg\" \/>\n<meta name=\"twitter:card\" content=\"summary_large_image\" \/>\n<meta name=\"twitter:label1\" content=\"Tiempo de lectura\" \/>\n\t<meta name=\"twitter:data1\" content=\"1 minuto\" \/>\n<script type=\"application\/ld+json\" class=\"yoast-schema-graph\">{\"@context\":\"https:\/\/schema.org\",\"@graph\":[{\"@type\":\"WebPage\",\"@id\":\"https:\/\/dehispa.com\/es\/producto\/transmobil-tm\/\",\"url\":\"https:\/\/dehispa.com\/es\/producto\/transmobil-tm\/\",\"name\":\"TRANSMOBIL TM - The Mining and Construction Company\",\"isPartOf\":{\"@id\":\"https:\/\/dehispa.com\/es\/#website\"},\"datePublished\":\"2021-05-31T09:55:56+00:00\",\"dateModified\":\"2021-07-07T11:57:59+00:00\",\"breadcrumb\":{\"@id\":\"https:\/\/dehispa.com\/es\/producto\/transmobil-tm\/#breadcrumb\"},\"inLanguage\":\"es\",\"potentialAction\":[{\"@type\":\"ReadAction\",\"target\":[\"https:\/\/dehispa.com\/es\/producto\/transmobil-tm\/\"]}]},{\"@type\":\"BreadcrumbList\",\"@id\":\"https:\/\/dehispa.com\/es\/producto\/transmobil-tm\/#breadcrumb\",\"itemListElement\":[{\"@type\":\"ListItem\",\"position\":1,\"name\":\"Portada\",\"item\":\"https:\/\/dehispa.com\/es\/\"},{\"@type\":\"ListItem\",\"position\":2,\"name\":\"Productos\",\"item\":\"https:\/\/dehispa.com\/es\/productos\/\"},{\"@type\":\"ListItem\",\"position\":3,\"name\":\"TRANSMOBIL TM\"}]},{\"@type\":\"WebSite\",\"@id\":\"https:\/\/dehispa.com\/es\/#website\",\"url\":\"https:\/\/dehispa.com\/es\/\",\"name\":\"Dehispa\",\"description\":\"Construcci\u00f3n, Miner\u00eda, Obra P\u00fablica e Industria\",\"publisher\":{\"@id\":\"https:\/\/dehispa.com\/es\/#organization\"},\"potentialAction\":[{\"@type\":\"SearchAction\",\"target\":{\"@type\":\"EntryPoint\",\"urlTemplate\":\"https:\/\/dehispa.com\/es\/?s={search_term_string}\"},\"query-input\":\"required name=search_term_string\"}],\"inLanguage\":\"es\"},{\"@type\":\"Organization\",\"@id\":\"https:\/\/dehispa.com\/es\/#organization\",\"name\":\"Dehispa\",\"url\":\"https:\/\/dehispa.com\/es\/\",\"logo\":{\"@type\":\"ImageObject\",\"inLanguage\":\"es\",\"@id\":\"https:\/\/dehispa.com\/es\/#\/schema\/logo\/image\/\",\"url\":\"https:\/\/dehispa.com\/wp-content\/uploads\/2021\/06\/logotipo.png\",\"contentUrl\":\"https:\/\/dehispa.com\/wp-content\/uploads\/2021\/06\/logotipo.png\",\"width\":160,\"height\":53,\"caption\":\"Dehispa\"},\"image\":{\"@id\":\"https:\/\/dehispa.com\/es\/#\/schema\/logo\/image\/\"},\"sameAs\":[\"https:\/\/www.facebook.com\/Dehispa.Oficial\/\"]}]}<\/script>\n<!-- \/ Yoast SEO plugin. -->","yoast_head_json":{"title":"TRANSMOBIL TM - The Mining and Construction Company","robots":{"index":"index","follow":"follow","max-snippet":"max-snippet:-1","max-image-preview":"max-image-preview:large","max-video-preview":"max-video-preview:-1"},"canonical":"https:\/\/dehispa.com\/es\/producto\/transmobil-tm\/","og_locale":"es_ES","og_type":"article","og_title":"TRANSMOBIL TM - The Mining and Construction Company","og_description":"Colocaci\u00f3n de elementos de colocaci\u00f3n sin esfuerzo f\u00edsico.","og_url":"https:\/\/dehispa.com\/es\/producto\/transmobil-tm\/","og_site_name":"The Mining and Construction Company","article_publisher":"https:\/\/www.facebook.com\/Dehispa.Oficial\/","article_modified_time":"2021-07-07T11:57:59+00:00","og_image":[{"width":1200,"height":1200,"url":"https:\/\/dehispa.com\/wp-content\/uploads\/2021\/05\/TRANSMOBIL-TM.jpg","type":"image\/jpeg"}],"twitter_card":"summary_large_image","twitter_misc":{"Tiempo de lectura":"1 minuto"},"schema":{"@context":"https:\/\/schema.org","@graph":[{"@type":"WebPage","@id":"https:\/\/dehispa.com\/es\/producto\/transmobil-tm\/","url":"https:\/\/dehispa.com\/es\/producto\/transmobil-tm\/","name":"TRANSMOBIL TM - The Mining and Construction Company","isPartOf":{"@id":"https:\/\/dehispa.com\/es\/#website"},"datePublished":"2021-05-31T09:55:56+00:00","dateModified":"2021-07-07T11:57:59+00:00","breadcrumb":{"@id":"https:\/\/dehispa.com\/es\/producto\/transmobil-tm\/#breadcrumb"},"inLanguage":"es","potentialAction":[{"@type":"ReadAction","target":["https:\/\/dehispa.com\/es\/producto\/transmobil-tm\/"]}]},{"@type":"BreadcrumbList","@id":"https:\/\/dehispa.com\/es\/producto\/transmobil-tm\/#breadcrumb","itemListElement":[{"@type":"ListItem","position":1,"name":"Portada","item":"https:\/\/dehispa.com\/es\/"},{"@type":"ListItem","position":2,"name":"Productos","item":"https:\/\/dehispa.com\/es\/productos\/"},{"@type":"ListItem","position":3,"name":"TRANSMOBIL TM"}]},{"@type":"WebSite","@id":"https:\/\/dehispa.com\/es\/#website","url":"https:\/\/dehispa.com\/es\/","name":"Dehispa","description":"Construcci\u00f3n, Miner\u00eda, Obra P\u00fablica e Industria","publisher":{"@id":"https:\/\/dehispa.com\/es\/#organization"},"potentialAction":[{"@type":"SearchAction","target":{"@type":"EntryPoint","urlTemplate":"https:\/\/dehispa.com\/es\/?s={search_term_string}"},"query-input":"required name=search_term_string"}],"inLanguage":"es"},{"@type":"Organization","@id":"https:\/\/dehispa.com\/es\/#organization","name":"Dehispa","url":"https:\/\/dehispa.com\/es\/","logo":{"@type":"ImageObject","inLanguage":"es","@id":"https:\/\/dehispa.com\/es\/#\/schema\/logo\/image\/","url":"https:\/\/dehispa.com\/wp-content\/uploads\/2021\/06\/logotipo.png","contentUrl":"https:\/\/dehispa.com\/wp-content\/uploads\/2021\/06\/logotipo.png","width":160,"height":53,"caption":"Dehispa"},"image":{"@id":"https:\/\/dehispa.com\/es\/#\/schema\/logo\/image\/"},"sameAs":["https:\/\/www.facebook.com\/Dehispa.Oficial\/"]}]}},"_links":{"self":[{"href":"https:\/\/dehispa.com\/es\/wp-json\/wp\/v2\/product\/3972"}],"collection":[{"href":"https:\/\/dehispa.com\/es\/wp-json\/wp\/v2\/product"}],"about":[{"href":"https:\/\/dehispa.com\/es\/wp-json\/wp\/v2\/types\/product"}],"wp:featuredmedia":[{"embeddable":true,"href":"https:\/\/dehispa.com\/es\/wp-json\/wp\/v2\/media\/238683"}],"wp:attachment":[{"href":"https:\/\/dehispa.com\/es\/wp-json\/wp\/v2\/media?parent=3972"}],"wp:term":[{"taxonomy":"product_cat","embeddable":true,"href":"https:\/\/dehispa.com\/es\/wp-json\/wp\/v2\/product_cat?post=3972"},{"taxonomy":"product_tag","embeddable":true,"href":"https:\/\/dehispa.com\/es\/wp-json\/wp\/v2\/product_tag?post=3972"}],"curies":[{"name":"wp","href":"https:\/\/api.w.org\/{rel}","templated":true}]}}